{"id":17932,"date":"2025-03-19T15:48:57","date_gmt":"2025-03-19T14:48:57","guid":{"rendered":"https:\/\/gotoclient.com\/?page_id=17932"},"modified":"2025-03-19T16:09:16","modified_gmt":"2025-03-19T15:09:16","slug":"gotoclients-15th-anniversary","status":"publish","type":"page","link":"https:\/\/gotoclient.com\/ca\/gotoclients-15th-anniversary\/","title":{"rendered":"Gotoclient&#8217;s 15th Anniversary"},"content":{"rendered":"\n<h1 class=\"wp-block-heading has-text-align-center has-black-color has-text-color has-x-large-font-size\" id=\"h-gotoclient-celebra-15-anys-d-innovacio-i-creixement\"><strong>Gotoclient Celebra 15 Anys d\u2019Innovaci\u00f3 i Creixement<\/strong><\/h1>\n\n\n\n<div style=\"height:100px\" aria-hidden=\"true\" class=\"wp-block-spacer\"><\/div>\n\n\n\n<hr class=\"wp-block-separator has-alpha-channel-opacity\"\/>\n\n\n\n<div style=\"height:72px\" aria-hidden=\"true\" class=\"wp-block-spacer\"><\/div>\n\n\n\n<p class=\"has-large-font-size\"><strong>15 Anys Impulsant l\u2019\u00c8xit en el M\u00e0rqueting B2B<\/strong><\/p>\n\n\n\n<div style=\"height:49px\" aria-hidden=\"true\" class=\"wp-block-spacer\"><\/div>\n\n\n\n<h2 class=\"wp-block-heading has-text-align-left has-gray-color has-text-color has-medium-font-size\" id=\"h-el-2025-gotoclient-celebra-amb-orgull-15-anys-oferint-solucions-innovadores-de-marqueting-b2b-a-les-principals-marques-internacionals-des-de-la-nostra-fundacio-el-2009-ens-hem-convertit-en-un-soci-de-confianca-per-a-empreses-que-volen-generar-demanda-captar-leads-i-optimitzar-la-seva-presencia-digital-des-de-google-ads-i-linkedin-ads-fins-a-partner-enablement-i-generacio-de-demanda-la-nostra-experiencia-ha-ajudat-empreses-de-multiples-sectors-a-creixer-innovar-i-obtenir-resultats-mesurables\">El 2025, Gotoclient celebra amb orgull <strong>15 anys oferint solucions innovadores de m\u00e0rqueting B2B<\/strong> a les principals marques internacionals. Des de la nostra fundaci\u00f3 el 2009, ens hem convertit en un <strong>soci de confian\u00e7a<\/strong> per a empreses que volen generar demanda, captar leads i optimitzar la seva pres\u00e8ncia digital.<br><br>Des de <strong>Google Ads i LinkedIn Ads<\/strong> fins a <strong>partner enablement i generaci\u00f3 de demanda<\/strong>, la nostra experi\u00e8ncia ha ajudat empreses de m\u00faltiples sectors a <strong>cr\u00e9ixer, innovar i obtenir resultats mesurables<\/strong>.<\/h2>\n\n\n\n<div style=\"height:47px\" aria-hidden=\"true\" class=\"wp-block-spacer\"><\/div>\n\n\n\n<hr class=\"wp-block-separator has-alpha-channel-opacity\"\/>\n\n\n\n<div style=\"height:34px\" aria-hidden=\"true\" class=\"wp-block-spacer\"><\/div>\n\n\n\n<h2 class=\"wp-block-heading has-large-font-size\" id=\"h-el-nostre-cami-de-startup-a-referent-en-la-industria\"><strong>El Nostre Cam\u00ed: De Startup a Referent en la Ind\u00fastria<\/strong><\/h2>\n\n\n\n<div style=\"height:40px\" aria-hidden=\"true\" class=\"wp-block-spacer\"><\/div>\n\n\n\n<p class=\"has-gray-color has-text-color has-medium-font-size\">El que va comen\u00e7ar com una petita ag\u00e8ncia amb una visi\u00f3 ambiciosa s\u2019ha transformat en un <strong>soci estrat\u00e8gic de m\u00e0rqueting per a marques multinacionals a tot Europa<\/strong>. Al llarg d\u2019aquests anys, hem:<\/p>\n\n\n\n<div style=\"height:39px\" aria-hidden=\"true\" class=\"wp-block-spacer\"><\/div>\n\n\n\n<ul class=\"wp-block-list\">\n<li class=\"has-medium-font-size\"><strong>Llan\u00e7at i optimitzat milers de campanyes d\u2019alt rendiment.<\/strong><\/li>\n\n\n\n<li class=\"has-medium-font-size\"><strong>Generat leads d\u2019alta qualitat i demanda per a clients de primer nivell.<\/strong><\/li>\n\n\n\n<li class=\"has-medium-font-size\"><strong>Constru\u00eft relacions s\u00f2lides i duradores amb l\u00edders de la ind\u00fastria.<\/strong><\/li>\n\n\n\n<li class=\"has-medium-font-size\"><strong>Evolucionat amb l\u2019entorn digital, integrant noves tecnologies i estrat\u00e8gies.<\/strong><\/li>\n<\/ul>\n\n\n\n<div style=\"height:39px\" aria-hidden=\"true\" class=\"wp-block-spacer\"><\/div>\n\n\n\n<p class=\"has-gray-color has-text-color has-medium-font-size\">El nostre comprom\u00eds amb el <strong>m\u00e0rqueting basat en dades, la segmentaci\u00f3 precisa i la innovaci\u00f3 cont\u00ednua<\/strong> ha impulsat el nostre \u00e8xit i el dels nostres clients.<\/p>\n\n\n\n<div style=\"height:48px\" aria-hidden=\"true\" class=\"wp-block-spacer\"><\/div>\n\n\n\n<hr class=\"wp-block-separator has-alpha-channel-opacity\"\/>\n\n\n\n<figure class=\"wp-block-image size-large is-resized\"><img loading=\"lazy\" decoding=\"async\" src=\"https:\/\/gotoclient.com\/wp-content\/uploads\/2024\/10\/traffic-700x437.jpeg\" alt=\"Sales Train\" class=\"wp-image-17180\" width=\"1307\" height=\"816\" srcset=\"https:\/\/gotoclient.com\/wp-content\/uploads\/2024\/10\/traffic-700x437.jpeg 700w, https:\/\/gotoclient.com\/wp-content\/uploads\/2024\/10\/traffic-250x156.jpeg 250w, https:\/\/gotoclient.com\/wp-content\/uploads\/2024\/10\/traffic-768x479.jpeg 768w, https:\/\/gotoclient.com\/wp-content\/uploads\/2024\/10\/traffic-320x200.jpeg 320w, https:\/\/gotoclient.com\/wp-content\/uploads\/2024\/10\/traffic-1020x636.jpeg 1020w, https:\/\/gotoclient.com\/wp-content\/uploads\/2024\/10\/traffic-730x455.jpeg 730w, https:\/\/gotoclient.com\/wp-content\/uploads\/2024\/10\/traffic-1280x799.jpeg 1280w, https:\/\/gotoclient.com\/wp-content\/uploads\/2024\/10\/traffic-120x75.jpeg 120w, https:\/\/gotoclient.com\/wp-content\/uploads\/2024\/10\/traffic-372x232.jpeg 372w, https:\/\/gotoclient.com\/wp-content\/uploads\/2024\/10\/traffic.jpeg 1300w\" sizes=\"auto, (max-width: 1307px) 100vw, 1307px\" \/><\/figure>\n\n\n\n<hr class=\"wp-block-separator has-css-opacity\"\/>\n\n\n\n<div style=\"height:50px\" aria-hidden=\"true\" class=\"wp-block-spacer\"><\/div>\n\n\n\n<div class=\"wp-block-columns is-layout-flex wp-container-core-columns-is-layout-1 wp-block-columns-is-layout-flex\">\n<div class=\"wp-block-column is-layout-flow wp-block-column-is-layout-flow\">\n<h2 class=\"wp-block-heading has-black-color has-text-color has-large-font-size\" id=\"h-quins-son-els-seguents-passos-el-futur-de-gotoclient\"><strong>Quins son els Seg\u00fcents Passos? El Futur de Gotoclient<\/strong><\/h2>\n\n\n\n<div style=\"height:22px\" aria-hidden=\"true\" class=\"wp-block-spacer\"><\/div>\n\n\n\n<p class=\"has-medium-font-size\">En entrar en el nostre <strong>15\u00e8 any<\/strong>, continuem compromesos a ajudar les marques a prosperar en un m\u00f3n digital en constant evoluci\u00f3. Seguirem:<\/p>\n\n\n\n<div style=\"height:53px\" aria-hidden=\"true\" class=\"wp-block-spacer\"><\/div>\n\n\n\n<p class=\"has-medium-font-size\"><strong>Aprofitant la IA i l\u2019automatitzaci\u00f3<\/strong> per millorar el rendiment del m\u00e0rqueting.<br><strong>Desenvolupant noves estrat\u00e8gies<\/strong> per optimitzar la captaci\u00f3 de leads i les taxes de conversi\u00f3.<br><strong>Enfortint les nostres aliances<\/strong> per oferir encara m\u00e9s valor als nostres clients.<\/p>\n\n\n\n<div style=\"height:42px\" aria-hidden=\"true\" class=\"wp-block-spacer\"><\/div>\n\n\n\n<p class=\"has-medium-font-size\">Agra\u00efm a <strong>tot l\u2019equip, els clients i els socis<\/strong> que han format part d\u2019aquest viatge. <strong>Per molts m\u00e9s anys d\u2019\u00e8xit!<\/strong><\/p>\n<\/div>\n\n\n\n<div class=\"wp-block-column is-layout-flow wp-block-column-is-layout-flow\">\n<figure class=\"wp-block-image size-full is-resized\"><img loading=\"lazy\" decoding=\"async\" src=\"https:\/\/gotoclient.com\/wp-content\/uploads\/2025\/03\/gotoclient_logo_icon.png\" alt=\"\" class=\"wp-image-17908\" width=\"445\" height=\"493\" srcset=\"https:\/\/gotoclient.com\/wp-content\/uploads\/2025\/03\/gotoclient_logo_icon.png 240w, https:\/\/gotoclient.com\/wp-content\/uploads\/2025\/03\/gotoclient_logo_icon-120x133.png 120w\" sizes=\"auto, (max-width: 445px) 100vw, 445px\" \/><\/figure>\n<\/div>\n<\/div>\n\n\n\n<div style=\"height:100px\" aria-hidden=\"true\" class=\"wp-block-spacer\"><\/div>\n\n\n<a href=\"https:\/\/gotoclient.com\/contacto-gotoclient\/\" class=\"block-button\" target=\"_blank\">\n    Vols fer cr\u00e8ixer el teu negoci amb nosaltres?<\/a>\n<style type=\"text\/css\">\n    #button-block_8013528b325aed826b42fba8edd03198 {\n        background: ;\n        color: ;\n    }\n<\/style>\n\n\n\n<div class=\"wp-block-columns is-layout-flex wp-container-core-columns-is-layout-2 wp-block-columns-is-layout-flex\">\n<div class=\"wp-block-column is-layout-flow wp-block-column-is-layout-flow\">\n<div style=\"height:65px\" aria-hidden=\"true\" class=\"wp-block-spacer\"><\/div>\n\n\n\n<hr class=\"wp-block-separator has-alpha-channel-opacity\"\/>\n\n\n\n<div style=\"height:62px\" aria-hidden=\"true\" class=\"wp-block-spacer\"><\/div>\n\n\n\n<h2 class=\"wp-block-heading has-large-font-size\" id=\"h-more-from-gotoclient\">More from Gotoclient:<\/h2>\n\n\n\n<div style=\"height:66px\" aria-hidden=\"true\" class=\"wp-block-spacer\"><\/div>\n\n\n\n<p class=\"has-medium-font-size\"><strong>LinkedIn Ads Guide:<\/strong> <a href=\"https:\/\/gotoclient.com\/pillar-pages\/the-linkedin-ads-definitive-guide\/\">https:\/\/gotoclient.com\/en\/definitive-guides\/the-linkedin-ads-definitive-guide\/<\/a><br><strong><br>Modern Sales Guide<\/strong>: <a href=\"https:\/\/gotoclient.com\/ca\/the-modern-sales-2025-guides\/\">https:\/\/gotoclient.com\/pillar-pages\/the-modern-sales-2025-guides\/<\/a><\/p>\n\n\n\n<div style=\"height:79px\" aria-hidden=\"true\" class=\"wp-block-spacer\"><\/div>\n<\/div>\n<\/div>\n","protected":false},"excerpt":{"rendered":"<p>Gotoclient Celebra 15 Anys d\u2019Innovaci\u00f3 i Creixement 15 Anys Impulsant l\u2019\u00c8xit en el M\u00e0rqueting B2B El 2025, Gotoclient celebra amb orgull 15 anys oferint solucions innovadores de m\u00e0rqueting B2B a les principals marques internacionals. Des de la nostra fundaci\u00f3 el 2009, ens hem convertit en un soci de confian\u00e7a per a empreses que volen generar [&hellip;]<\/p>\n","protected":false},"author":16,"featured_media":17178,"parent":0,"menu_order":0,"comment_status":"closed","ping_status":"closed","template":"","meta":{"_acf_changed":false,"footnotes":""},"class_list":["post-17932","page","type-page","status-publish","has-post-thumbnail","hentry"],"acf":[],"yoast_head":"<!-- This site is optimized with the Yoast SEO plugin v24.8.1 - https:\/\/yoast.com\/wordpress\/plugins\/seo\/ -->\n<title>Gotoclient&#039;s 15th Anniversary - Gotoclient<\/title>\n<meta name=\"description\" content=\"Gotoclient celebrates 15 years of driving B2B marketing success, helping global brands generate leads, optimize campaigns, and scale their digital presence. Discover our journey and future vision.\" \/>\n<meta name=\"robots\" content=\"index, follow, max-snippet:-1, max-image-preview:large, max-video-preview:-1\" \/>\n<link rel=\"canonical\" href=\"https:\/\/gotoclient.com\/ca\/gotoclients-15th-anniversary\/\" \/>\n<meta property=\"og:locale\" content=\"ca_ES\" \/>\n<meta property=\"og:type\" content=\"article\" \/>\n<meta property=\"og:title\" content=\"Gotoclient&#039;s 15th Anniversary - Gotoclient\" \/>\n<meta property=\"og:description\" content=\"Gotoclient celebrates 15 years of driving B2B marketing success, helping global brands generate leads, optimize campaigns, and scale their digital presence. Discover our journey and future vision.\" \/>\n<meta property=\"og:url\" content=\"https:\/\/gotoclient.com\/ca\/gotoclients-15th-anniversary\/\" \/>\n<meta property=\"og:site_name\" content=\"Gotoclient\" \/>\n<meta property=\"article:modified_time\" content=\"2025-03-19T15:09:16+00:00\" \/>\n<meta property=\"og:image\" content=\"https:\/\/gotoclient.com\/wp-content\/uploads\/2024\/10\/traffic.jpeg\" \/>\n\t<meta property=\"og:image:width\" content=\"1300\" \/>\n\t<meta property=\"og:image:height\" content=\"811\" \/>\n\t<meta property=\"og:image:type\" content=\"image\/jpeg\" \/>\n<meta name=\"twitter:card\" content=\"summary_large_image\" \/>\n<meta name=\"twitter:label1\" content=\"Est. reading time\" \/>\n\t<meta name=\"twitter:data1\" content=\"2 minuts\" \/>\n<script type=\"application\/ld+json\" class=\"yoast-schema-graph\">{\"@context\":\"https:\/\/schema.org\",\"@graph\":[{\"@type\":\"TechArticle\",\"@id\":\"https:\/\/gotoclient.com\/ca\/gotoclients-15th-anniversary\/#article\",\"isPartOf\":{\"@id\":\"https:\/\/gotoclient.com\/ca\/gotoclients-15th-anniversary\/\"},\"author\":{\"name\":\"Arnau Mir\u00f3\",\"@id\":\"https:\/\/gotoclient.com\/en\/#\/schema\/person\/cb6167a5a199fa877231a24848e3ba86\"},\"headline\":\"Gotoclient&#8217;s 15th Anniversary\",\"datePublished\":\"2025-03-19T14:48:57+00:00\",\"dateModified\":\"2025-03-19T15:09:16+00:00\",\"mainEntityOfPage\":{\"@id\":\"https:\/\/gotoclient.com\/ca\/gotoclients-15th-anniversary\/\"},\"wordCount\":350,\"publisher\":{\"@id\":\"https:\/\/gotoclient.com\/en\/#organization\"},\"image\":{\"@id\":\"https:\/\/gotoclient.com\/ca\/gotoclients-15th-anniversary\/#primaryimage\"},\"thumbnailUrl\":\"https:\/\/gotoclient.com\/wp-content\/uploads\/2024\/10\/traffic.jpeg?wsr\",\"inLanguage\":\"ca\"},{\"@type\":\"WebPage\",\"@id\":\"https:\/\/gotoclient.com\/ca\/gotoclients-15th-anniversary\/\",\"url\":\"https:\/\/gotoclient.com\/ca\/gotoclients-15th-anniversary\/\",\"name\":\"Gotoclient's 15th Anniversary - Gotoclient\",\"isPartOf\":{\"@id\":\"https:\/\/gotoclient.com\/en\/#website\"},\"primaryImageOfPage\":{\"@id\":\"https:\/\/gotoclient.com\/ca\/gotoclients-15th-anniversary\/#primaryimage\"},\"image\":{\"@id\":\"https:\/\/gotoclient.com\/ca\/gotoclients-15th-anniversary\/#primaryimage\"},\"thumbnailUrl\":\"https:\/\/gotoclient.com\/wp-content\/uploads\/2024\/10\/traffic.jpeg?wsr\",\"datePublished\":\"2025-03-19T14:48:57+00:00\",\"dateModified\":\"2025-03-19T15:09:16+00:00\",\"description\":\"Gotoclient celebrates 15 years of driving B2B marketing success, helping global brands generate leads, optimize campaigns, and scale their digital presence. Discover our journey and future vision.\",\"breadcrumb\":{\"@id\":\"https:\/\/gotoclient.com\/ca\/gotoclients-15th-anniversary\/#breadcrumb\"},\"inLanguage\":\"ca\",\"potentialAction\":[{\"@type\":\"ReadAction\",\"target\":[\"https:\/\/gotoclient.com\/ca\/gotoclients-15th-anniversary\/\"]}]},{\"@type\":\"ImageObject\",\"inLanguage\":\"ca\",\"@id\":\"https:\/\/gotoclient.com\/ca\/gotoclients-15th-anniversary\/#primaryimage\",\"url\":\"https:\/\/gotoclient.com\/wp-content\/uploads\/2024\/10\/traffic.jpeg?wsr\",\"contentUrl\":\"https:\/\/gotoclient.com\/wp-content\/uploads\/2024\/10\/traffic.jpeg?wsr\",\"width\":1300,\"height\":811,\"caption\":\"Sales Train\"},{\"@type\":\"BreadcrumbList\",\"@id\":\"https:\/\/gotoclient.com\/ca\/gotoclients-15th-anniversary\/#breadcrumb\",\"itemListElement\":[{\"@type\":\"ListItem\",\"position\":1,\"name\":\"Home\",\"item\":\"https:\/\/gotoclient.com\/ca\/\"},{\"@type\":\"ListItem\",\"position\":2,\"name\":\"Gotoclient&#8217;s 15th Anniversary\"}]},{\"@type\":\"WebSite\",\"@id\":\"https:\/\/gotoclient.com\/en\/#website\",\"url\":\"https:\/\/gotoclient.com\/en\/\",\"name\":\"Gotoclient\",\"description\":\"Marketing Agency\",\"publisher\":{\"@id\":\"https:\/\/gotoclient.com\/en\/#organization\"},\"alternateName\":\"GTC\",\"potentialAction\":[{\"@type\":\"SearchAction\",\"target\":{\"@type\":\"EntryPoint\",\"urlTemplate\":\"https:\/\/gotoclient.com\/en\/?s={search_term_string}\"},\"query-input\":{\"@type\":\"PropertyValueSpecification\",\"valueRequired\":true,\"valueName\":\"search_term_string\"}}],\"inLanguage\":\"ca\"},{\"@type\":\"Organization\",\"@id\":\"https:\/\/gotoclient.com\/en\/#organization\",\"name\":\"Gotoclient\",\"alternateName\":\"GTC\",\"url\":\"https:\/\/gotoclient.com\/en\/\",\"logo\":{\"@type\":\"ImageObject\",\"inLanguage\":\"ca\",\"@id\":\"https:\/\/gotoclient.com\/en\/#\/schema\/logo\/image\/\",\"url\":\"https:\/\/gotoclient.com\/wp-content\/uploads\/2025\/07\/gotoclient_logo_icon.png\",\"contentUrl\":\"https:\/\/gotoclient.com\/wp-content\/uploads\/2025\/07\/gotoclient_logo_icon.png\",\"width\":240,\"height\":266,\"caption\":\"Gotoclient\"},\"image\":{\"@id\":\"https:\/\/gotoclient.com\/en\/#\/schema\/logo\/image\/\"},\"sameAs\":[\"https:\/\/www.instagram.com\/gotoclient\/\",\"https:\/\/www.linkedin.com\/company\/gotoclient\"]},{\"@type\":\"Person\",\"@id\":\"https:\/\/gotoclient.com\/en\/#\/schema\/person\/cb6167a5a199fa877231a24848e3ba86\",\"name\":\"Arnau Mir\u00f3\",\"image\":{\"@type\":\"ImageObject\",\"inLanguage\":\"ca\",\"@id\":\"https:\/\/gotoclient.com\/en\/#\/schema\/person\/image\/\",\"url\":\"https:\/\/secure.gravatar.com\/avatar\/ddec8eb55a068c27f5e8d9d83fb1abe1?s=96&d=mm&r=g\",\"contentUrl\":\"https:\/\/secure.gravatar.com\/avatar\/ddec8eb55a068c27f5e8d9d83fb1abe1?s=96&d=mm&r=g\",\"caption\":\"Arnau Mir\u00f3\"}}]}<\/script>\n<!-- \/ Yoast SEO plugin. -->","yoast_head_json":{"title":"Gotoclient's 15th Anniversary - Gotoclient","description":"Gotoclient celebrates 15 years of driving B2B marketing success, helping global brands generate leads, optimize campaigns, and scale their digital presence. Discover our journey and future vision.","robots":{"index":"index","follow":"follow","max-snippet":"max-snippet:-1","max-image-preview":"max-image-preview:large","max-video-preview":"max-video-preview:-1"},"canonical":"https:\/\/gotoclient.com\/ca\/gotoclients-15th-anniversary\/","og_locale":"ca_ES","og_type":"article","og_title":"Gotoclient's 15th Anniversary - Gotoclient","og_description":"Gotoclient celebrates 15 years of driving B2B marketing success, helping global brands generate leads, optimize campaigns, and scale their digital presence. Discover our journey and future vision.","og_url":"https:\/\/gotoclient.com\/ca\/gotoclients-15th-anniversary\/","og_site_name":"Gotoclient","article_modified_time":"2025-03-19T15:09:16+00:00","og_image":[{"width":1300,"height":811,"url":"https:\/\/gotoclient.com\/wp-content\/uploads\/2024\/10\/traffic.jpeg","type":"image\/jpeg"}],"twitter_card":"summary_large_image","twitter_misc":{"Est. reading time":"2 minuts"},"schema":{"@context":"https:\/\/schema.org","@graph":[{"@type":"TechArticle","@id":"https:\/\/gotoclient.com\/ca\/gotoclients-15th-anniversary\/#article","isPartOf":{"@id":"https:\/\/gotoclient.com\/ca\/gotoclients-15th-anniversary\/"},"author":{"name":"Arnau Mir\u00f3","@id":"https:\/\/gotoclient.com\/en\/#\/schema\/person\/cb6167a5a199fa877231a24848e3ba86"},"headline":"Gotoclient&#8217;s 15th Anniversary","datePublished":"2025-03-19T14:48:57+00:00","dateModified":"2025-03-19T15:09:16+00:00","mainEntityOfPage":{"@id":"https:\/\/gotoclient.com\/ca\/gotoclients-15th-anniversary\/"},"wordCount":350,"publisher":{"@id":"https:\/\/gotoclient.com\/en\/#organization"},"image":{"@id":"https:\/\/gotoclient.com\/ca\/gotoclients-15th-anniversary\/#primaryimage"},"thumbnailUrl":"https:\/\/gotoclient.com\/wp-content\/uploads\/2024\/10\/traffic.jpeg?wsr","inLanguage":"ca"},{"@type":"WebPage","@id":"https:\/\/gotoclient.com\/ca\/gotoclients-15th-anniversary\/","url":"https:\/\/gotoclient.com\/ca\/gotoclients-15th-anniversary\/","name":"Gotoclient's 15th Anniversary - Gotoclient","isPartOf":{"@id":"https:\/\/gotoclient.com\/en\/#website"},"primaryImageOfPage":{"@id":"https:\/\/gotoclient.com\/ca\/gotoclients-15th-anniversary\/#primaryimage"},"image":{"@id":"https:\/\/gotoclient.com\/ca\/gotoclients-15th-anniversary\/#primaryimage"},"thumbnailUrl":"https:\/\/gotoclient.com\/wp-content\/uploads\/2024\/10\/traffic.jpeg?wsr","datePublished":"2025-03-19T14:48:57+00:00","dateModified":"2025-03-19T15:09:16+00:00","description":"Gotoclient celebrates 15 years of driving B2B marketing success, helping global brands generate leads, optimize campaigns, and scale their digital presence. Discover our journey and future vision.","breadcrumb":{"@id":"https:\/\/gotoclient.com\/ca\/gotoclients-15th-anniversary\/#breadcrumb"},"inLanguage":"ca","potentialAction":[{"@type":"ReadAction","target":["https:\/\/gotoclient.com\/ca\/gotoclients-15th-anniversary\/"]}]},{"@type":"ImageObject","inLanguage":"ca","@id":"https:\/\/gotoclient.com\/ca\/gotoclients-15th-anniversary\/#primaryimage","url":"https:\/\/gotoclient.com\/wp-content\/uploads\/2024\/10\/traffic.jpeg?wsr","contentUrl":"https:\/\/gotoclient.com\/wp-content\/uploads\/2024\/10\/traffic.jpeg?wsr","width":1300,"height":811,"caption":"Sales Train"},{"@type":"BreadcrumbList","@id":"https:\/\/gotoclient.com\/ca\/gotoclients-15th-anniversary\/#breadcrumb","itemListElement":[{"@type":"ListItem","position":1,"name":"Home","item":"https:\/\/gotoclient.com\/ca\/"},{"@type":"ListItem","position":2,"name":"Gotoclient&#8217;s 15th Anniversary"}]},{"@type":"WebSite","@id":"https:\/\/gotoclient.com\/en\/#website","url":"https:\/\/gotoclient.com\/en\/","name":"Gotoclient","description":"Marketing Agency","publisher":{"@id":"https:\/\/gotoclient.com\/en\/#organization"},"alternateName":"GTC","potentialAction":[{"@type":"SearchAction","target":{"@type":"EntryPoint","urlTemplate":"https:\/\/gotoclient.com\/en\/?s={search_term_string}"},"query-input":{"@type":"PropertyValueSpecification","valueRequired":true,"valueName":"search_term_string"}}],"inLanguage":"ca"},{"@type":"Organization","@id":"https:\/\/gotoclient.com\/en\/#organization","name":"Gotoclient","alternateName":"GTC","url":"https:\/\/gotoclient.com\/en\/","logo":{"@type":"ImageObject","inLanguage":"ca","@id":"https:\/\/gotoclient.com\/en\/#\/schema\/logo\/image\/","url":"https:\/\/gotoclient.com\/wp-content\/uploads\/2025\/07\/gotoclient_logo_icon.png","contentUrl":"https:\/\/gotoclient.com\/wp-content\/uploads\/2025\/07\/gotoclient_logo_icon.png","width":240,"height":266,"caption":"Gotoclient"},"image":{"@id":"https:\/\/gotoclient.com\/en\/#\/schema\/logo\/image\/"},"sameAs":["https:\/\/www.instagram.com\/gotoclient\/","https:\/\/www.linkedin.com\/company\/gotoclient"]},{"@type":"Person","@id":"https:\/\/gotoclient.com\/en\/#\/schema\/person\/cb6167a5a199fa877231a24848e3ba86","name":"Arnau Mir\u00f3","image":{"@type":"ImageObject","inLanguage":"ca","@id":"https:\/\/gotoclient.com\/en\/#\/schema\/person\/image\/","url":"https:\/\/secure.gravatar.com\/avatar\/ddec8eb55a068c27f5e8d9d83fb1abe1?s=96&d=mm&r=g","contentUrl":"https:\/\/secure.gravatar.com\/avatar\/ddec8eb55a068c27f5e8d9d83fb1abe1?s=96&d=mm&r=g","caption":"Arnau Mir\u00f3"}}]}},"_links":{"self":[{"href":"https:\/\/gotoclient.com\/ca\/wp-json\/wp\/v2\/pages\/17932","targetHints":{"allow":["GET"]}}],"collection":[{"href":"https:\/\/gotoclient.com\/ca\/wp-json\/wp\/v2\/pages"}],"about":[{"href":"https:\/\/gotoclient.com\/ca\/wp-json\/wp\/v2\/types\/page"}],"author":[{"embeddable":true,"href":"https:\/\/gotoclient.com\/ca\/wp-json\/wp\/v2\/users\/16"}],"replies":[{"embeddable":true,"href":"https:\/\/gotoclient.com\/ca\/wp-json\/wp\/v2\/comments?post=17932"}],"version-history":[{"count":10,"href":"https:\/\/gotoclient.com\/ca\/wp-json\/wp\/v2\/pages\/17932\/revisions"}],"predecessor-version":[{"id":17967,"href":"https:\/\/gotoclient.com\/ca\/wp-json\/wp\/v2\/pages\/17932\/revisions\/17967"}],"wp:featuredmedia":[{"embeddable":true,"href":"https:\/\/gotoclient.com\/ca\/wp-json\/wp\/v2\/media\/17178"}],"wp:attachment":[{"href":"https:\/\/gotoclient.com\/ca\/wp-json\/wp\/v2\/media?parent=17932"}],"curies":[{"name":"wp","href":"https:\/\/api.w.org\/{rel}","templated":true}]}}