{"id":20272,"date":"2025-12-11T11:57:17","date_gmt":"2025-12-11T10:57:17","guid":{"rendered":"https:\/\/gotoclient.com\/?page_id=20272"},"modified":"2025-12-11T12:05:19","modified_gmt":"2025-12-11T11:05:19","slug":"la-guia-de-linkedin-sales-navigator","status":"publish","type":"page","link":"https:\/\/gotoclient.com\/ca\/definitive-guides\/la-guia-de-linkedin-sales-navigator\/","title":{"rendered":"La guia de LinkedIn Sales Navigator"},"content":{"rendered":"\n<h1 class=\"wp-block-heading has-text-align-center has-black-color has-text-color has-x-large-font-size\" id=\"h-la-guia-de-linkedin-sales-navigator-2025\"><strong>La guia de LinkedIn Sales Navigator 2025<\/strong><\/h1>\n\n\n\n<div style=\"height:72px\" aria-hidden=\"true\" class=\"wp-block-spacer\"><\/div>\n\n\n\n<h5 class=\"wp-block-heading has-text-align-left has-gray-color has-text-color has-medium-font-size\" id=\"h-la-manera-com-els-equips-de-vendes-b2b-troben-interactuen-i-tanquen-acords-ha-canviat-linkedin-sales-navigator-ja-no-es-nomes-una-eina-sino-un-canvi-de-joc-per-a-les-estrategies-de-vendes-modernes\">La manera com els equips de vendes B2B troben, interactuen i tanquen acords ha canviat. LinkedIn Sales Navigator ja no \u00e9s nom\u00e9s una eina, sin\u00f3 un canvi de joc per a les estrat\u00e8gies de vendes modernes.<\/h5>\n\n\n\n<div style=\"height:47px\" aria-hidden=\"true\" class=\"wp-block-spacer\"><\/div>\n\n\n<a href=\"https:\/\/landingpages.gotoclient.com\/en-gb\/en-gb\/luse-ai-to-supercharge-your-b2b-lead-generation-campaigns\" class=\"block-button\" target=\"_blank\">\n    Descarrega\u2019t la Guia Aqu\u00ed:<\/a>\n<style type=\"text\/css\">\n    #button-block_596d9c7f9bbf509a2d2ddc4cad8d5f00 {\n        background: ;\n        color: ;\n    }\n<\/style>\n\n\n\n<div style=\"height:34px\" aria-hidden=\"true\" class=\"wp-block-spacer\"><\/div>\n\n\n\n<p class=\"has-medium-font-size\">\ud83d\udd39 Vols desbloquejar m\u00e9s clients potencials qualificats a trav\u00e9s de LinkedIn?<\/p>\n\n\n\n<p class=\"has-medium-font-size\">\ud83d\udd39 Et costa connectar amb els responsables de la presa de decisions?<\/p>\n\n\n\n<p class=\"has-medium-font-size\">\ud83d\udd39 Busques t\u00e8cniques avan\u00e7ades de Sales Navigator per augmentar les teves conversions?<\/p>\n\n\n\n<p class=\"has-medium-font-size\">Si \u00e9s aix\u00ed, aquesta guia \u00e9s per a tu! Gotoclient ha recopilat m\u00e9s de 15 anys d\u2019experi\u00e8ncia en un manual complet dissenyat per a professionals de vendes B2B que utilitzen LinkedIn Sales Navigator.<\/p>\n\n\n\n<div style=\"height:48px\" aria-hidden=\"true\" class=\"wp-block-spacer\"><\/div>\n\n\n\n<hr class=\"wp-block-separator has-css-opacity\"\/>\n\n\n\n<div style=\"height:50px\" aria-hidden=\"true\" class=\"wp-block-spacer\"><\/div>\n\n\n\n<div class=\"wp-block-columns is-layout-flex wp-container-core-columns-is-layout-1 wp-block-columns-is-layout-flex\">\n<div class=\"wp-block-column is-layout-flow wp-block-column-is-layout-flow\">\n<h2 class=\"wp-block-heading has-black-color has-text-color has-large-font-size\" id=\"h-que-inclou-la-guia\">Qu\u00e8 inclou la Guia?<\/h2>\n\n\n\n<div style=\"height:22px\" aria-hidden=\"true\" class=\"wp-block-spacer\"><\/div>\n\n\n\n<p class=\"has-medium-font-size\">\u2714\ufe0f <strong>Tend\u00e8ncies de LinkedIn Sales per al 2025<\/strong> \u2013 Explora els \u00faltims coneixements i dades que modelen el social selling.<\/p>\n\n\n\n<p class=\"has-medium-font-size\">\u2714\ufe0f <strong>Optimitzaci\u00f3 de Sales Navigator per a la Generaci\u00f3 de Leads<\/strong> \u2013 Apr\u00e8n a aprofitar els filtres, alertes i estrat\u00e8gies de cerca per a un impacte m\u00e0xim.<\/p>\n\n\n\n<p class=\"has-medium-font-size\">\u2714\ufe0f <strong>Prospecci\u00f3 Intel\u00b7ligent i Interacci\u00f3<\/strong> \u2013 Descobreix com personalitzar l\u2019abast i construir relacions s\u00f2lides amb comptes clau.<\/p>\n\n\n\n<p class=\"has-medium-font-size\">\u2714\ufe0f <strong>\u00das d\u2019IA i Automatitzaci\u00f3<\/strong> \u2013 Millora el teu flux de treball a LinkedIn amb eines d\u2019automatitzaci\u00f3 que augmenten l\u2019efici\u00e8ncia.<\/p>\n\n\n\n<p class=\"has-medium-font-size\">\u2714\ufe0f <strong>Estrat\u00e8gies de Social Selling<\/strong> \u2013 Desenvolupa un marc de treball basat en contingut per generar confian\u00e7a i captar clients potencials.<\/p>\n\n\n\n<p class=\"has-medium-font-size\">\u2714\ufe0f <strong>Mesura de l\u2019\u00c8xit i Millora del Rendiment<\/strong> \u2013 Fes un seguiment de les m\u00e8triques clau de LinkedIn Sales Navigator i optimitza el teu enfocament.<\/p>\n\n\n\n<p class=\"has-medium-font-size\"><strong>I molt m\u00e9s!<\/strong><\/p>\n<\/div>\n\n\n\n<div class=\"wp-block-column is-layout-flow wp-block-column-is-layout-flow\">\n<figure class=\"wp-block-image size-large is-resized\"><img loading=\"lazy\" decoding=\"async\" width=\"700\" height=\"387\" src=\"https:\/\/gotoclient.com\/wp-content\/uploads\/2025\/01\/Mountaintop-of-success-2-700x387.jpeg\" alt=\"Mountaintop of success\" class=\"wp-image-16701\" style=\"width:1110px;height:613px\" srcset=\"https:\/\/gotoclient.com\/wp-content\/uploads\/2025\/01\/Mountaintop-of-success-2-700x387.jpeg 700w, https:\/\/gotoclient.com\/wp-content\/uploads\/2025\/01\/Mountaintop-of-success-2-250x138.jpeg 250w, https:\/\/gotoclient.com\/wp-content\/uploads\/2025\/01\/Mountaintop-of-success-2-320x177.jpeg 320w, https:\/\/gotoclient.com\/wp-content\/uploads\/2025\/01\/Mountaintop-of-success-2-730x404.jpeg 730w, https:\/\/gotoclient.com\/wp-content\/uploads\/2025\/01\/Mountaintop-of-success-2-120x66.jpeg 120w, https:\/\/gotoclient.com\/wp-content\/uploads\/2025\/01\/Mountaintop-of-success-2-372x206.jpeg 372w, https:\/\/gotoclient.com\/wp-content\/uploads\/2025\/01\/Mountaintop-of-success-2.jpeg 763w\" sizes=\"auto, (max-width: 700px) 100vw, 700px\" \/><\/figure>\n<\/div>\n<\/div>\n\n\n\n<div style=\"height:100px\" aria-hidden=\"true\" class=\"wp-block-spacer\"><\/div>\n\n\n\n<hr class=\"wp-block-separator has-alpha-channel-opacity\"\/>\n\n\n\n<div style=\"height:22px\" aria-hidden=\"true\" class=\"wp-block-spacer\"><\/div>\n\n\n\n<h2 class=\"wp-block-heading has-large-font-size\"><strong>Per qu\u00e8 aquesta guia \u00e9s imprescindible?<\/strong><\/h2>\n\n\n\n<ul class=\"wp-block-list\">\n<li class=\"has-medium-font-size\"><strong>El 89% dels venedors d\u2019alt rendiment<\/strong> afirmen que LinkedIn Sales Navigator \u00e9s fonamental per tancar acords.<\/li>\n\n\n\n<li class=\"has-medium-font-size\"><strong>Els representants de vendes que utilitzen social selling<\/strong> veuen un augment del 45% en les oportunitats.<\/li>\n\n\n\n<li class=\"has-medium-font-size\"><strong>Els compradors B2B tenen 5 vegades m\u00e9s probabilitats<\/strong> d\u2019interactuar amb venedors que proporcionen informaci\u00f3 rellevant per al seu negoci.<\/li>\n<\/ul>\n\n\n\n<p class=\"has-gray-color has-text-color has-medium-font-size\">L\u2019\u00e8xit en vendes avui dia requereix una prospecci\u00f3 m\u00e9s intel\u00b7ligent, interacci\u00f3 estrat\u00e8gica i presa de decisions basada en dades. Aquesta guia et proporciona tot el que necessites per maximitzar el potencial de LinkedIn Sales Navigator.<\/p>\n\n\n\n<div style=\"height:100px\" aria-hidden=\"true\" class=\"wp-block-spacer\"><\/div>\n\n\n\n<hr class=\"wp-block-separator has-alpha-channel-opacity\"\/>\n\n\n\n<div style=\"height:24px\" aria-hidden=\"true\" class=\"wp-block-spacer\"><\/div>\n\n\n\n<h2 class=\"wp-block-heading has-large-font-size\" id=\"h-qui-hauria-de-descarregar-aquesta-guia\">Qui hauria de descarregar aquesta guia?<\/h2>\n\n\n\n<p class=\"has-medium-font-size\"><strong>Equips de Vendes i Professionals de Desenvolupament de Negoci<\/strong> \u2013 Millora la generaci\u00f3 de leads i la gesti\u00f3 del pipeline.<\/p>\n\n\n\n<p class=\"has-medium-font-size\"><strong>Equips de M\u00e0rqueting i Generaci\u00f3 de Demanda<\/strong> \u2013 Alinea les estrat\u00e8gies de LinkedIn amb les vendes per a una interacci\u00f3 fluida.<\/p>\n\n\n\n<p class=\"has-medium-font-size\"><strong>L\u00edders de Vendes i Emprenedors<\/strong> \u2013 Escala el teu abast i genera converses d\u2019alt impacte amb els responsables de presa de decisions clau.<\/p>\n\n\n\n<div style=\"height:100px\" aria-hidden=\"true\" class=\"wp-block-spacer\"><\/div>\n\n\n\n<hr class=\"wp-block-separator has-alpha-channel-opacity\"\/>\n\n\n\n<div style=\"height:56px\" aria-hidden=\"true\" class=\"wp-block-spacer\"><\/div>\n\n\n\n<h2 class=\"wp-block-heading has-large-font-size\" id=\"h-descarrega-la-teva-copia-gratuita-ara\"><strong>Descarrega la teva c\u00f2pia gratu\u00efta ara!<\/strong><\/h2>\n\n\n\n<p class=\"has-medium-font-size\"><strong>Descarrega la <strong>Guia de LinkedIn Sales Navigator 2025<\/strong> avui i comen\u00e7a a transformar la teva estrat\u00e8gia de vendes a LinkedIn.<\/strong><\/p>\n\n\n\n<p class=\"has-medium-font-size\"><a href=\"https:\/\/landingpages.gotoclient.com\/en-gb\/en-gb\/luse-ai-to-supercharge-your-b2b-lead-generation-campaigns\">\ud83d\udd3d <strong>Aconsegueix la teva Guia Aqu\u00ed:<\/strong><\/a><\/p>\n\n\n\n<div style=\"height:50px\" aria-hidden=\"true\" class=\"wp-block-spacer\"><\/div>\n\n\n\n<hr class=\"wp-block-separator has-alpha-channel-opacity\"\/>\n\n\n\n<div style=\"height:75px\" aria-hidden=\"true\" class=\"wp-block-spacer\"><\/div>\n\n\n\n<h2 class=\"wp-block-heading has-large-font-size\" id=\"h-preguntes-frequents\">Preguntes Freq\u00fcents<\/h2>\n\n\n\n<p class=\"has-medium-font-size\"><strong>Com accedeixo a la guia?<\/strong><br>Omple el formulari i rep acc\u00e9s immediat a la teva c\u00f2pia en PDF gratu\u00efta.<\/p>\n\n\n\n<p class=\"has-medium-font-size\"><strong>Realment \u00e9s gratu\u00efta?<\/strong><br>S\u00ed! No hi ha costos ocults, nom\u00e9s informaci\u00f3 valuosa per ajudar-te a tenir \u00e8xit.<\/p>\n\n\n\n<p class=\"has-medium-font-size\"><strong>Qui ha creat aquesta guia?<\/strong><br>Aquesta guia \u00e9s proporcionada per <strong>Gotoclient<\/strong>, una ag\u00e8ncia de vendes i m\u00e0rqueting B2B amb m\u00e9s de 15 anys d\u2019experi\u00e8ncia ajudant empreses a escalar les seves operacions de vendes.<\/p>\n\n\n\n<div class=\"wp-block-columns is-layout-flex wp-container-core-columns-is-layout-2 wp-block-columns-is-layout-flex\">\n<div class=\"wp-block-column is-layout-flow wp-block-column-is-layout-flow\">\n<div style=\"height:65px\" aria-hidden=\"true\" class=\"wp-block-spacer\"><\/div>\n\n\n\n<hr class=\"wp-block-separator has-alpha-channel-opacity\"\/>\n\n\n\n<div style=\"height:62px\" aria-hidden=\"true\" class=\"wp-block-spacer\"><\/div>\n\n\n\n<h2 class=\"wp-block-heading has-large-font-size\" id=\"h-mes-guies\">M\u00e9s Guies<\/h2>\n\n\n\n<div style=\"height:66px\" aria-hidden=\"true\" class=\"wp-block-spacer\"><\/div>\n\n\n\n<p class=\"has-medium-font-size\"><strong>Guia de LinkedIn Ads:<\/strong> <a href=\"https:\/\/gotoclient.com\/pillar-pages\/the-linkedin-ads-definitive-guide\/\">https:\/\/gotoclient.com\/en\/definitive-guides\/the-linkedin-ads-definitive-guide\/<\/a><br><strong><br>Guia de B2B Lead Generation:<\/strong> <a href=\"https:\/\/gotoclient.com\/en\/guides\/the-b2b-lead-generation-definitive-guide\/\">https:\/\/gotoclient.com\/en\/guides\/the-b2b-lead-generation-definitive-guide\/<\/a><\/p>\n\n\n\n<div style=\"height:79px\" aria-hidden=\"true\" class=\"wp-block-spacer\"><\/div>\n\n\n\n<figure class=\"wp-block-image size-large is-resized\"><img loading=\"lazy\" decoding=\"async\" width=\"700\" height=\"467\" src=\"https:\/\/gotoclient.com\/wp-content\/uploads\/2025\/01\/Fog-to-success-2-700x467.jpg\" alt=\"\" class=\"wp-image-16696\" style=\"width:1272px;height:849px\" srcset=\"https:\/\/gotoclient.com\/wp-content\/uploads\/2025\/01\/Fog-to-success-2-700x467.jpg 700w, https:\/\/gotoclient.com\/wp-content\/uploads\/2025\/01\/Fog-to-success-2-250x167.jpg 250w, https:\/\/gotoclient.com\/wp-content\/uploads\/2025\/01\/Fog-to-success-2-768x512.jpg 768w, https:\/\/gotoclient.com\/wp-content\/uploads\/2025\/01\/Fog-to-success-2-1536x1024.jpg 1536w, https:\/\/gotoclient.com\/wp-content\/uploads\/2025\/01\/Fog-to-success-2-2048x1365.jpg 2048w, https:\/\/gotoclient.com\/wp-content\/uploads\/2025\/01\/Fog-to-success-2-320x213.jpg 320w, https:\/\/gotoclient.com\/wp-content\/uploads\/2025\/01\/Fog-to-success-2-1680x1120.jpg 1680w, https:\/\/gotoclient.com\/wp-content\/uploads\/2025\/01\/Fog-to-success-2-1020x680.jpg 1020w, https:\/\/gotoclient.com\/wp-content\/uploads\/2025\/01\/Fog-to-success-2-730x487.jpg 730w, https:\/\/gotoclient.com\/wp-content\/uploads\/2025\/01\/Fog-to-success-2-1280x853.jpg 1280w, https:\/\/gotoclient.com\/wp-content\/uploads\/2025\/01\/Fog-to-success-2-120x80.jpg 120w, https:\/\/gotoclient.com\/wp-content\/uploads\/2025\/01\/Fog-to-success-2-372x248.jpg 372w\" sizes=\"auto, (max-width: 700px) 100vw, 700px\" \/><\/figure>\n<\/div>\n<\/div>\n\n\n\n<div style=\"height:50px\" aria-hidden=\"true\" class=\"wp-block-spacer\"><\/div>\n\n\n\n<p><\/p>\n","protected":false},"excerpt":{"rendered":"<p>La guia de LinkedIn Sales Navigator 2025 La manera com els equips de vendes B2B troben, interactuen i tanquen acords ha canviat. LinkedIn Sales Navigator ja no \u00e9s nom\u00e9s una eina, sin\u00f3 un canvi de joc per a les estrat\u00e8gies de vendes modernes. \ud83d\udd39 Vols desbloquejar m\u00e9s clients potencials qualificats a trav\u00e9s de LinkedIn? \ud83d\udd39 [&hellip;]<\/p>\n","protected":false},"author":16,"featured_media":16702,"parent":8754,"menu_order":0,"comment_status":"closed","ping_status":"closed","template":"","meta":{"_acf_changed":false,"footnotes":""},"class_list":["post-20272","page","type-page","status-publish","has-post-thumbnail","hentry"],"acf":[],"yoast_head":"<!-- This site is optimized with the Yoast SEO plugin v24.8.1 - https:\/\/yoast.com\/wordpress\/plugins\/seo\/ -->\n<title>La guia de LinkedIn Sales Navigator - Gotoclient<\/title>\n<meta name=\"description\" content=\"Apr\u00e8n estrat\u00e8gies clau, t\u00e8cniques i eines per impulsar les vendes amb LinkedIn Sales Navigator B2B i construir relacions s\u00f2lides.\" \/>\n<meta name=\"robots\" content=\"index, follow, max-snippet:-1, max-image-preview:large, max-video-preview:-1\" \/>\n<link rel=\"canonical\" href=\"https:\/\/gotoclient.com\/ca\/definitive-guides\/la-guia-de-linkedin-sales-navigator\/\" \/>\n<meta property=\"og:locale\" content=\"ca_ES\" \/>\n<meta property=\"og:type\" content=\"article\" \/>\n<meta property=\"og:title\" content=\"La guia de LinkedIn Sales Navigator - Gotoclient\" \/>\n<meta property=\"og:description\" content=\"Apr\u00e8n estrat\u00e8gies clau, t\u00e8cniques i eines per impulsar les vendes amb LinkedIn Sales Navigator B2B i construir relacions s\u00f2lides.\" \/>\n<meta property=\"og:url\" content=\"https:\/\/gotoclient.com\/ca\/definitive-guides\/la-guia-de-linkedin-sales-navigator\/\" \/>\n<meta property=\"og:site_name\" content=\"Gotoclient\" \/>\n<meta property=\"article:modified_time\" content=\"2025-12-11T11:05:19+00:00\" \/>\n<meta property=\"og:image\" content=\"https:\/\/gotoclient.com\/wp-content\/uploads\/2025\/01\/Mountaintop-of-success-2.jpeg?wsr\" \/>\n\t<meta property=\"og:image:width\" content=\"763\" \/>\n\t<meta property=\"og:image:height\" content=\"422\" \/>\n\t<meta property=\"og:image:type\" content=\"image\/jpeg\" \/>\n<meta name=\"twitter:card\" content=\"summary_large_image\" \/>\n<meta name=\"twitter:label1\" content=\"Est. reading time\" \/>\n\t<meta name=\"twitter:data1\" content=\"3 minuts\" \/>\n<script type=\"application\/ld+json\" class=\"yoast-schema-graph\">{\"@context\":\"https:\/\/schema.org\",\"@graph\":[{\"@type\":\"TechArticle\",\"@id\":\"https:\/\/gotoclient.com\/ca\/definitive-guides\/la-guia-de-linkedin-sales-navigator\/#article\",\"isPartOf\":{\"@id\":\"https:\/\/gotoclient.com\/ca\/definitive-guides\/la-guia-de-linkedin-sales-navigator\/\"},\"author\":{\"name\":\"Arnau Mir\u00f3\",\"@id\":\"https:\/\/gotoclient.com\/en\/#\/schema\/person\/cb6167a5a199fa877231a24848e3ba86\"},\"headline\":\"La guia de LinkedIn Sales Navigator\",\"datePublished\":\"2025-12-11T10:57:17+00:00\",\"dateModified\":\"2025-12-11T11:05:19+00:00\",\"mainEntityOfPage\":{\"@id\":\"https:\/\/gotoclient.com\/ca\/definitive-guides\/la-guia-de-linkedin-sales-navigator\/\"},\"wordCount\":573,\"publisher\":{\"@id\":\"https:\/\/gotoclient.com\/en\/#organization\"},\"image\":{\"@id\":\"https:\/\/gotoclient.com\/ca\/definitive-guides\/la-guia-de-linkedin-sales-navigator\/#primaryimage\"},\"thumbnailUrl\":\"https:\/\/gotoclient.com\/wp-content\/uploads\/2025\/01\/Mountaintop-of-success-2.jpeg?wsr\",\"inLanguage\":\"ca\"},{\"@type\":\"WebPage\",\"@id\":\"https:\/\/gotoclient.com\/ca\/definitive-guides\/la-guia-de-linkedin-sales-navigator\/\",\"url\":\"https:\/\/gotoclient.com\/ca\/definitive-guides\/la-guia-de-linkedin-sales-navigator\/\",\"name\":\"La guia de LinkedIn Sales Navigator - Gotoclient\",\"isPartOf\":{\"@id\":\"https:\/\/gotoclient.com\/en\/#website\"},\"primaryImageOfPage\":{\"@id\":\"https:\/\/gotoclient.com\/ca\/definitive-guides\/la-guia-de-linkedin-sales-navigator\/#primaryimage\"},\"image\":{\"@id\":\"https:\/\/gotoclient.com\/ca\/definitive-guides\/la-guia-de-linkedin-sales-navigator\/#primaryimage\"},\"thumbnailUrl\":\"https:\/\/gotoclient.com\/wp-content\/uploads\/2025\/01\/Mountaintop-of-success-2.jpeg?wsr\",\"datePublished\":\"2025-12-11T10:57:17+00:00\",\"dateModified\":\"2025-12-11T11:05:19+00:00\",\"description\":\"Apr\u00e8n estrat\u00e8gies clau, t\u00e8cniques i eines per impulsar les vendes amb LinkedIn Sales Navigator B2B i construir relacions s\u00f2lides.\",\"breadcrumb\":{\"@id\":\"https:\/\/gotoclient.com\/ca\/definitive-guides\/la-guia-de-linkedin-sales-navigator\/#breadcrumb\"},\"inLanguage\":\"ca\",\"potentialAction\":[{\"@type\":\"ReadAction\",\"target\":[\"https:\/\/gotoclient.com\/ca\/definitive-guides\/la-guia-de-linkedin-sales-navigator\/\"]}]},{\"@type\":\"ImageObject\",\"inLanguage\":\"ca\",\"@id\":\"https:\/\/gotoclient.com\/ca\/definitive-guides\/la-guia-de-linkedin-sales-navigator\/#primaryimage\",\"url\":\"https:\/\/gotoclient.com\/wp-content\/uploads\/2025\/01\/Mountaintop-of-success-2.jpeg?wsr\",\"contentUrl\":\"https:\/\/gotoclient.com\/wp-content\/uploads\/2025\/01\/Mountaintop-of-success-2.jpeg?wsr\",\"width\":763,\"height\":422,\"caption\":\"The summit of success\"},{\"@type\":\"BreadcrumbList\",\"@id\":\"https:\/\/gotoclient.com\/ca\/definitive-guides\/la-guia-de-linkedin-sales-navigator\/#breadcrumb\",\"itemListElement\":[{\"@type\":\"ListItem\",\"position\":1,\"name\":\"Home\",\"item\":\"https:\/\/gotoclient.com\/ca\/\"},{\"@type\":\"ListItem\",\"position\":2,\"name\":\"Definitive Guides\",\"item\":\"https:\/\/gotoclient.com\/ca\/definitive-guides\/\"},{\"@type\":\"ListItem\",\"position\":3,\"name\":\"La guia de LinkedIn Sales Navigator\"}]},{\"@type\":\"WebSite\",\"@id\":\"https:\/\/gotoclient.com\/en\/#website\",\"url\":\"https:\/\/gotoclient.com\/en\/\",\"name\":\"Gotoclient\",\"description\":\"Marketing Agency\",\"publisher\":{\"@id\":\"https:\/\/gotoclient.com\/en\/#organization\"},\"alternateName\":\"GTC\",\"potentialAction\":[{\"@type\":\"SearchAction\",\"target\":{\"@type\":\"EntryPoint\",\"urlTemplate\":\"https:\/\/gotoclient.com\/en\/?s={search_term_string}\"},\"query-input\":{\"@type\":\"PropertyValueSpecification\",\"valueRequired\":true,\"valueName\":\"search_term_string\"}}],\"inLanguage\":\"ca\"},{\"@type\":\"Organization\",\"@id\":\"https:\/\/gotoclient.com\/en\/#organization\",\"name\":\"Gotoclient\",\"alternateName\":\"GTC\",\"url\":\"https:\/\/gotoclient.com\/en\/\",\"logo\":{\"@type\":\"ImageObject\",\"inLanguage\":\"ca\",\"@id\":\"https:\/\/gotoclient.com\/en\/#\/schema\/logo\/image\/\",\"url\":\"https:\/\/gotoclient.com\/wp-content\/uploads\/2025\/07\/gotoclient_logo_icon.png\",\"contentUrl\":\"https:\/\/gotoclient.com\/wp-content\/uploads\/2025\/07\/gotoclient_logo_icon.png\",\"width\":240,\"height\":266,\"caption\":\"Gotoclient\"},\"image\":{\"@id\":\"https:\/\/gotoclient.com\/en\/#\/schema\/logo\/image\/\"},\"sameAs\":[\"https:\/\/www.instagram.com\/gotoclient\/\",\"https:\/\/www.linkedin.com\/company\/gotoclient\"]},{\"@type\":\"Person\",\"@id\":\"https:\/\/gotoclient.com\/en\/#\/schema\/person\/cb6167a5a199fa877231a24848e3ba86\",\"name\":\"Arnau Mir\u00f3\",\"image\":{\"@type\":\"ImageObject\",\"inLanguage\":\"ca\",\"@id\":\"https:\/\/gotoclient.com\/en\/#\/schema\/person\/image\/\",\"url\":\"https:\/\/secure.gravatar.com\/avatar\/ddec8eb55a068c27f5e8d9d83fb1abe1?s=96&d=mm&r=g\",\"contentUrl\":\"https:\/\/secure.gravatar.com\/avatar\/ddec8eb55a068c27f5e8d9d83fb1abe1?s=96&d=mm&r=g\",\"caption\":\"Arnau Mir\u00f3\"}}]}<\/script>\n<!-- \/ Yoast SEO plugin. -->","yoast_head_json":{"title":"La guia de LinkedIn Sales Navigator - Gotoclient","description":"Apr\u00e8n estrat\u00e8gies clau, t\u00e8cniques i eines per impulsar les vendes amb LinkedIn Sales Navigator B2B i construir relacions s\u00f2lides.","robots":{"index":"index","follow":"follow","max-snippet":"max-snippet:-1","max-image-preview":"max-image-preview:large","max-video-preview":"max-video-preview:-1"},"canonical":"https:\/\/gotoclient.com\/ca\/definitive-guides\/la-guia-de-linkedin-sales-navigator\/","og_locale":"ca_ES","og_type":"article","og_title":"La guia de LinkedIn Sales Navigator - Gotoclient","og_description":"Apr\u00e8n estrat\u00e8gies clau, t\u00e8cniques i eines per impulsar les vendes amb LinkedIn Sales Navigator B2B i construir relacions s\u00f2lides.","og_url":"https:\/\/gotoclient.com\/ca\/definitive-guides\/la-guia-de-linkedin-sales-navigator\/","og_site_name":"Gotoclient","article_modified_time":"2025-12-11T11:05:19+00:00","og_image":[{"width":763,"height":422,"url":"https:\/\/gotoclient.com\/wp-content\/uploads\/2025\/01\/Mountaintop-of-success-2.jpeg?wsr","type":"image\/jpeg"}],"twitter_card":"summary_large_image","twitter_misc":{"Est. reading time":"3 minuts"},"schema":{"@context":"https:\/\/schema.org","@graph":[{"@type":"TechArticle","@id":"https:\/\/gotoclient.com\/ca\/definitive-guides\/la-guia-de-linkedin-sales-navigator\/#article","isPartOf":{"@id":"https:\/\/gotoclient.com\/ca\/definitive-guides\/la-guia-de-linkedin-sales-navigator\/"},"author":{"name":"Arnau Mir\u00f3","@id":"https:\/\/gotoclient.com\/en\/#\/schema\/person\/cb6167a5a199fa877231a24848e3ba86"},"headline":"La guia de LinkedIn Sales Navigator","datePublished":"2025-12-11T10:57:17+00:00","dateModified":"2025-12-11T11:05:19+00:00","mainEntityOfPage":{"@id":"https:\/\/gotoclient.com\/ca\/definitive-guides\/la-guia-de-linkedin-sales-navigator\/"},"wordCount":573,"publisher":{"@id":"https:\/\/gotoclient.com\/en\/#organization"},"image":{"@id":"https:\/\/gotoclient.com\/ca\/definitive-guides\/la-guia-de-linkedin-sales-navigator\/#primaryimage"},"thumbnailUrl":"https:\/\/gotoclient.com\/wp-content\/uploads\/2025\/01\/Mountaintop-of-success-2.jpeg?wsr","inLanguage":"ca"},{"@type":"WebPage","@id":"https:\/\/gotoclient.com\/ca\/definitive-guides\/la-guia-de-linkedin-sales-navigator\/","url":"https:\/\/gotoclient.com\/ca\/definitive-guides\/la-guia-de-linkedin-sales-navigator\/","name":"La guia de LinkedIn Sales Navigator - Gotoclient","isPartOf":{"@id":"https:\/\/gotoclient.com\/en\/#website"},"primaryImageOfPage":{"@id":"https:\/\/gotoclient.com\/ca\/definitive-guides\/la-guia-de-linkedin-sales-navigator\/#primaryimage"},"image":{"@id":"https:\/\/gotoclient.com\/ca\/definitive-guides\/la-guia-de-linkedin-sales-navigator\/#primaryimage"},"thumbnailUrl":"https:\/\/gotoclient.com\/wp-content\/uploads\/2025\/01\/Mountaintop-of-success-2.jpeg?wsr","datePublished":"2025-12-11T10:57:17+00:00","dateModified":"2025-12-11T11:05:19+00:00","description":"Apr\u00e8n estrat\u00e8gies clau, t\u00e8cniques i eines per impulsar les vendes amb LinkedIn Sales Navigator B2B i construir relacions s\u00f2lides.","breadcrumb":{"@id":"https:\/\/gotoclient.com\/ca\/definitive-guides\/la-guia-de-linkedin-sales-navigator\/#breadcrumb"},"inLanguage":"ca","potentialAction":[{"@type":"ReadAction","target":["https:\/\/gotoclient.com\/ca\/definitive-guides\/la-guia-de-linkedin-sales-navigator\/"]}]},{"@type":"ImageObject","inLanguage":"ca","@id":"https:\/\/gotoclient.com\/ca\/definitive-guides\/la-guia-de-linkedin-sales-navigator\/#primaryimage","url":"https:\/\/gotoclient.com\/wp-content\/uploads\/2025\/01\/Mountaintop-of-success-2.jpeg?wsr","contentUrl":"https:\/\/gotoclient.com\/wp-content\/uploads\/2025\/01\/Mountaintop-of-success-2.jpeg?wsr","width":763,"height":422,"caption":"The summit of success"},{"@type":"BreadcrumbList","@id":"https:\/\/gotoclient.com\/ca\/definitive-guides\/la-guia-de-linkedin-sales-navigator\/#breadcrumb","itemListElement":[{"@type":"ListItem","position":1,"name":"Home","item":"https:\/\/gotoclient.com\/ca\/"},{"@type":"ListItem","position":2,"name":"Definitive Guides","item":"https:\/\/gotoclient.com\/ca\/definitive-guides\/"},{"@type":"ListItem","position":3,"name":"La guia de LinkedIn Sales Navigator"}]},{"@type":"WebSite","@id":"https:\/\/gotoclient.com\/en\/#website","url":"https:\/\/gotoclient.com\/en\/","name":"Gotoclient","description":"Marketing Agency","publisher":{"@id":"https:\/\/gotoclient.com\/en\/#organization"},"alternateName":"GTC","potentialAction":[{"@type":"SearchAction","target":{"@type":"EntryPoint","urlTemplate":"https:\/\/gotoclient.com\/en\/?s={search_term_string}"},"query-input":{"@type":"PropertyValueSpecification","valueRequired":true,"valueName":"search_term_string"}}],"inLanguage":"ca"},{"@type":"Organization","@id":"https:\/\/gotoclient.com\/en\/#organization","name":"Gotoclient","alternateName":"GTC","url":"https:\/\/gotoclient.com\/en\/","logo":{"@type":"ImageObject","inLanguage":"ca","@id":"https:\/\/gotoclient.com\/en\/#\/schema\/logo\/image\/","url":"https:\/\/gotoclient.com\/wp-content\/uploads\/2025\/07\/gotoclient_logo_icon.png","contentUrl":"https:\/\/gotoclient.com\/wp-content\/uploads\/2025\/07\/gotoclient_logo_icon.png","width":240,"height":266,"caption":"Gotoclient"},"image":{"@id":"https:\/\/gotoclient.com\/en\/#\/schema\/logo\/image\/"},"sameAs":["https:\/\/www.instagram.com\/gotoclient\/","https:\/\/www.linkedin.com\/company\/gotoclient"]},{"@type":"Person","@id":"https:\/\/gotoclient.com\/en\/#\/schema\/person\/cb6167a5a199fa877231a24848e3ba86","name":"Arnau Mir\u00f3","image":{"@type":"ImageObject","inLanguage":"ca","@id":"https:\/\/gotoclient.com\/en\/#\/schema\/person\/image\/","url":"https:\/\/secure.gravatar.com\/avatar\/ddec8eb55a068c27f5e8d9d83fb1abe1?s=96&d=mm&r=g","contentUrl":"https:\/\/secure.gravatar.com\/avatar\/ddec8eb55a068c27f5e8d9d83fb1abe1?s=96&d=mm&r=g","caption":"Arnau Mir\u00f3"}}]}},"_links":{"self":[{"href":"https:\/\/gotoclient.com\/ca\/wp-json\/wp\/v2\/pages\/20272","targetHints":{"allow":["GET"]}}],"collection":[{"href":"https:\/\/gotoclient.com\/ca\/wp-json\/wp\/v2\/pages"}],"about":[{"href":"https:\/\/gotoclient.com\/ca\/wp-json\/wp\/v2\/types\/page"}],"author":[{"embeddable":true,"href":"https:\/\/gotoclient.com\/ca\/wp-json\/wp\/v2\/users\/16"}],"replies":[{"embeddable":true,"href":"https:\/\/gotoclient.com\/ca\/wp-json\/wp\/v2\/comments?post=20272"}],"version-history":[{"count":1,"href":"https:\/\/gotoclient.com\/ca\/wp-json\/wp\/v2\/pages\/20272\/revisions"}],"predecessor-version":[{"id":20273,"href":"https:\/\/gotoclient.com\/ca\/wp-json\/wp\/v2\/pages\/20272\/revisions\/20273"}],"up":[{"embeddable":true,"href":"https:\/\/gotoclient.com\/ca\/wp-json\/wp\/v2\/pages\/8754"}],"wp:featuredmedia":[{"embeddable":true,"href":"https:\/\/gotoclient.com\/ca\/wp-json\/wp\/v2\/media\/16702"}],"wp:attachment":[{"href":"https:\/\/gotoclient.com\/ca\/wp-json\/wp\/v2\/media?parent=20272"}],"curies":[{"name":"wp","href":"https:\/\/api.w.org\/{rel}","templated":true}]}}