{"id":5487,"date":"2020-07-29T10:35:00","date_gmt":"2020-07-29T09:35:00","guid":{"rendered":"https:\/\/gotoclient.com\/?page_id=5487"},"modified":"2025-07-03T15:12:01","modified_gmt":"2025-07-03T14:12:01","slug":"promocions-b2b-i-per-consumidor","status":"publish","type":"page","link":"https:\/\/gotoclient.com\/ca\/serveis\/promocions-b2b-i-per-consumidor\/","title":{"rendered":"Promocions B2B &amp; per consumidor"},"content":{"rendered":"\n<h1 class=\"wp-block-heading has-text-align-center has-x-large-font-size\" id=\"h-promocions-b2b-per-consumidor\"><strong>Promocions B2B &amp; per consumidor<\/strong><\/h1>\n\n\n\n<h5 class=\"wp-block-heading has-text-align-center has-gray-color has-text-color\" id=\"h-com-a-agencia-especialitzada-en-promocions-b2b-i-de-consum-incrementem-les-vendes-dels-nostres-clients-a-traves-del-marketing-de-promocions-oferim-multiples-tipus-de-serveis-promocionals\"><strong>Com a ag\u00e8ncia especialitzada en promocions B2B i de consum incrementem les vendes dels nostres clients a trav\u00e9s del marketing de promocions. Oferim m\u00faltiples tipus de serveis promocionals.<\/strong><\/h5>\n\n\n\n<div style=\"height:22px\" aria-hidden=\"true\" class=\"wp-block-spacer\"><\/div>\n\n\n\n<hr class=\"wp-block-separator has-css-opacity\"\/>\n\n\n\n<div style=\"height:22px\" aria-hidden=\"true\" class=\"wp-block-spacer\"><\/div>\n\n\n\n<div class=\"wp-block-columns is-layout-flex wp-container-core-columns-is-layout-1 wp-block-columns-is-layout-flex\">\n<div class=\"wp-block-column is-layout-flow wp-block-column-is-layout-flow\">\n<h2 class=\"wp-block-heading has-black-color has-text-color\" id=\"h-promocions-de-vendes\"><strong>Promocions de vendes<\/strong><\/h2>\n\n\n\n<div style=\"height:22px\" aria-hidden=\"true\" class=\"wp-block-spacer\"><\/div>\n\n\n\n<h5 class=\"wp-block-heading has-gray-color has-text-color\" id=\"h-construim-tot-tipus-de-promocions-tant-per-a-clients-empresarials-b2b-dels-nostres-clients-com-per-al-consumidor-b2c-oferim-al-teu-equip-el-desenvolupament-a-360\u00ba-de-campanyes-que-abracen-del-set-up-fins-al-follow-up-de-la-campanya-definim-les-necessitats-de-la-teva-empresa-i-ens-coordinem-internament-per-a-dur-a-terme-tots-els-elements-necessaris-per-al-llancament-de-la-promocio-aquests-son-la-creacio-d-un-microsite-promocional-la-generacio-d-elements-de-comunicacio-offline-wobblers-flyers-totems-etc-i-online-diversos-formats-de-banners-per-a-ppc-a-traves-d-un-servei-complet-i-de-qualitat-aconseguim-incrementar-el-nombre-de-vendes-dels-nostres-clients\">Constru\u00efm tot tipus de promocions tant per a clients empresarials (B2B) dels nostres clients com <a aria-label=\"per al consumidor (B2C) (opens in a new tab)\" href=\"https:\/\/gotoclient.com\/ca\/blog\/promociones-exitosas-para-llegar-al-consumidor-final-durante-el-covid-19\/?preview_id=4652&#038;preview_nonce=d7d5f3350d&#038;preview=true&#038;_thumbnail_id=4650\" target=\"_blank\" rel=\"noreferrer noopener\">per al consumidor (B2C)<\/a>. Oferim al teu equip el desenvolupament a 360\u00ba de campanyes que abracen del set&nbsp;up&nbsp;fins al&nbsp;follow&nbsp;up&nbsp;de la campanya. Definim les necessitats de la teva empresa i ens coordinem internament per a dur a terme tots els elements necessaris per al llan\u00e7ament de la promoci\u00f3. Aquests s\u00f3n la creaci\u00f3 d&#8217;un&nbsp;microsite&nbsp;promocional, la generaci\u00f3 d&#8217;elements de comunicaci\u00f3 offline (wobblers, flyers,&nbsp;totems, etc) i online (diversos formats de banners per a PPC). A trav\u00e9s d&#8217;un servei complet i de qualitat aconseguim incrementar el nombre de vendes dels nostres clients.<\/h5>\n\n\n\n<div style=\"height:22px\" aria-hidden=\"true\" class=\"wp-block-spacer\"><\/div>\n\n\n\n<h5 class=\"wp-block-heading has-gray-color has-text-color\" id=\"h-treballem-amb-tot-tipus-de-formats-de-promocions-per-a-b2b-i-b2c-els-quals-son-l-activacio-de-vendes-promocions-de-redempcio-diferides-i-de-sell-out-tipus-cashback-prova-i-compra-compra-i-prova-tota-mena-de-concursos-sortejos-i-regals-per-compra-abans-de-llancar-la-campanya-duem-a-terme-un-testing-per-a-verificar-que-la-tots-els-elements-de-la-campanya-funcionen-correctament\">Treballem amb tot tipus de formats de promocions per a B2B i B2C, els quals s\u00f3n l&#8217;activaci\u00f3 de vendes, promocions de redempci\u00f3, diferides i de&nbsp;sell-out, tipus&nbsp;<a aria-label=\"cashback (opens in a new tab)\" href=\"https:\/\/gotoclient.com\/ca\/what-cashback-means-and-how-cashback-works\/?preview_id=287&#038;preview_nonce=68d9090986&#038;preview=true&#038;_thumbnail_id=4272\" target=\"_blank\" rel=\"noreferrer noopener\">cashback<\/a>, prova i compra, compra i prova, tota mena de concursos, sortejos, i regals per compra. Abans de llan\u00e7ar la campanya, duem a terme un&nbsp;testing&nbsp;per a verificar que la tots els elements de la campanya funcionen correctament.<\/h5>\n\n\n\n<div style=\"height:22px\" aria-hidden=\"true\" class=\"wp-block-spacer\"><\/div>\n\n\n\n<h5 class=\"wp-block-heading has-gray-color has-text-color\" id=\"h-com-a-especialistes-en-el-marketing-de-promocions-el-nostre-objectiu-es-aconseguir-les-metes-dels-nostres-clients-gestionem-les-promocions-i-validem-les-participacions-a-traves-del-nostre-software-runrunpromos-amb-la-capacitat-d-executar-mes-de-140-combinacions-de-promocions-a-traves-de-runrunpromos-realitzem-el-seguiment-de-cada-promocio-a-360\u00ba-ja-que-analitzem-els-kpis-i-les-metriques-i-realitzem-reports-setmanals-per-a-informar-el-teu-equip-sobre-els-resultats\">Com a especialistes en el marketing de promocions, el nostre objectiu \u00e9s aconseguir les metes dels nostres clients. Gestionem les promocions i validem les participacions a trav\u00e9s del nostre software RunRunPromos, amb la capacitat d&#8217;executar <a aria-label=\"m\u00e9s de 140 combinacions de promocions (opens in a new tab)\" href=\"https:\/\/gotoclient.com\/en\/blog\/online-promotions-mechanics-do-spain-our-promotional-platform\/\" target=\"_blank\" rel=\"noreferrer noopener\">m\u00e9s de 140 combinacions de promocions<\/a>. A trav\u00e9s de&nbsp;RunRunPromos&nbsp;realitzem el seguiment de cada promoci\u00f3 a 360\u00ba, ja que analitzem els&nbsp;KPIs&nbsp;i les m\u00e8triques i realitzem reports setmanals per a informar el teu equip sobre els resultats.<\/h5>\n\n\n\n<div style=\"height:22px\" aria-hidden=\"true\" class=\"wp-block-spacer\"><\/div>\n\n\n\n<h2 class=\"wp-block-heading\" id=\"h-beneficis-promocions-b2b-i-per-a-consumidor\"><strong>Beneficis promocions B2B i per a consumidor:<\/strong><\/h2>\n\n\n\n<div style=\"height:22px\" aria-hidden=\"true\" class=\"wp-block-spacer\"><\/div>\n\n\n\n<h5 class=\"wp-block-heading has-gray-color has-text-color\" id=\"h-el-69-dels-consumidors-esperen-tant-de-les-marques-com-d-ells-mateixos-segons-gartner-les-marques-no-poden-no-respondre-a-aquesta-tendencia-els-nostres-clients-han-augmentat-la-fidelitzacio-via-oferir-avantatges-i-ofertes-promocionals-exclusives\">El 69% dels consumidors esperen tant de les marques com d&#8217;ells mateixos, segons&nbsp;<a href=\"https:\/\/emtemp.gcom.cloud\/ngw\/globalassets\/en\/marketing\/documents\/marketing-consumer-sentiment-about-covid-19.pdf\" target=\"_blank\" rel=\"noreferrer noopener\">Gartner<\/a>. Les marques no poden no respondre a aquesta tend\u00e8ncia. Els nostres clients han augmentat la fidelitzaci\u00f3 via oferir avantatges i ofertes promocionals exclusives.<\/h5>\n\n\n\n<div style=\"height:22px\" aria-hidden=\"true\" class=\"wp-block-spacer\"><\/div>\n\n\n\n<h5 class=\"wp-block-heading has-gray-color has-text-color\" id=\"h-els-consumidors-estan-experimentant-disminucions-d-ingressos-a-nivell-mundial-arran-del-covid-19-en-una-enquesta-de-mc-kinsey-el-51-dels-enquestats-a-espanya-han-experimentat-una-disminucio-d-ingressos-53-a-italia-38-a-franca-i-el-regne-unit-30-a-alemanya-41-als-eua-57-a-la-xina-i-65-a-l-india-en-consequencia-els-consumidors-b2b-i-b2c-busquen-cada-vegada-mes-ofertes-i-descomptes-en-les-seves-compres\">Els consumidors estan experimentant disminucions d&#8217;ingressos a nivell mundial arran del COVID-19. En una enquesta de&nbsp;<a href=\"https:\/\/www.mckinsey.com\/business-functions\/marketing-and-sales\/our-insights\/a-global-view-of-how-consumer-behavior-is-changing-amid-covid-19\" target=\"_blank\" rel=\"noreferrer noopener\">Mc Kinsey<\/a>, el 51% dels enquestats a Espanya han experimentat una disminuci\u00f3 d&#8217;ingressos. 53% a It\u00e0lia, 38% a Fran\u00e7a i el Regne Unit, 30% a Alemanya, 41% als EUA, 57% a la Xina i 65% a l&#8217;\u00cdndia. En conseq\u00fc\u00e8ncia, els consumidors B2B i B2C busquen cada vegada m\u00e9s ofertes i descomptes en les seves compres.<\/h5>\n\n\n\n<div style=\"height:22px\" aria-hidden=\"true\" class=\"wp-block-spacer\"><\/div>\n\n\n\n<h5 class=\"wp-block-heading has-gray-color has-text-color\" id=\"h-oportunitat-de-construir-una-campanya-promocional-amb-gotoclient-una-de-les-millors-agencies-de-marqueting-de-promocions-impulsa-les-vendes-de-la-teva-empresa-i-amplia-la-cartera-de-clients-b2b-o-la-base-instal-lada-de-consumidors\">Oportunitat de construir una campanya promocional amb&nbsp;Gotoclient, una de les millors ag\u00e8ncies de m\u00e0rqueting de promocions. Impulsa les vendes de la teva empresa i \u00e0mplia la cartera de clients B2B o la base instal\u00b7lada de consumidors.<\/h5>\n\n\n\n<div style=\"height:22px\" aria-hidden=\"true\" class=\"wp-block-spacer\"><\/div>\n\n\n\n<h5 class=\"wp-block-heading has-gray-color has-text-color\" id=\"h-el-software-runrunpromos-permet-obtenir-la-millor-analisi-per-a-realitzar-la-promocio-adequada-segons-l-objectiu-del-moment-juntament-amb-la-creacio-de-l-oferta-promocional-adequada\">El software RunRunPromos permet obtenir la millor an\u00e0lisi per a realitzar la promoci\u00f3 adequada segons l&#8217;objectiu del moment, juntament amb la creaci\u00f3 de l&#8217;oferta promocional adequada. <\/h5>\n\n\n\n<div style=\"height:22px\" aria-hidden=\"true\" class=\"wp-block-spacer\"><\/div>\n<\/div>\n\n\n\n<div class=\"wp-block-column is-layout-flow wp-block-column-is-layout-flow\">\n<figure class=\"wp-block-image size-large\"><img loading=\"lazy\" decoding=\"async\" width=\"700\" height=\"942\" src=\"https:\/\/gotoclient.com\/wp-content\/uploads\/2020\/07\/consumer-promotions-700x942.jpg\" alt=\"\" class=\"wp-image-5396\" srcset=\"https:\/\/gotoclient.com\/wp-content\/uploads\/2020\/07\/consumer-promotions-700x942.jpg 700w, https:\/\/gotoclient.com\/wp-content\/uploads\/2020\/07\/consumer-promotions-250x337.jpg 250w, https:\/\/gotoclient.com\/wp-content\/uploads\/2020\/07\/consumer-promotions-768x1034.jpg 768w, https:\/\/gotoclient.com\/wp-content\/uploads\/2020\/07\/consumer-promotions-758x1020.jpg 758w, https:\/\/gotoclient.com\/wp-content\/uploads\/2020\/07\/consumer-promotions-542x730.jpg 542w, https:\/\/gotoclient.com\/wp-content\/uploads\/2020\/07\/consumer-promotions-120x162.jpg 120w, https:\/\/gotoclient.com\/wp-content\/uploads\/2020\/07\/consumer-promotions-325x437.jpg 325w, https:\/\/gotoclient.com\/wp-content\/uploads\/2020\/07\/consumer-promotions.jpg 817w\" sizes=\"auto, (max-width: 700px) 100vw, 700px\" \/><\/figure>\n<\/div>\n<\/div>\n\n\n\n<div style=\"height:50px\" aria-hidden=\"true\" class=\"wp-block-spacer\"><\/div>\n\n\n\n<hr class=\"wp-block-separator has-css-opacity\"\/>\n\n\n\n<div class=\"wp-block-columns is-layout-flex wp-container-core-columns-is-layout-2 wp-block-columns-is-layout-flex\">\n<div class=\"wp-block-column is-layout-flow wp-block-column-is-layout-flow\">\n<div class=\"wp-block-group\"><div class=\"wp-block-group__inner-container is-layout-flow wp-block-group-is-layout-flow\">\n<h4 class=\"wp-block-heading has-gray-color has-text-color\" id=\"h-apren-mes-sobre-els-nostres-projectes-al-portfolio\">Apr\u00e8n m\u00e9s sobre els nostres projectes al portfolio<\/h4>\n\n\n<a href=\"https:\/\/portfolio.gotoclient.com\/\" class=\"block-button\" target=\"_self\">\n    Llegeix el portfolio<\/a>\n<style type=\"text\/css\">\n    #button-block_a0a1e01098559d26953ebf410449e9ac {\n        background: ;\n        color: ;\n    }\n<\/style>\n<\/div><\/div>\n<\/div>\n\n\n\n<div class=\"wp-block-column is-layout-flow wp-block-column-is-layout-flow\">\n<div class=\"wp-block-group\"><div class=\"wp-block-group__inner-container is-layout-flow wp-block-group-is-layout-flow\">\n<h4 class=\"wp-block-heading has-gray-color has-text-color\" id=\"h-els-nostres-preus-i-serveis\">Els nostres preus i serveis<\/h4>\n\n\n\n<div style=\"height:5px\" aria-hidden=\"true\" class=\"wp-block-spacer\"><\/div>\n\n\n<a href=\"https:\/\/gotoclient.com\/en\/pricing\/\" class=\"block-button\" target=\"_self\">\n    See the pricing<\/a>\n<style type=\"text\/css\">\n    #button-block_8b932e88fe6aabb3ce7f71776018cb95 {\n        background: ;\n        color: ;\n    }\n<\/style>\n<\/div><\/div>\n<\/div>\n<\/div>\n","protected":false},"excerpt":{"rendered":"<p>Promocions B2B &amp; per consumidor Com a ag\u00e8ncia especialitzada en promocions B2B i de consum incrementem les vendes dels nostres clients a trav\u00e9s del marketing de promocions. Oferim m\u00faltiples tipus de serveis promocionals. Promocions de vendes Constru\u00efm tot tipus de promocions tant per a clients empresarials (B2B) dels nostres clients com per al consumidor (B2C). [&hellip;]<\/p>\n","protected":false},"author":14,"featured_media":17142,"parent":5475,"menu_order":0,"comment_status":"closed","ping_status":"closed","template":"","meta":{"_acf_changed":false,"footnotes":""},"class_list":["post-5487","page","type-page","status-publish","has-post-thumbnail","hentry"],"acf":[],"yoast_head":"<!-- This site is optimized with the Yoast SEO plugin v24.8.1 - https:\/\/yoast.com\/wordpress\/plugins\/seo\/ -->\n<title>Promocions B2B &amp; per consumidor - Gotoclient<\/title>\n<meta name=\"description\" content=\"Som una ag\u00e8ncia especialitzada a construir promocions B2B i per a consumidor amb l&#039;objectiu d&#039;impulsar les vendes dels nostres clients.\" \/>\n<meta name=\"robots\" content=\"index, follow, max-snippet:-1, max-image-preview:large, max-video-preview:-1\" \/>\n<link rel=\"canonical\" href=\"https:\/\/gotoclient.com\/ca\/serveis\/promocions-b2b-i-per-consumidor\/\" \/>\n<meta property=\"og:locale\" content=\"ca_ES\" \/>\n<meta property=\"og:type\" content=\"article\" \/>\n<meta property=\"og:title\" content=\"Promocions B2B &amp; per consumidor - Gotoclient\" \/>\n<meta property=\"og:description\" content=\"Som una ag\u00e8ncia especialitzada a construir promocions B2B i per a consumidor amb l&#039;objectiu d&#039;impulsar les vendes dels nostres clients.\" \/>\n<meta property=\"og:url\" content=\"https:\/\/gotoclient.com\/ca\/serveis\/promocions-b2b-i-per-consumidor\/\" \/>\n<meta property=\"og:site_name\" content=\"Gotoclient\" \/>\n<meta property=\"article:modified_time\" content=\"2025-07-03T14:12:01+00:00\" \/>\n<meta property=\"og:image\" content=\"https:\/\/gotoclient.com\/wp-content\/uploads\/2024\/10\/Google-Ads-Lighthouse.jpg?wsr\" \/>\n\t<meta property=\"og:image:width\" content=\"542\" \/>\n\t<meta property=\"og:image:height\" content=\"360\" \/>\n\t<meta property=\"og:image:type\" content=\"image\/jpeg\" \/>\n<meta name=\"twitter:card\" content=\"summary_large_image\" \/>\n<meta name=\"twitter:label1\" content=\"Est. reading time\" \/>\n\t<meta name=\"twitter:data1\" content=\"3 minuts\" \/>\n<script type=\"application\/ld+json\" class=\"yoast-schema-graph\">{\"@context\":\"https:\/\/schema.org\",\"@graph\":[{\"@type\":\"TechArticle\",\"@id\":\"https:\/\/gotoclient.com\/ca\/serveis\/promocions-b2b-i-per-consumidor\/#article\",\"isPartOf\":{\"@id\":\"https:\/\/gotoclient.com\/ca\/serveis\/promocions-b2b-i-per-consumidor\/\"},\"author\":{\"name\":\"Guillem Galera\",\"@id\":\"https:\/\/gotoclient.com\/en\/#\/schema\/person\/37760905c24f93e481974fc0165dfb92\"},\"headline\":\"Promocions B2B &amp; per consumidor\",\"datePublished\":\"2020-07-29T09:35:00+00:00\",\"dateModified\":\"2025-07-03T14:12:01+00:00\",\"mainEntityOfPage\":{\"@id\":\"https:\/\/gotoclient.com\/ca\/serveis\/promocions-b2b-i-per-consumidor\/\"},\"wordCount\":526,\"publisher\":{\"@id\":\"https:\/\/gotoclient.com\/en\/#organization\"},\"image\":{\"@id\":\"https:\/\/gotoclient.com\/ca\/serveis\/promocions-b2b-i-per-consumidor\/#primaryimage\"},\"thumbnailUrl\":\"https:\/\/gotoclient.com\/wp-content\/uploads\/2024\/10\/Google-Ads-Lighthouse.jpg?wsr\",\"inLanguage\":\"ca\"},{\"@type\":\"WebPage\",\"@id\":\"https:\/\/gotoclient.com\/ca\/serveis\/promocions-b2b-i-per-consumidor\/\",\"url\":\"https:\/\/gotoclient.com\/ca\/serveis\/promocions-b2b-i-per-consumidor\/\",\"name\":\"Promocions B2B &amp; per consumidor - Gotoclient\",\"isPartOf\":{\"@id\":\"https:\/\/gotoclient.com\/en\/#website\"},\"primaryImageOfPage\":{\"@id\":\"https:\/\/gotoclient.com\/ca\/serveis\/promocions-b2b-i-per-consumidor\/#primaryimage\"},\"image\":{\"@id\":\"https:\/\/gotoclient.com\/ca\/serveis\/promocions-b2b-i-per-consumidor\/#primaryimage\"},\"thumbnailUrl\":\"https:\/\/gotoclient.com\/wp-content\/uploads\/2024\/10\/Google-Ads-Lighthouse.jpg?wsr\",\"datePublished\":\"2020-07-29T09:35:00+00:00\",\"dateModified\":\"2025-07-03T14:12:01+00:00\",\"description\":\"Som una ag\u00e8ncia especialitzada a construir promocions B2B i per a consumidor amb l'objectiu d'impulsar les vendes dels nostres clients.\",\"breadcrumb\":{\"@id\":\"https:\/\/gotoclient.com\/ca\/serveis\/promocions-b2b-i-per-consumidor\/#breadcrumb\"},\"inLanguage\":\"ca\",\"potentialAction\":[{\"@type\":\"ReadAction\",\"target\":[\"https:\/\/gotoclient.com\/ca\/serveis\/promocions-b2b-i-per-consumidor\/\"]}]},{\"@type\":\"ImageObject\",\"inLanguage\":\"ca\",\"@id\":\"https:\/\/gotoclient.com\/ca\/serveis\/promocions-b2b-i-per-consumidor\/#primaryimage\",\"url\":\"https:\/\/gotoclient.com\/wp-content\/uploads\/2024\/10\/Google-Ads-Lighthouse.jpg?wsr\",\"contentUrl\":\"https:\/\/gotoclient.com\/wp-content\/uploads\/2024\/10\/Google-Ads-Lighthouse.jpg?wsr\",\"width\":542,\"height\":360,\"caption\":\"Guides to improve your sales\"},{\"@type\":\"BreadcrumbList\",\"@id\":\"https:\/\/gotoclient.com\/ca\/serveis\/promocions-b2b-i-per-consumidor\/#breadcrumb\",\"itemListElement\":[{\"@type\":\"ListItem\",\"position\":1,\"name\":\"Home\",\"item\":\"https:\/\/gotoclient.com\/ca\/\"},{\"@type\":\"ListItem\",\"position\":2,\"name\":\"Serveis\",\"item\":\"https:\/\/gotoclient.com\/ca\/serveis\/\"},{\"@type\":\"ListItem\",\"position\":3,\"name\":\"Promocions B2B &amp; per consumidor\"}]},{\"@type\":\"WebSite\",\"@id\":\"https:\/\/gotoclient.com\/en\/#website\",\"url\":\"https:\/\/gotoclient.com\/en\/\",\"name\":\"Gotoclient\",\"description\":\"Marketing Agency\",\"publisher\":{\"@id\":\"https:\/\/gotoclient.com\/en\/#organization\"},\"alternateName\":\"GTC\",\"potentialAction\":[{\"@type\":\"SearchAction\",\"target\":{\"@type\":\"EntryPoint\",\"urlTemplate\":\"https:\/\/gotoclient.com\/en\/?s={search_term_string}\"},\"query-input\":{\"@type\":\"PropertyValueSpecification\",\"valueRequired\":true,\"valueName\":\"search_term_string\"}}],\"inLanguage\":\"ca\"},{\"@type\":\"Organization\",\"@id\":\"https:\/\/gotoclient.com\/en\/#organization\",\"name\":\"Gotoclient\",\"alternateName\":\"GTC\",\"url\":\"https:\/\/gotoclient.com\/en\/\",\"logo\":{\"@type\":\"ImageObject\",\"inLanguage\":\"ca\",\"@id\":\"https:\/\/gotoclient.com\/en\/#\/schema\/logo\/image\/\",\"url\":\"https:\/\/gotoclient.com\/wp-content\/uploads\/2025\/07\/gotoclient_logo_icon.png\",\"contentUrl\":\"https:\/\/gotoclient.com\/wp-content\/uploads\/2025\/07\/gotoclient_logo_icon.png\",\"width\":240,\"height\":266,\"caption\":\"Gotoclient\"},\"image\":{\"@id\":\"https:\/\/gotoclient.com\/en\/#\/schema\/logo\/image\/\"},\"sameAs\":[\"https:\/\/www.instagram.com\/gotoclient\/\",\"https:\/\/www.linkedin.com\/company\/gotoclient\"]},{\"@type\":\"Person\",\"@id\":\"https:\/\/gotoclient.com\/en\/#\/schema\/person\/37760905c24f93e481974fc0165dfb92\",\"name\":\"Guillem Galera\",\"image\":{\"@type\":\"ImageObject\",\"inLanguage\":\"ca\",\"@id\":\"https:\/\/gotoclient.com\/en\/#\/schema\/person\/image\/\",\"url\":\"https:\/\/secure.gravatar.com\/avatar\/bd5077db31c4aaf23eb05566e768319a?s=96&d=mm&r=g\",\"contentUrl\":\"https:\/\/secure.gravatar.com\/avatar\/bd5077db31c4aaf23eb05566e768319a?s=96&d=mm&r=g\",\"caption\":\"Guillem Galera\"}}]}<\/script>\n<!-- \/ Yoast SEO plugin. -->","yoast_head_json":{"title":"Promocions B2B &amp; per consumidor - Gotoclient","description":"Som una ag\u00e8ncia especialitzada a construir promocions B2B i per a consumidor amb l'objectiu d'impulsar les vendes dels nostres clients.","robots":{"index":"index","follow":"follow","max-snippet":"max-snippet:-1","max-image-preview":"max-image-preview:large","max-video-preview":"max-video-preview:-1"},"canonical":"https:\/\/gotoclient.com\/ca\/serveis\/promocions-b2b-i-per-consumidor\/","og_locale":"ca_ES","og_type":"article","og_title":"Promocions B2B &amp; per consumidor - Gotoclient","og_description":"Som una ag\u00e8ncia especialitzada a construir promocions B2B i per a consumidor amb l'objectiu d'impulsar les vendes dels nostres clients.","og_url":"https:\/\/gotoclient.com\/ca\/serveis\/promocions-b2b-i-per-consumidor\/","og_site_name":"Gotoclient","article_modified_time":"2025-07-03T14:12:01+00:00","og_image":[{"width":542,"height":360,"url":"https:\/\/gotoclient.com\/wp-content\/uploads\/2024\/10\/Google-Ads-Lighthouse.jpg?wsr","type":"image\/jpeg"}],"twitter_card":"summary_large_image","twitter_misc":{"Est. reading time":"3 minuts"},"schema":{"@context":"https:\/\/schema.org","@graph":[{"@type":"TechArticle","@id":"https:\/\/gotoclient.com\/ca\/serveis\/promocions-b2b-i-per-consumidor\/#article","isPartOf":{"@id":"https:\/\/gotoclient.com\/ca\/serveis\/promocions-b2b-i-per-consumidor\/"},"author":{"name":"Guillem Galera","@id":"https:\/\/gotoclient.com\/en\/#\/schema\/person\/37760905c24f93e481974fc0165dfb92"},"headline":"Promocions B2B &amp; per consumidor","datePublished":"2020-07-29T09:35:00+00:00","dateModified":"2025-07-03T14:12:01+00:00","mainEntityOfPage":{"@id":"https:\/\/gotoclient.com\/ca\/serveis\/promocions-b2b-i-per-consumidor\/"},"wordCount":526,"publisher":{"@id":"https:\/\/gotoclient.com\/en\/#organization"},"image":{"@id":"https:\/\/gotoclient.com\/ca\/serveis\/promocions-b2b-i-per-consumidor\/#primaryimage"},"thumbnailUrl":"https:\/\/gotoclient.com\/wp-content\/uploads\/2024\/10\/Google-Ads-Lighthouse.jpg?wsr","inLanguage":"ca"},{"@type":"WebPage","@id":"https:\/\/gotoclient.com\/ca\/serveis\/promocions-b2b-i-per-consumidor\/","url":"https:\/\/gotoclient.com\/ca\/serveis\/promocions-b2b-i-per-consumidor\/","name":"Promocions B2B &amp; per consumidor - Gotoclient","isPartOf":{"@id":"https:\/\/gotoclient.com\/en\/#website"},"primaryImageOfPage":{"@id":"https:\/\/gotoclient.com\/ca\/serveis\/promocions-b2b-i-per-consumidor\/#primaryimage"},"image":{"@id":"https:\/\/gotoclient.com\/ca\/serveis\/promocions-b2b-i-per-consumidor\/#primaryimage"},"thumbnailUrl":"https:\/\/gotoclient.com\/wp-content\/uploads\/2024\/10\/Google-Ads-Lighthouse.jpg?wsr","datePublished":"2020-07-29T09:35:00+00:00","dateModified":"2025-07-03T14:12:01+00:00","description":"Som una ag\u00e8ncia especialitzada a construir promocions B2B i per a consumidor amb l'objectiu d'impulsar les vendes dels nostres clients.","breadcrumb":{"@id":"https:\/\/gotoclient.com\/ca\/serveis\/promocions-b2b-i-per-consumidor\/#breadcrumb"},"inLanguage":"ca","potentialAction":[{"@type":"ReadAction","target":["https:\/\/gotoclient.com\/ca\/serveis\/promocions-b2b-i-per-consumidor\/"]}]},{"@type":"ImageObject","inLanguage":"ca","@id":"https:\/\/gotoclient.com\/ca\/serveis\/promocions-b2b-i-per-consumidor\/#primaryimage","url":"https:\/\/gotoclient.com\/wp-content\/uploads\/2024\/10\/Google-Ads-Lighthouse.jpg?wsr","contentUrl":"https:\/\/gotoclient.com\/wp-content\/uploads\/2024\/10\/Google-Ads-Lighthouse.jpg?wsr","width":542,"height":360,"caption":"Guides to improve your sales"},{"@type":"BreadcrumbList","@id":"https:\/\/gotoclient.com\/ca\/serveis\/promocions-b2b-i-per-consumidor\/#breadcrumb","itemListElement":[{"@type":"ListItem","position":1,"name":"Home","item":"https:\/\/gotoclient.com\/ca\/"},{"@type":"ListItem","position":2,"name":"Serveis","item":"https:\/\/gotoclient.com\/ca\/serveis\/"},{"@type":"ListItem","position":3,"name":"Promocions B2B &amp; per consumidor"}]},{"@type":"WebSite","@id":"https:\/\/gotoclient.com\/en\/#website","url":"https:\/\/gotoclient.com\/en\/","name":"Gotoclient","description":"Marketing Agency","publisher":{"@id":"https:\/\/gotoclient.com\/en\/#organization"},"alternateName":"GTC","potentialAction":[{"@type":"SearchAction","target":{"@type":"EntryPoint","urlTemplate":"https:\/\/gotoclient.com\/en\/?s={search_term_string}"},"query-input":{"@type":"PropertyValueSpecification","valueRequired":true,"valueName":"search_term_string"}}],"inLanguage":"ca"},{"@type":"Organization","@id":"https:\/\/gotoclient.com\/en\/#organization","name":"Gotoclient","alternateName":"GTC","url":"https:\/\/gotoclient.com\/en\/","logo":{"@type":"ImageObject","inLanguage":"ca","@id":"https:\/\/gotoclient.com\/en\/#\/schema\/logo\/image\/","url":"https:\/\/gotoclient.com\/wp-content\/uploads\/2025\/07\/gotoclient_logo_icon.png","contentUrl":"https:\/\/gotoclient.com\/wp-content\/uploads\/2025\/07\/gotoclient_logo_icon.png","width":240,"height":266,"caption":"Gotoclient"},"image":{"@id":"https:\/\/gotoclient.com\/en\/#\/schema\/logo\/image\/"},"sameAs":["https:\/\/www.instagram.com\/gotoclient\/","https:\/\/www.linkedin.com\/company\/gotoclient"]},{"@type":"Person","@id":"https:\/\/gotoclient.com\/en\/#\/schema\/person\/37760905c24f93e481974fc0165dfb92","name":"Guillem Galera","image":{"@type":"ImageObject","inLanguage":"ca","@id":"https:\/\/gotoclient.com\/en\/#\/schema\/person\/image\/","url":"https:\/\/secure.gravatar.com\/avatar\/bd5077db31c4aaf23eb05566e768319a?s=96&d=mm&r=g","contentUrl":"https:\/\/secure.gravatar.com\/avatar\/bd5077db31c4aaf23eb05566e768319a?s=96&d=mm&r=g","caption":"Guillem Galera"}}]}},"_links":{"self":[{"href":"https:\/\/gotoclient.com\/ca\/wp-json\/wp\/v2\/pages\/5487","targetHints":{"allow":["GET"]}}],"collection":[{"href":"https:\/\/gotoclient.com\/ca\/wp-json\/wp\/v2\/pages"}],"about":[{"href":"https:\/\/gotoclient.com\/ca\/wp-json\/wp\/v2\/types\/page"}],"author":[{"embeddable":true,"href":"https:\/\/gotoclient.com\/ca\/wp-json\/wp\/v2\/users\/14"}],"replies":[{"embeddable":true,"href":"https:\/\/gotoclient.com\/ca\/wp-json\/wp\/v2\/comments?post=5487"}],"version-history":[{"count":21,"href":"https:\/\/gotoclient.com\/ca\/wp-json\/wp\/v2\/pages\/5487\/revisions"}],"predecessor-version":[{"id":19483,"href":"https:\/\/gotoclient.com\/ca\/wp-json\/wp\/v2\/pages\/5487\/revisions\/19483"}],"up":[{"embeddable":true,"href":"https:\/\/gotoclient.com\/ca\/wp-json\/wp\/v2\/pages\/5475"}],"wp:featuredmedia":[{"embeddable":true,"href":"https:\/\/gotoclient.com\/ca\/wp-json\/wp\/v2\/media\/17142"}],"wp:attachment":[{"href":"https:\/\/gotoclient.com\/ca\/wp-json\/wp\/v2\/media?parent=5487"}],"curies":[{"name":"wp","href":"https:\/\/api.w.org\/{rel}","templated":true}]}}