{"id":5499,"date":"2020-07-29T10:37:12","date_gmt":"2020-07-29T09:37:12","guid":{"rendered":"https:\/\/gotoclient.com\/?page_id=5499"},"modified":"2025-07-03T15:08:35","modified_gmt":"2025-07-03T14:08:35","slug":"fidelitzacio-de-canal","status":"publish","type":"page","link":"https:\/\/gotoclient.com\/ca\/serveis\/fidelitzacio-de-canal\/","title":{"rendered":"Fidelitzaci\u00f3 de canal"},"content":{"rendered":"\n<h1 class=\"wp-block-heading has-text-align-center has-x-large-font-size\" id=\"h-fidelitzacio-de-canal\"><strong>Fidelitzaci\u00f3 de canal<\/strong><\/h1>\n\n\n\n<h5 class=\"wp-block-heading has-text-align-center has-gray-color has-text-color\" id=\"h-com-a-agencia-de-canal-de-distribucio-desenvolupem-programes-de-fidelitzacio-de-canal-potenciem-les-vendes-de-marques-i-fabricants-amb-canals-de-distribucio-indirecta-la-nostra-finalitat-es-optimitzar-les-seves-inversions-en-el-canal-i-per-a-lluitar-contra-el-mercat-paral-lel\">Com a ag\u00e8ncia de canal de distribuci\u00f3 desenvolupem programes de fidelitzaci\u00f3 de canal. Potenciem les vendes de marques i fabricants amb canals de distribuci\u00f3 indirecta. La nostra finalitat \u00e9s optimitzar les seves inversions en el canal i per a lluitar contra el mercat paral\u00b7lel.<\/h5>\n\n\n\n<div style=\"height:22px\" aria-hidden=\"true\" class=\"wp-block-spacer\"><\/div>\n\n\n\n<hr class=\"wp-block-separator has-css-opacity\"\/>\n\n\n\n<div style=\"height:22px\" aria-hidden=\"true\" class=\"wp-block-spacer\"><\/div>\n\n\n\n<div class=\"wp-block-columns is-layout-flex wp-container-core-columns-is-layout-1 wp-block-columns-is-layout-flex\">\n<div class=\"wp-block-column is-layout-flow wp-block-column-is-layout-flow\">\n<h2 class=\"wp-block-heading has-black-color has-text-color\" id=\"h-programa-de-fidelitzacio-de-canal\"><strong>Programa de fidelitzaci\u00f3 de canal<\/strong><\/h2>\n\n\n\n<div style=\"height:22px\" aria-hidden=\"true\" class=\"wp-block-spacer\"><\/div>\n\n\n\n<h5 class=\"wp-block-heading has-gray-color has-text-color\" id=\"h-la-crisi-del-post-covid-19-ha-repercutit-fortament-en-el-canal-de-distribucio-per-aixo-es-important-augmentar-la-presencia-i-el-control-del-canal-unattended-o-unmanaged-aquest-punt-ho-aconseguim-a-traves-de-la-implementacio-de-programes-d-incentius-de-canal-que-optimitzin-els-fons-mdf-o-co-op-i-lluitar-contra-el-mercat-paral-lel-o-d-importacio-paral-lela\">La crisi del post-COVID-19 ha repercutit fortament en el canal de distribuci\u00f3. Per aix\u00f2 \u00e9s important augmentar la pres\u00e8ncia i el control del canal\u00a0unattended\u00a0o\u00a0unmanaged. Aquest punt ho aconseguim a trav\u00e9s de la <a aria-label=\"implementaci\u00f3 de programes d'incentius (opens in a new tab)\" href=\"https:\/\/gotoclient.com\/ca\/blog\/3-acciones-imprescindibles-en-marketing-para-distribuidores\/?preview_id=1112&#038;preview_nonce=5371aea86c&#038;preview=true&#038;_thumbnail_id=1114\" target=\"_blank\" rel=\"noreferrer noopener\">implementaci\u00f3 de programes d&#8217;incentius<\/a> de canal que optimitzin els Fons\u00a0MDF\u00a0o\u00a0Co-op\u00a0i lluitar contra el mercat paral\u00b7lel o d&#8217;importaci\u00f3 paral\u00b7lela.<\/h5>\n\n\n\n<div style=\"height:22px\" aria-hidden=\"true\" class=\"wp-block-spacer\"><\/div>\n\n\n\n<h5 class=\"wp-block-heading has-gray-color has-text-color\" id=\"h-com-a-agencia-de-canal-de-distribucio-ens-encarreguem-d-elaborar-tot-el-programa-d-incentius-de-canal-en-la-seva-integritat-per-una-banda-la-part-front-end-en-el-qual-treballem-la-visualitzacio-de-la-web-la-interficie-el-disseny-del-website-i-l-experiencia-d-usuari-user-experience-d-altra-banda-el-back-end-que-integra-la-gestio-de-dades-i-integracio-amb-crm-proporcionant-aixi-mateix-al-nostre-client-consultes-de-dades-en-temps-real\">Com a ag\u00e8ncia de canal de distribuci\u00f3, ens encarreguem d&#8217;elaborar tot el programa d&#8217;incentius de canal en la seva integritat. Per una banda, la part\u00a0front-end, en el qual treballem la visualitzaci\u00f3 de la web, la interf\u00edcie, el disseny del website i l&#8217;experi\u00e8ncia d&#8217;usuari\u00a0(user\u00a0experience). D&#8217;altra banda, el\u00a0back-end, que integra la gesti\u00f3 de dades i integraci\u00f3 amb\u00a0CRM, proporcionant aix\u00ed mateix al nostre client consultes de dades en temps real.<\/h5>\n\n\n\n<div style=\"height:22px\" aria-hidden=\"true\" class=\"wp-block-spacer\"><\/div>\n\n\n\n<h5 class=\"wp-block-heading has-gray-color has-text-color\" id=\"h-en-el-transcurs-del-programa-oferim-al-teu-equip-compromis-de-resposta-immediata-a-mes-es-realitzen-reunions-mensuals-de-follow-up-i-informes-setmanals-per-a-realitzar-un-seguiment-i-control-de-resultats\">En el transcurs del programa, oferim al teu equip comprom\u00eds de resposta immediata. A m\u00e9s, es realitzen reunions mensuals de\u00a0follow\u00a0up\u00a0i informes setmanals per a realitzar un seguiment i control de resultats.<\/h5>\n\n\n\n<div style=\"height:22px\" aria-hidden=\"true\" class=\"wp-block-spacer\"><\/div>\n\n\n\n<h2 class=\"wp-block-heading\" id=\"h-beneficis-d-un-programa-de-fidelitzacio\"><strong>Beneficis d&#8217;un programa de fidelitzaci\u00f3:<\/strong><\/h2>\n\n\n\n<div style=\"height:22px\" aria-hidden=\"true\" class=\"wp-block-spacer\"><\/div>\n\n\n\n<h5 class=\"wp-block-heading has-gray-color has-text-color\" id=\"h-segons-un-estudi-que-va-realitzar-google-amb-ceb-el-86-dels-compradors-b2b-no-van-percebre-una-diferencia-significativa-amb-els-productes-de-la-competencia-per-tant-es-essencial-oferir-un-avantatge-competitiu-a-traves-d-un-programa-de-fidelitzacio-de-canal\">Segons un estudi que va realitzar <a href=\"https:\/\/www.thinkwithgoogle.com\/marketing-resources\/promotion-emotion-b2b\/\" target=\"_blank\" rel=\"noreferrer noopener\">Google amb CEB<\/a>, el 86% dels compradors B2B no van percebre una difer\u00e8ncia significativa amb els productes de la compet\u00e8ncia. Per tant, \u00e9s essencial oferir un avantatge competitiu a trav\u00e9s d&#8217;un programa de fidelitzaci\u00f3 de canal.<\/h5>\n\n\n\n<div style=\"height:22px\" aria-hidden=\"true\" class=\"wp-block-spacer\"><\/div>\n\n\n\n<h5 class=\"wp-block-heading has-gray-color has-text-color\" id=\"h-un-estudi-realitzat-per-b2b-international-afirma-que-el-80-de-les-empreses-b2b-no-prioritzen-el-preu-per-aixo-un-programa-de-fidelitzacio-que-agregui-valor-al-client-permet-diferenciar-la-companyia\">Un estudi realitzat per <a href=\"https:\/\/www.b2binternationalusa.com\/\" target=\"_blank\" rel=\"noreferrer noopener\">B2B International<\/a>\u00a0afirma que el 80% de les empreses B2B no prioritzen el preu. Per aix\u00f2, un programa de fidelitzaci\u00f3 que agregui valor al client permet diferenciar la companyia.<\/h5>\n\n\n\n<div style=\"height:22px\" aria-hidden=\"true\" class=\"wp-block-spacer\"><\/div>\n\n\n\n<h5 class=\"wp-block-heading has-gray-color has-text-color\" id=\"h-mc-kinsey-tambe-verifica-a-traves-d-un-estudi-que-al-voltant-del-70-d-empreses-b2b-que-ofereixen-experiencies-uniques-a-l-usuari-tenen-mes-probabilitats-de-ser-triats-com-a-proveidors-principals\"><a href=\"https:\/\/www.mckinsey.com\/business-functions\/marketing-and-sales\/our-insights\/the-b2b-digital-inflection-point-how-sales-have-changed-during-covid-19\" target=\"_blank\" rel=\"noreferrer noopener\">Mc Kinsey<\/a>\u00a0tamb\u00e9 verifica, a trav\u00e9s d&#8217;un estudi, que al voltant del 70% d&#8217;empreses B2B que ofereixen experi\u00e8ncies \u00faniques a l&#8217;usuari, tenen m\u00e9s probabilitats de ser triats com a prove\u00efdors principals.<\/h5>\n\n\n\n<div style=\"height:22px\" aria-hidden=\"true\" class=\"wp-block-spacer\"><\/div>\n\n\n\n<h5 class=\"wp-block-heading has-gray-color has-text-color\" id=\"h-oportunitat-de-treballar-amb-un-equip-professional-amb-amplia-experiencia-en-l-elaboracio-de-programes-de-fidelitzacio-de-canal-compromesa-als-objectius-del-client\">Oportunitat de treballar amb un equip professional amb \u00e0mplia experi\u00e8ncia en l&#8217;elaboraci\u00f3 de programes de fidelitzaci\u00f3 de canal compromesa als objectius del client.<\/h5>\n\n\n\n<div style=\"height:22px\" aria-hidden=\"true\" class=\"wp-block-spacer\"><\/div>\n<\/div>\n\n\n\n<div class=\"wp-block-column is-layout-flow wp-block-column-is-layout-flow\">\n<figure class=\"wp-block-image size-large\"><img loading=\"lazy\" decoding=\"async\" width=\"700\" height=\"875\" src=\"https:\/\/gotoclient.com\/wp-content\/uploads\/2020\/07\/channel-program-700x875.jpeg\" alt=\"\" class=\"wp-image-5401\" srcset=\"https:\/\/gotoclient.com\/wp-content\/uploads\/2020\/07\/channel-program-700x875.jpeg 700w, https:\/\/gotoclient.com\/wp-content\/uploads\/2020\/07\/channel-program-250x313.jpeg 250w, https:\/\/gotoclient.com\/wp-content\/uploads\/2020\/07\/channel-program-768x960.jpeg 768w, https:\/\/gotoclient.com\/wp-content\/uploads\/2020\/07\/channel-program-584x730.jpeg 584w, https:\/\/gotoclient.com\/wp-content\/uploads\/2020\/07\/channel-program-120x150.jpeg 120w, https:\/\/gotoclient.com\/wp-content\/uploads\/2020\/07\/channel-program-350x437.jpeg 350w, https:\/\/gotoclient.com\/wp-content\/uploads\/2020\/07\/channel-program.jpeg 800w\" sizes=\"auto, (max-width: 700px) 100vw, 700px\" \/><\/figure>\n<\/div>\n<\/div>\n\n\n\n<div style=\"height:50px\" aria-hidden=\"true\" class=\"wp-block-spacer\"><\/div>\n\n\n\n<hr class=\"wp-block-separator has-css-opacity\"\/>\n\n\n\n<div style=\"height:22px\" aria-hidden=\"true\" class=\"wp-block-spacer\"><\/div>\n\n\n\n<div class=\"wp-block-columns is-layout-flex wp-container-core-columns-is-layout-2 wp-block-columns-is-layout-flex\">\n<div class=\"wp-block-column is-layout-flow wp-block-column-is-layout-flow\">\n<h3 class=\"wp-block-heading has-gray-color has-text-color\" id=\"h-descobreix-la-taula-de-preus\">Descobreix la taula de preus<\/h3>\n\n\n<a href=\"https:\/\/gotoclient.com\/en\/pricing\/\" class=\"block-button\" target=\"_self\">\n    Veure preus<\/a>\n<style type=\"text\/css\">\n    #button-block_3632e67ee0702c8c34259f748e670ca4 {\n        background: ;\n        color: ;\n    }\n<\/style>\n<\/div>\n<\/div>\n\n\n\n<p><\/p>\n","protected":false},"excerpt":{"rendered":"<p>Fidelitzaci\u00f3 de canal Com a ag\u00e8ncia de canal de distribuci\u00f3 desenvolupem programes de fidelitzaci\u00f3 de canal. Potenciem les vendes de marques i fabricants amb canals de distribuci\u00f3 indirecta. La nostra finalitat \u00e9s optimitzar les seves inversions en el canal i per a lluitar contra el mercat paral\u00b7lel. Programa de fidelitzaci\u00f3 de canal La crisi del [&hellip;]<\/p>\n","protected":false},"author":14,"featured_media":18778,"parent":5475,"menu_order":0,"comment_status":"closed","ping_status":"closed","template":"","meta":{"_acf_changed":false,"footnotes":""},"class_list":["post-5499","page","type-page","status-publish","has-post-thumbnail","hentry"],"acf":[],"yoast_head":"<!-- This site is optimized with the Yoast SEO plugin v24.8.1 - https:\/\/yoast.com\/wordpress\/plugins\/seo\/ -->\n<title>Fidelitzaci\u00f3 de canal - Gotoclient<\/title>\n<meta name=\"description\" content=\"Desenvolupa un programa de fidelitzaci\u00f3 de canal i lluita contra el mercat paral\u00b7lel per a maximitzar els fons Co-Op i MDF.\" \/>\n<meta name=\"robots\" content=\"index, follow, max-snippet:-1, max-image-preview:large, max-video-preview:-1\" \/>\n<link rel=\"canonical\" href=\"https:\/\/gotoclient.com\/ca\/serveis\/fidelitzacio-de-canal\/\" \/>\n<meta property=\"og:locale\" content=\"ca_ES\" \/>\n<meta property=\"og:type\" content=\"article\" \/>\n<meta property=\"og:title\" content=\"Fidelitzaci\u00f3 de canal - Gotoclient\" \/>\n<meta property=\"og:description\" content=\"Desenvolupa un programa de fidelitzaci\u00f3 de canal i lluita contra el mercat paral\u00b7lel per a maximitzar els fons Co-Op i MDF.\" \/>\n<meta property=\"og:url\" content=\"https:\/\/gotoclient.com\/ca\/serveis\/fidelitzacio-de-canal\/\" \/>\n<meta property=\"og:site_name\" content=\"Gotoclient\" \/>\n<meta property=\"article:modified_time\" content=\"2025-07-03T14:08:35+00:00\" \/>\n<meta property=\"og:image\" content=\"https:\/\/gotoclient.com\/wp-content\/uploads\/2025\/05\/DSCF6771-scaled.webp?wsr\" \/>\n\t<meta property=\"og:image:width\" content=\"2560\" \/>\n\t<meta property=\"og:image:height\" content=\"1707\" \/>\n\t<meta property=\"og:image:type\" content=\"image\/jpeg\" \/>\n<meta name=\"twitter:card\" content=\"summary_large_image\" \/>\n<meta name=\"twitter:label1\" content=\"Est. reading time\" \/>\n\t<meta name=\"twitter:data1\" content=\"3 minuts\" \/>\n<script type=\"application\/ld+json\" class=\"yoast-schema-graph\">{\"@context\":\"https:\/\/schema.org\",\"@graph\":[{\"@type\":\"TechArticle\",\"@id\":\"https:\/\/gotoclient.com\/ca\/serveis\/fidelitzacio-de-canal\/#article\",\"isPartOf\":{\"@id\":\"https:\/\/gotoclient.com\/ca\/serveis\/fidelitzacio-de-canal\/\"},\"author\":{\"name\":\"Guillem Galera\",\"@id\":\"https:\/\/gotoclient.com\/en\/#\/schema\/person\/37760905c24f93e481974fc0165dfb92\"},\"headline\":\"Fidelitzaci\u00f3 de canal\",\"datePublished\":\"2020-07-29T09:37:12+00:00\",\"dateModified\":\"2025-07-03T14:08:35+00:00\",\"mainEntityOfPage\":{\"@id\":\"https:\/\/gotoclient.com\/ca\/serveis\/fidelitzacio-de-canal\/\"},\"wordCount\":377,\"publisher\":{\"@id\":\"https:\/\/gotoclient.com\/en\/#organization\"},\"image\":{\"@id\":\"https:\/\/gotoclient.com\/ca\/serveis\/fidelitzacio-de-canal\/#primaryimage\"},\"thumbnailUrl\":\"https:\/\/gotoclient.com\/wp-content\/uploads\/2025\/05\/DSCF6771-scaled.webp?wsr\",\"inLanguage\":\"ca\"},{\"@type\":\"WebPage\",\"@id\":\"https:\/\/gotoclient.com\/ca\/serveis\/fidelitzacio-de-canal\/\",\"url\":\"https:\/\/gotoclient.com\/ca\/serveis\/fidelitzacio-de-canal\/\",\"name\":\"Fidelitzaci\u00f3 de canal - Gotoclient\",\"isPartOf\":{\"@id\":\"https:\/\/gotoclient.com\/en\/#website\"},\"primaryImageOfPage\":{\"@id\":\"https:\/\/gotoclient.com\/ca\/serveis\/fidelitzacio-de-canal\/#primaryimage\"},\"image\":{\"@id\":\"https:\/\/gotoclient.com\/ca\/serveis\/fidelitzacio-de-canal\/#primaryimage\"},\"thumbnailUrl\":\"https:\/\/gotoclient.com\/wp-content\/uploads\/2025\/05\/DSCF6771-scaled.webp?wsr\",\"datePublished\":\"2020-07-29T09:37:12+00:00\",\"dateModified\":\"2025-07-03T14:08:35+00:00\",\"description\":\"Desenvolupa un programa de fidelitzaci\u00f3 de canal i lluita contra el mercat paral\u00b7lel per a maximitzar els fons Co-Op i MDF.\",\"breadcrumb\":{\"@id\":\"https:\/\/gotoclient.com\/ca\/serveis\/fidelitzacio-de-canal\/#breadcrumb\"},\"inLanguage\":\"ca\",\"potentialAction\":[{\"@type\":\"ReadAction\",\"target\":[\"https:\/\/gotoclient.com\/ca\/serveis\/fidelitzacio-de-canal\/\"]}]},{\"@type\":\"ImageObject\",\"inLanguage\":\"ca\",\"@id\":\"https:\/\/gotoclient.com\/ca\/serveis\/fidelitzacio-de-canal\/#primaryimage\",\"url\":\"https:\/\/gotoclient.com\/wp-content\/uploads\/2025\/05\/DSCF6771-scaled.webp?wsr\",\"contentUrl\":\"https:\/\/gotoclient.com\/wp-content\/uploads\/2025\/05\/DSCF6771-scaled.webp?wsr\",\"width\":2560,\"height\":1707,\"caption\":\"Background with a women with a golf club\"},{\"@type\":\"BreadcrumbList\",\"@id\":\"https:\/\/gotoclient.com\/ca\/serveis\/fidelitzacio-de-canal\/#breadcrumb\",\"itemListElement\":[{\"@type\":\"ListItem\",\"position\":1,\"name\":\"Home\",\"item\":\"https:\/\/gotoclient.com\/ca\/\"},{\"@type\":\"ListItem\",\"position\":2,\"name\":\"Serveis\",\"item\":\"https:\/\/gotoclient.com\/ca\/serveis\/\"},{\"@type\":\"ListItem\",\"position\":3,\"name\":\"Fidelitzaci\u00f3 de canal\"}]},{\"@type\":\"WebSite\",\"@id\":\"https:\/\/gotoclient.com\/en\/#website\",\"url\":\"https:\/\/gotoclient.com\/en\/\",\"name\":\"Gotoclient\",\"description\":\"Marketing Agency\",\"publisher\":{\"@id\":\"https:\/\/gotoclient.com\/en\/#organization\"},\"alternateName\":\"GTC\",\"potentialAction\":[{\"@type\":\"SearchAction\",\"target\":{\"@type\":\"EntryPoint\",\"urlTemplate\":\"https:\/\/gotoclient.com\/en\/?s={search_term_string}\"},\"query-input\":{\"@type\":\"PropertyValueSpecification\",\"valueRequired\":true,\"valueName\":\"search_term_string\"}}],\"inLanguage\":\"ca\"},{\"@type\":\"Organization\",\"@id\":\"https:\/\/gotoclient.com\/en\/#organization\",\"name\":\"Gotoclient\",\"alternateName\":\"GTC\",\"url\":\"https:\/\/gotoclient.com\/en\/\",\"logo\":{\"@type\":\"ImageObject\",\"inLanguage\":\"ca\",\"@id\":\"https:\/\/gotoclient.com\/en\/#\/schema\/logo\/image\/\",\"url\":\"https:\/\/gotoclient.com\/wp-content\/uploads\/2025\/07\/gotoclient_logo_icon.png\",\"contentUrl\":\"https:\/\/gotoclient.com\/wp-content\/uploads\/2025\/07\/gotoclient_logo_icon.png\",\"width\":240,\"height\":266,\"caption\":\"Gotoclient\"},\"image\":{\"@id\":\"https:\/\/gotoclient.com\/en\/#\/schema\/logo\/image\/\"},\"sameAs\":[\"https:\/\/www.instagram.com\/gotoclient\/\",\"https:\/\/www.linkedin.com\/company\/gotoclient\"]},{\"@type\":\"Person\",\"@id\":\"https:\/\/gotoclient.com\/en\/#\/schema\/person\/37760905c24f93e481974fc0165dfb92\",\"name\":\"Guillem Galera\",\"image\":{\"@type\":\"ImageObject\",\"inLanguage\":\"ca\",\"@id\":\"https:\/\/gotoclient.com\/en\/#\/schema\/person\/image\/\",\"url\":\"https:\/\/secure.gravatar.com\/avatar\/bd5077db31c4aaf23eb05566e768319a?s=96&d=mm&r=g\",\"contentUrl\":\"https:\/\/secure.gravatar.com\/avatar\/bd5077db31c4aaf23eb05566e768319a?s=96&d=mm&r=g\",\"caption\":\"Guillem Galera\"}}]}<\/script>\n<!-- \/ Yoast SEO plugin. -->","yoast_head_json":{"title":"Fidelitzaci\u00f3 de canal - Gotoclient","description":"Desenvolupa un programa de fidelitzaci\u00f3 de canal i lluita contra el mercat paral\u00b7lel per a maximitzar els fons Co-Op i MDF.","robots":{"index":"index","follow":"follow","max-snippet":"max-snippet:-1","max-image-preview":"max-image-preview:large","max-video-preview":"max-video-preview:-1"},"canonical":"https:\/\/gotoclient.com\/ca\/serveis\/fidelitzacio-de-canal\/","og_locale":"ca_ES","og_type":"article","og_title":"Fidelitzaci\u00f3 de canal - Gotoclient","og_description":"Desenvolupa un programa de fidelitzaci\u00f3 de canal i lluita contra el mercat paral\u00b7lel per a maximitzar els fons Co-Op i MDF.","og_url":"https:\/\/gotoclient.com\/ca\/serveis\/fidelitzacio-de-canal\/","og_site_name":"Gotoclient","article_modified_time":"2025-07-03T14:08:35+00:00","og_image":[{"width":2560,"height":1707,"url":"https:\/\/gotoclient.com\/wp-content\/uploads\/2025\/05\/DSCF6771-scaled.webp?wsr","type":"image\/jpeg"}],"twitter_card":"summary_large_image","twitter_misc":{"Est. reading time":"3 minuts"},"schema":{"@context":"https:\/\/schema.org","@graph":[{"@type":"TechArticle","@id":"https:\/\/gotoclient.com\/ca\/serveis\/fidelitzacio-de-canal\/#article","isPartOf":{"@id":"https:\/\/gotoclient.com\/ca\/serveis\/fidelitzacio-de-canal\/"},"author":{"name":"Guillem Galera","@id":"https:\/\/gotoclient.com\/en\/#\/schema\/person\/37760905c24f93e481974fc0165dfb92"},"headline":"Fidelitzaci\u00f3 de canal","datePublished":"2020-07-29T09:37:12+00:00","dateModified":"2025-07-03T14:08:35+00:00","mainEntityOfPage":{"@id":"https:\/\/gotoclient.com\/ca\/serveis\/fidelitzacio-de-canal\/"},"wordCount":377,"publisher":{"@id":"https:\/\/gotoclient.com\/en\/#organization"},"image":{"@id":"https:\/\/gotoclient.com\/ca\/serveis\/fidelitzacio-de-canal\/#primaryimage"},"thumbnailUrl":"https:\/\/gotoclient.com\/wp-content\/uploads\/2025\/05\/DSCF6771-scaled.webp?wsr","inLanguage":"ca"},{"@type":"WebPage","@id":"https:\/\/gotoclient.com\/ca\/serveis\/fidelitzacio-de-canal\/","url":"https:\/\/gotoclient.com\/ca\/serveis\/fidelitzacio-de-canal\/","name":"Fidelitzaci\u00f3 de canal - Gotoclient","isPartOf":{"@id":"https:\/\/gotoclient.com\/en\/#website"},"primaryImageOfPage":{"@id":"https:\/\/gotoclient.com\/ca\/serveis\/fidelitzacio-de-canal\/#primaryimage"},"image":{"@id":"https:\/\/gotoclient.com\/ca\/serveis\/fidelitzacio-de-canal\/#primaryimage"},"thumbnailUrl":"https:\/\/gotoclient.com\/wp-content\/uploads\/2025\/05\/DSCF6771-scaled.webp?wsr","datePublished":"2020-07-29T09:37:12+00:00","dateModified":"2025-07-03T14:08:35+00:00","description":"Desenvolupa un programa de fidelitzaci\u00f3 de canal i lluita contra el mercat paral\u00b7lel per a maximitzar els fons Co-Op i MDF.","breadcrumb":{"@id":"https:\/\/gotoclient.com\/ca\/serveis\/fidelitzacio-de-canal\/#breadcrumb"},"inLanguage":"ca","potentialAction":[{"@type":"ReadAction","target":["https:\/\/gotoclient.com\/ca\/serveis\/fidelitzacio-de-canal\/"]}]},{"@type":"ImageObject","inLanguage":"ca","@id":"https:\/\/gotoclient.com\/ca\/serveis\/fidelitzacio-de-canal\/#primaryimage","url":"https:\/\/gotoclient.com\/wp-content\/uploads\/2025\/05\/DSCF6771-scaled.webp?wsr","contentUrl":"https:\/\/gotoclient.com\/wp-content\/uploads\/2025\/05\/DSCF6771-scaled.webp?wsr","width":2560,"height":1707,"caption":"Background with a women with a golf club"},{"@type":"BreadcrumbList","@id":"https:\/\/gotoclient.com\/ca\/serveis\/fidelitzacio-de-canal\/#breadcrumb","itemListElement":[{"@type":"ListItem","position":1,"name":"Home","item":"https:\/\/gotoclient.com\/ca\/"},{"@type":"ListItem","position":2,"name":"Serveis","item":"https:\/\/gotoclient.com\/ca\/serveis\/"},{"@type":"ListItem","position":3,"name":"Fidelitzaci\u00f3 de canal"}]},{"@type":"WebSite","@id":"https:\/\/gotoclient.com\/en\/#website","url":"https:\/\/gotoclient.com\/en\/","name":"Gotoclient","description":"Marketing Agency","publisher":{"@id":"https:\/\/gotoclient.com\/en\/#organization"},"alternateName":"GTC","potentialAction":[{"@type":"SearchAction","target":{"@type":"EntryPoint","urlTemplate":"https:\/\/gotoclient.com\/en\/?s={search_term_string}"},"query-input":{"@type":"PropertyValueSpecification","valueRequired":true,"valueName":"search_term_string"}}],"inLanguage":"ca"},{"@type":"Organization","@id":"https:\/\/gotoclient.com\/en\/#organization","name":"Gotoclient","alternateName":"GTC","url":"https:\/\/gotoclient.com\/en\/","logo":{"@type":"ImageObject","inLanguage":"ca","@id":"https:\/\/gotoclient.com\/en\/#\/schema\/logo\/image\/","url":"https:\/\/gotoclient.com\/wp-content\/uploads\/2025\/07\/gotoclient_logo_icon.png","contentUrl":"https:\/\/gotoclient.com\/wp-content\/uploads\/2025\/07\/gotoclient_logo_icon.png","width":240,"height":266,"caption":"Gotoclient"},"image":{"@id":"https:\/\/gotoclient.com\/en\/#\/schema\/logo\/image\/"},"sameAs":["https:\/\/www.instagram.com\/gotoclient\/","https:\/\/www.linkedin.com\/company\/gotoclient"]},{"@type":"Person","@id":"https:\/\/gotoclient.com\/en\/#\/schema\/person\/37760905c24f93e481974fc0165dfb92","name":"Guillem Galera","image":{"@type":"ImageObject","inLanguage":"ca","@id":"https:\/\/gotoclient.com\/en\/#\/schema\/person\/image\/","url":"https:\/\/secure.gravatar.com\/avatar\/bd5077db31c4aaf23eb05566e768319a?s=96&d=mm&r=g","contentUrl":"https:\/\/secure.gravatar.com\/avatar\/bd5077db31c4aaf23eb05566e768319a?s=96&d=mm&r=g","caption":"Guillem Galera"}}]}},"_links":{"self":[{"href":"https:\/\/gotoclient.com\/ca\/wp-json\/wp\/v2\/pages\/5499","targetHints":{"allow":["GET"]}}],"collection":[{"href":"https:\/\/gotoclient.com\/ca\/wp-json\/wp\/v2\/pages"}],"about":[{"href":"https:\/\/gotoclient.com\/ca\/wp-json\/wp\/v2\/types\/page"}],"author":[{"embeddable":true,"href":"https:\/\/gotoclient.com\/ca\/wp-json\/wp\/v2\/users\/14"}],"replies":[{"embeddable":true,"href":"https:\/\/gotoclient.com\/ca\/wp-json\/wp\/v2\/comments?post=5499"}],"version-history":[{"count":24,"href":"https:\/\/gotoclient.com\/ca\/wp-json\/wp\/v2\/pages\/5499\/revisions"}],"predecessor-version":[{"id":19482,"href":"https:\/\/gotoclient.com\/ca\/wp-json\/wp\/v2\/pages\/5499\/revisions\/19482"}],"up":[{"embeddable":true,"href":"https:\/\/gotoclient.com\/ca\/wp-json\/wp\/v2\/pages\/5475"}],"wp:featuredmedia":[{"embeddable":true,"href":"https:\/\/gotoclient.com\/ca\/wp-json\/wp\/v2\/media\/18778"}],"wp:attachment":[{"href":"https:\/\/gotoclient.com\/ca\/wp-json\/wp\/v2\/media?parent=5499"}],"curies":[{"name":"wp","href":"https:\/\/api.w.org\/{rel}","templated":true}]}}