{"id":5505,"date":"2020-07-29T10:37:51","date_gmt":"2020-07-29T09:37:51","guid":{"rendered":"https:\/\/gotoclient.com\/?page_id=5505"},"modified":"2025-07-03T15:14:09","modified_gmt":"2025-07-03T14:14:09","slug":"tallers-trainings-consultoria","status":"publish","type":"page","link":"https:\/\/gotoclient.com\/ca\/serveis\/tallers-trainings-consultoria\/","title":{"rendered":"Tallers &amp; trainings i consultoria"},"content":{"rendered":"\n<h1 class=\"wp-block-heading has-text-align-center has-x-large-font-size\" id=\"h-tallers-trainings-i-consultoria\"><strong>Tallers &amp; trainings i consultoria<\/strong><\/h1>\n\n\n\n<h5 class=\"wp-block-heading has-text-align-center has-gray-color has-text-color\" id=\"h-oferim-tallers-trainings-online-i-consultoria-de-linkedin-ads-de-generacio-de-leads-b2b-d-inbound-marketing-fem-creixer-professionalment-el-teu-equip-i-optimitzem-la-gestio-de-campanyes\">Oferim\u00a0tallers &amp; trainings\u00a0online i consultoria de\u00a0LinkedIn\u00a0Ads, de generaci\u00f3 de\u00a0leads\u00a0B2B, d&#8217;inbound\u00a0marketing. Fem cr\u00e9ixer professionalment el teu equip i optimitzem la gesti\u00f3 de campanyes.<\/h5>\n\n\n\n<div style=\"height:22px\" aria-hidden=\"true\" class=\"wp-block-spacer\"><\/div>\n\n\n\n<hr class=\"wp-block-separator has-css-opacity\"\/>\n\n\n\n<div style=\"height:22px\" aria-hidden=\"true\" class=\"wp-block-spacer\"><\/div>\n\n\n\n<div class=\"wp-block-columns is-layout-flex wp-container-core-columns-is-layout-1 wp-block-columns-is-layout-flex\">\n<div class=\"wp-block-column is-layout-flow wp-block-column-is-layout-flow\">\n<h2 class=\"wp-block-heading has-black-color has-text-color\" id=\"h-agencia-consultora-de-linkedin-ads-i-generacio-leads-b2b\"><strong>Ag\u00e8ncia consultora de\u00a0LinkedIn\u00a0Ads\u00a0i generaci\u00f3\u00a0leads\u00a0B2B<\/strong><\/h2>\n\n\n\n<div style=\"height:22px\" aria-hidden=\"true\" class=\"wp-block-spacer\"><\/div>\n\n\n\n<h5 class=\"wp-block-heading has-gray-color has-text-color\" id=\"h-disposem-d-un-conjunt-de-tallers-online-i-consultoria-desenvolupats-sobre-la-base-de-multiples-campanyes-realitzades-per-a-formar-a-empreses-a-traves-de-la-nostra-experiencia-en-el-sector-es-una-oportunitat-per-a-aprendre-i-creixer-a-nivell-professional-en-ambits-clau-en-primer-lloc-desenvolupem-trainings-online-de-linkedin-ads-amb-l-objectiu-d-assessorar-la-teva-empresa-en-la-creacio-d-una-campanya-en-linkedin-ads-segons-el-nivell-de-coneixement-que-el-teu-equip-tingui-sobre-la-plataforma-expliquem-el-funcionament-de-la-plataforma-consells-clau-definicio-del-target-audience-creacio-de-copies-i-visuals-entre-altres\">Disposem d&#8217;un conjunt de\u00a0tallers\u00a0online i consultoria, desenvolupats sobre la base de m\u00faltiples campanyes realitzades per a formar a empreses a trav\u00e9s de la nostra experi\u00e8ncia en el sector. \u00c9s una oportunitat per a aprendre i cr\u00e9ixer a nivell professional en \u00e0mbits clau. En primer lloc, desenvolupem\u00a0trainings\u00a0online de\u00a0LinkedIn\u00a0Ads\u00a0amb l&#8217;objectiu d&#8217;assessorar la teva empresa en la <a aria-label=\"creaci\u00f3 d'una campanya en\u00a0LinkedIn\u00a0Ads (opens in a new tab)\" href=\"https:\/\/gotoclient.com\/ca\/blog\/recomendaciones-clave-para-hacer-un-buen-uso-de-las-diferentes-herramientas-de-linkedin\/?preview_id=4763&#038;preview_nonce=e3ae2f2f87&#038;preview=true&#038;_thumbnail_id=4731\" target=\"_blank\" rel=\"noreferrer noopener\">creaci\u00f3 d&#8217;una campanya en\u00a0LinkedIn\u00a0Ads<\/a>. Segons el nivell de coneixement que el teu equip tingui sobre la plataforma, expliquem el funcionament de la plataforma, consells clau, <a aria-label=\"definici\u00f3 del\u00a0target\u00a0audience (opens in a new tab)\" href=\"https:\/\/gotoclient.com\/ca\/blog\/como-construir-estrategia-optima-segmentacion-linkedin-ads-2\/?preview_id=6366&#038;preview_nonce=d19de87407&#038;preview=true&#038;_thumbnail_id=6367\" target=\"_blank\" rel=\"noreferrer noopener\">definici\u00f3 del\u00a0target\u00a0audience<\/a>, creaci\u00f3 de copies i visuals, entre altres.<\/h5>\n\n\n\n<div style=\"height:22px\" aria-hidden=\"true\" class=\"wp-block-spacer\"><\/div>\n\n\n\n<h5 class=\"wp-block-heading has-gray-color has-text-color\" id=\"h-d-altra-banda-tambe-oferim-trainings-de-generacio-de-leads-b2b-on-mostrem-tecniques-per-a-determinar-el-buyer-persona-i-els-seus-pain-points-la-definicio-del-concepte-creatiu-de-la-campanya-i-el-desenvolupament-del-pla-per-a-analitzar-quines-plataformes-s-utilitzaran-en-la-campanya\">D&#8217;altra banda, tamb\u00e9 oferim\u00a0trainings\u00a0de <a aria-label=\"generaci\u00f3 de\u00a0leads\u00a0B2B (opens in a new tab)\" href=\"https:\/\/gotoclient.com\/ca\/blog\/como-readaptar-la-generacion-de-leads-b2b-de-tu-empresa-durante-la-crisis-del-covid-19\/?preview_id=4499&#038;preview_nonce=15c8c73d21&#038;preview=true&#038;_thumbnail_id=4485\" target=\"_blank\" rel=\"noreferrer noopener\">generaci\u00f3 de\u00a0leads\u00a0B2B<\/a>, on mostrem t\u00e8cniques per a determinar el\u00a0buyer\u00a0persona i els seus\u00a0pain\u00a0points, la definici\u00f3 del concepte creatiu de la campanya i el desenvolupament del pla per a analitzar quines plataformes s&#8217;utilitzaran en la campanya.<\/h5>\n\n\n\n<div style=\"height:22px\" aria-hidden=\"true\" class=\"wp-block-spacer\"><\/div>\n\n\n\n<h5 class=\"wp-block-heading has-gray-color has-text-color\" id=\"h-a-mes-com-a-consultors-de-linkedin-ads-i-consultors-de-generacio-de-leads-b2b-assessorem-sobre-campanyes-ja-realitzades-per-analitzar-conjuntament-amb-el-teu-equip-els-gaps-i-els-punts-forts-a-traves-d-aquests-tallers-els-nostres-clients-desenvolupen-campanyes-de-linkedin-ads-i-de-generacio-de-leads-b2b-amb-resultats-optims\">A m\u00e9s, com a consultors de\u00a0LinkedIn\u00a0Ads\u00a0i consultors de generaci\u00f3 de\u00a0leads\u00a0B2B, assessorem sobre campanyes ja realitzades per analitzar conjuntament amb el teu equip els\u00a0gaps\u00a0i els punts forts. A trav\u00e9s d&#8217;aquests tallers, els nostres clients desenvolupen campanyes de\u00a0LinkedIn\u00a0Ads\u00a0i de generaci\u00f3 de\u00a0leads\u00a0B2B amb resultats \u00f2ptims.<\/h5>\n\n\n\n<div style=\"height:22px\" aria-hidden=\"true\" class=\"wp-block-spacer\"><\/div>\n\n\n\n<h5 class=\"wp-block-heading has-gray-color has-text-color\" id=\"h-finalment-duem-a-terme-tallers-d-inbound-marketing-on-mostrem-el-desenvolupament-del-buyer-persona-i-el-buyer-journey-l-analisi-de-les-diferents-plataformes-per-a-cada-fase-del-buyer-journey-amb-la-seva-corresponent-estrategia-de-creacio-de-continguts-aixi-les-empreses-que-realitzen-el-taller-d-inbound-marketing-tenen-la-capacitat-d-implementar-una-estrategia-des-de-la-fase-d-atraccio-fins-a-la-fidelitzacio\">Finalment, duem a terme tallers d&#8217;<a aria-label=\"inbound\u00a0marketing (opens in a new tab)\" href=\"https:\/\/gotoclient.com\/ca\/blog\/motivos-para-implantar-inbound-si-quieres-que-tu-empresa-crezca\/?preview_id=3753&#038;preview_nonce=c6118fb63d&#038;preview=true&#038;_thumbnail_id=2879\" target=\"_blank\" rel=\"noreferrer noopener\">inbound\u00a0marketing<\/a> on mostrem el desenvolupament del\u00a0buyer\u00a0persona i el\u00a0buyer\u00a0journey, l&#8217;an\u00e0lisi de les diferents plataformes per a cada fase del\u00a0buyer\u00a0journey\u00a0amb la seva corresponent estrat\u00e8gia de creaci\u00f3 de continguts. Aix\u00ed, les empreses que realitzen el taller d&#8217;inbound\u00a0marketing tenen la capacitat d&#8217;implementar una estrat\u00e8gia des de la fase d&#8217;atracci\u00f3 fins a la fidelitzaci\u00f3.<\/h5>\n\n\n\n<div style=\"height:22px\" aria-hidden=\"true\" class=\"wp-block-spacer\"><\/div>\n\n\n\n<h2 class=\"wp-block-heading\" id=\"h-beneficis-dels-tallers-online-i-consultoria\"><strong>Beneficis dels&nbsp;tallers&nbsp;online i consultoria<\/strong><\/h2>\n\n\n\n<div style=\"height:22px\" aria-hidden=\"true\" class=\"wp-block-spacer\"><\/div>\n\n\n\n<h5 class=\"wp-block-heading has-gray-color has-text-color\" id=\"h-linkedin-ads-es-la-xarxa-social-numero-1-per-a-la-generacio-de-leads-b2b-segons-diversos-informes-entre-ells-demandwave-s-el-80-dels-leads-b2b-es-generen-a-traves-de-linkedin-segons-linkedin\">LinkedIn\u00a0Ads\u00a0\u00e9s la xarxa social n\u00famero 1 per a la generaci\u00f3 de\u00a0leads\u00a0B2B, segons diversos informes, entre ells\u00a0<a href=\"https:\/\/www.carlajohnson.co\/wp-content\/uploads\/2017\/02\/2017-State-of-Digital-Marketing-FINAL.compressed.pdf\" target=\"_blank\" rel=\"noreferrer noopener\">DemandWave&#8217;s<\/a>. El 80% dels leads B2B es generen a trav\u00e9s de LinkedIn, segons <a href=\"https:\/\/business.linkedin.com\/content\/dam\/me\/business\/en-us\/marketing-solutions\/cx\/2020\/pdfs\/Sophisticated-Marketers-Guide-5Yrs-eBook-2020.pdf\" target=\"_blank\" rel=\"noreferrer noopener\">LinkedIn<\/a>. <\/h5>\n\n\n\n<div style=\"height:22px\" aria-hidden=\"true\" class=\"wp-block-spacer\"><\/div>\n\n\n\n<h5 class=\"wp-block-heading has-gray-color has-text-color\" id=\"h-les-campanyes-de-generacio-de-leads-b2b-abasten-una-gran-importancia-en-el-mercat-ja-que-segons-gartner-el-roi-mql-marqueting-qualified-leads-i-sql-sales-qualified-leads-son-les-metriques-que-mes-valoren-els-cmo-s\">Les campanyes de generaci\u00f3 de leads B2B abasten una gran import\u00e0ncia en el mercat ja que, segons <a href=\"https:\/\/www.gartner.com\/en\/marketing\/research\/the-annual-cmo-spend-survey-2020-part1?utm_campaign=GML_GB_2020_GMLSPSV_C_BB1_RE-CMOSPSV-PART1_NonOpener&amp;utm_medium=email&amp;utm_source=Eloqua&amp;cm_mmc=Eloqua-_-Email-_-LM_GML_GB_2020_GMLSPSV_C_BB1_RE-CMOSPSV-PART1_NonOpener-_-0000\" target=\"_blank\" rel=\"noreferrer noopener\">Gartner<\/a>, el ROI, MQL (M\u00e0rqueting Qualified Leads) i SQL (Sales Qualified Leads) s\u00f3n les m\u00e8triques que m\u00e9s valoren els CMO&#8217;s.<\/h5>\n\n\n\n<div style=\"height:22px\" aria-hidden=\"true\" class=\"wp-block-spacer\"><\/div>\n\n\n\n<h5 class=\"wp-block-heading has-gray-color has-text-color\" id=\"h-segons-un-estudi-dut-a-terme-per-sales-force-el-85-dels-usuaris-investiguen-de-manera-online-abans-de-realitzar-alguna-compra-busquen-la-informacio-a-traves-del-propi-website-74-el-correu-electronic-43-les-xarxes-socials-38-i-les-aplicacions-mobils-36-per-tant-es-pot-confirmar-que-elaborar-una-estrategia-de-inbound-marketing-aporta-resultats-de-qualitat-en-comparacio-al-outbound-marketing\">Segons un estudi dut a terme per <a href=\"https:\/\/www.salesforce.com\/blog\/2017\/09\/salesforce-2017-connected-shoppers-report\" target=\"_blank\" rel=\"noreferrer noopener\">Sales Force<\/a>, el 85% dels usuaris investiguen de manera online abans de realitzar alguna compra. Busquen la informaci\u00f3 a trav\u00e9s del propi website (74%), el correu electr\u00f2nic (43%), les xarxes socials (38%) i les aplicacions m\u00f2bils (36%). Per tant, es pot confirmar que elaborar una estrat\u00e8gia de\u00a0inbound\u00a0marketing aporta resultats de qualitat en comparaci\u00f3 al\u00a0outbound\u00a0marketing.<\/h5>\n\n\n\n<div style=\"height:22px\" aria-hidden=\"true\" class=\"wp-block-spacer\"><\/div>\n<\/div>\n\n\n\n<div class=\"wp-block-column is-layout-flow wp-block-column-is-layout-flow\">\n<figure class=\"wp-block-image size-large\"><img loading=\"lazy\" decoding=\"async\" width=\"668\" height=\"1002\" src=\"https:\/\/gotoclient.com\/wp-content\/uploads\/2020\/07\/Inhouse-trainings-workshops-consultancy.jpeg\" alt=\"\" class=\"wp-image-5386\" srcset=\"https:\/\/gotoclient.com\/wp-content\/uploads\/2020\/07\/Inhouse-trainings-workshops-consultancy.jpeg 668w, https:\/\/gotoclient.com\/wp-content\/uploads\/2020\/07\/Inhouse-trainings-workshops-consultancy-250x375.jpeg 250w, https:\/\/gotoclient.com\/wp-content\/uploads\/2020\/07\/Inhouse-trainings-workshops-consultancy-487x730.jpeg 487w, https:\/\/gotoclient.com\/wp-content\/uploads\/2020\/07\/Inhouse-trainings-workshops-consultancy-120x180.jpeg 120w, https:\/\/gotoclient.com\/wp-content\/uploads\/2020\/07\/Inhouse-trainings-workshops-consultancy-291x437.jpeg 291w\" sizes=\"auto, (max-width: 668px) 100vw, 668px\" \/><\/figure>\n<\/div>\n<\/div>\n\n\n\n<div style=\"height:50px\" aria-hidden=\"true\" class=\"wp-block-spacer\"><\/div>\n\n\n\n<hr class=\"wp-block-separator has-css-opacity\"\/>\n\n\n\n<div class=\"wp-block-columns is-layout-flex wp-container-core-columns-is-layout-2 wp-block-columns-is-layout-flex\">\n<div class=\"wp-block-column is-layout-flow wp-block-column-is-layout-flow\">\n<h3 class=\"wp-block-heading has-gray-color has-text-color\" id=\"h-descobreix-la-taula-de-preus\">Descobreix la taula de preus<\/h3>\n\n\n<a href=\"https:\/\/gotoclient.com\/en\/pricing\/\" class=\"block-button\" target=\"_self\">\n    Veure preus<\/a>\n<style type=\"text\/css\">\n    #button-block_8c3b6089bf00a19b4829994ee8b1ab70 {\n        background: ;\n        color: ;\n    }\n<\/style>\n<\/div>\n<\/div>\n\n\n\n<p><\/p>\n","protected":false},"excerpt":{"rendered":"<p>Tallers &amp; trainings i consultoria Oferim\u00a0tallers &amp; trainings\u00a0online i consultoria de\u00a0LinkedIn\u00a0Ads, de generaci\u00f3 de\u00a0leads\u00a0B2B, d&#8217;inbound\u00a0marketing. Fem cr\u00e9ixer professionalment el teu equip i optimitzem la gesti\u00f3 de campanyes. Ag\u00e8ncia consultora de\u00a0LinkedIn\u00a0Ads\u00a0i generaci\u00f3\u00a0leads\u00a0B2B Disposem d&#8217;un conjunt de\u00a0tallers\u00a0online i consultoria, desenvolupats sobre la base de m\u00faltiples campanyes realitzades per a formar a empreses a trav\u00e9s de la nostra [&hellip;]<\/p>\n","protected":false},"author":14,"featured_media":17055,"parent":5475,"menu_order":0,"comment_status":"closed","ping_status":"closed","template":"","meta":{"_acf_changed":false,"footnotes":""},"class_list":["post-5505","page","type-page","status-publish","has-post-thumbnail","hentry"],"acf":[],"yoast_head":"<!-- This site is optimized with the Yoast SEO plugin v24.8.1 - https:\/\/yoast.com\/wordpress\/plugins\/seo\/ -->\n<title>Tallers &amp; trainings i consultoria - Gotoclient<\/title>\n<meta name=\"description\" content=\"Forma\u2019t i dissenya campanyes de LinkedIn Ads, leads B2B i inbound amb trainings, formacions i consultoria.\" \/>\n<meta name=\"robots\" content=\"index, follow, max-snippet:-1, max-image-preview:large, max-video-preview:-1\" \/>\n<link rel=\"canonical\" href=\"https:\/\/gotoclient.com\/ca\/serveis\/tallers-trainings-consultoria\/\" \/>\n<meta property=\"og:locale\" content=\"ca_ES\" \/>\n<meta property=\"og:type\" content=\"article\" \/>\n<meta property=\"og:title\" content=\"Tallers &amp; trainings i consultoria - Gotoclient\" \/>\n<meta property=\"og:description\" content=\"Forma\u2019t i dissenya campanyes de LinkedIn Ads, leads B2B i inbound amb trainings, formacions i consultoria.\" \/>\n<meta property=\"og:url\" content=\"https:\/\/gotoclient.com\/ca\/serveis\/tallers-trainings-consultoria\/\" \/>\n<meta property=\"og:site_name\" content=\"Gotoclient\" \/>\n<meta property=\"article:modified_time\" content=\"2025-07-03T14:14:09+00:00\" \/>\n<meta property=\"og:image\" content=\"https:\/\/gotoclient.com\/wp-content\/uploads\/2025\/02\/6.jpeg?wsr\" \/>\n\t<meta property=\"og:image:width\" content=\"2048\" \/>\n\t<meta property=\"og:image:height\" content=\"1152\" \/>\n\t<meta property=\"og:image:type\" content=\"image\/jpeg\" \/>\n<meta name=\"twitter:card\" content=\"summary_large_image\" \/>\n<meta name=\"twitter:label1\" content=\"Est. reading time\" \/>\n\t<meta name=\"twitter:data1\" content=\"3 minuts\" \/>\n<script type=\"application\/ld+json\" class=\"yoast-schema-graph\">{\"@context\":\"https:\/\/schema.org\",\"@graph\":[{\"@type\":\"TechArticle\",\"@id\":\"https:\/\/gotoclient.com\/ca\/serveis\/tallers-trainings-consultoria\/#article\",\"isPartOf\":{\"@id\":\"https:\/\/gotoclient.com\/ca\/serveis\/tallers-trainings-consultoria\/\"},\"author\":{\"name\":\"Guillem Galera\",\"@id\":\"https:\/\/gotoclient.com\/en\/#\/schema\/person\/37760905c24f93e481974fc0165dfb92\"},\"headline\":\"Tallers &amp; trainings i consultoria\",\"datePublished\":\"2020-07-29T09:37:51+00:00\",\"dateModified\":\"2025-07-03T14:14:09+00:00\",\"mainEntityOfPage\":{\"@id\":\"https:\/\/gotoclient.com\/ca\/serveis\/tallers-trainings-consultoria\/\"},\"wordCount\":483,\"publisher\":{\"@id\":\"https:\/\/gotoclient.com\/en\/#organization\"},\"image\":{\"@id\":\"https:\/\/gotoclient.com\/ca\/serveis\/tallers-trainings-consultoria\/#primaryimage\"},\"thumbnailUrl\":\"https:\/\/gotoclient.com\/wp-content\/uploads\/2025\/02\/6.jpeg?wsr\",\"inLanguage\":\"ca\"},{\"@type\":\"WebPage\",\"@id\":\"https:\/\/gotoclient.com\/ca\/serveis\/tallers-trainings-consultoria\/\",\"url\":\"https:\/\/gotoclient.com\/ca\/serveis\/tallers-trainings-consultoria\/\",\"name\":\"Tallers &amp; trainings i consultoria - Gotoclient\",\"isPartOf\":{\"@id\":\"https:\/\/gotoclient.com\/en\/#website\"},\"primaryImageOfPage\":{\"@id\":\"https:\/\/gotoclient.com\/ca\/serveis\/tallers-trainings-consultoria\/#primaryimage\"},\"image\":{\"@id\":\"https:\/\/gotoclient.com\/ca\/serveis\/tallers-trainings-consultoria\/#primaryimage\"},\"thumbnailUrl\":\"https:\/\/gotoclient.com\/wp-content\/uploads\/2025\/02\/6.jpeg?wsr\",\"datePublished\":\"2020-07-29T09:37:51+00:00\",\"dateModified\":\"2025-07-03T14:14:09+00:00\",\"description\":\"Forma\u2019t i dissenya campanyes de LinkedIn Ads, leads B2B i inbound amb trainings, formacions i consultoria.\",\"breadcrumb\":{\"@id\":\"https:\/\/gotoclient.com\/ca\/serveis\/tallers-trainings-consultoria\/#breadcrumb\"},\"inLanguage\":\"ca\",\"potentialAction\":[{\"@type\":\"ReadAction\",\"target\":[\"https:\/\/gotoclient.com\/ca\/serveis\/tallers-trainings-consultoria\/\"]}]},{\"@type\":\"ImageObject\",\"inLanguage\":\"ca\",\"@id\":\"https:\/\/gotoclient.com\/ca\/serveis\/tallers-trainings-consultoria\/#primaryimage\",\"url\":\"https:\/\/gotoclient.com\/wp-content\/uploads\/2025\/02\/6.jpeg?wsr\",\"contentUrl\":\"https:\/\/gotoclient.com\/wp-content\/uploads\/2025\/02\/6.jpeg?wsr\",\"width\":2048,\"height\":1152,\"caption\":\"The B2B Road\"},{\"@type\":\"BreadcrumbList\",\"@id\":\"https:\/\/gotoclient.com\/ca\/serveis\/tallers-trainings-consultoria\/#breadcrumb\",\"itemListElement\":[{\"@type\":\"ListItem\",\"position\":1,\"name\":\"Home\",\"item\":\"https:\/\/gotoclient.com\/ca\/\"},{\"@type\":\"ListItem\",\"position\":2,\"name\":\"Serveis\",\"item\":\"https:\/\/gotoclient.com\/ca\/serveis\/\"},{\"@type\":\"ListItem\",\"position\":3,\"name\":\"Tallers &amp; trainings i consultoria\"}]},{\"@type\":\"WebSite\",\"@id\":\"https:\/\/gotoclient.com\/en\/#website\",\"url\":\"https:\/\/gotoclient.com\/en\/\",\"name\":\"Gotoclient\",\"description\":\"Marketing Agency\",\"publisher\":{\"@id\":\"https:\/\/gotoclient.com\/en\/#organization\"},\"alternateName\":\"GTC\",\"potentialAction\":[{\"@type\":\"SearchAction\",\"target\":{\"@type\":\"EntryPoint\",\"urlTemplate\":\"https:\/\/gotoclient.com\/en\/?s={search_term_string}\"},\"query-input\":{\"@type\":\"PropertyValueSpecification\",\"valueRequired\":true,\"valueName\":\"search_term_string\"}}],\"inLanguage\":\"ca\"},{\"@type\":\"Organization\",\"@id\":\"https:\/\/gotoclient.com\/en\/#organization\",\"name\":\"Gotoclient\",\"alternateName\":\"GTC\",\"url\":\"https:\/\/gotoclient.com\/en\/\",\"logo\":{\"@type\":\"ImageObject\",\"inLanguage\":\"ca\",\"@id\":\"https:\/\/gotoclient.com\/en\/#\/schema\/logo\/image\/\",\"url\":\"https:\/\/gotoclient.com\/wp-content\/uploads\/2025\/07\/gotoclient_logo_icon.png\",\"contentUrl\":\"https:\/\/gotoclient.com\/wp-content\/uploads\/2025\/07\/gotoclient_logo_icon.png\",\"width\":240,\"height\":266,\"caption\":\"Gotoclient\"},\"image\":{\"@id\":\"https:\/\/gotoclient.com\/en\/#\/schema\/logo\/image\/\"},\"sameAs\":[\"https:\/\/www.instagram.com\/gotoclient\/\",\"https:\/\/www.linkedin.com\/company\/gotoclient\"]},{\"@type\":\"Person\",\"@id\":\"https:\/\/gotoclient.com\/en\/#\/schema\/person\/37760905c24f93e481974fc0165dfb92\",\"name\":\"Guillem Galera\",\"image\":{\"@type\":\"ImageObject\",\"inLanguage\":\"ca\",\"@id\":\"https:\/\/gotoclient.com\/en\/#\/schema\/person\/image\/\",\"url\":\"https:\/\/secure.gravatar.com\/avatar\/bd5077db31c4aaf23eb05566e768319a?s=96&d=mm&r=g\",\"contentUrl\":\"https:\/\/secure.gravatar.com\/avatar\/bd5077db31c4aaf23eb05566e768319a?s=96&d=mm&r=g\",\"caption\":\"Guillem Galera\"}}]}<\/script>\n<!-- \/ Yoast SEO plugin. -->","yoast_head_json":{"title":"Tallers &amp; trainings i consultoria - Gotoclient","description":"Forma\u2019t i dissenya campanyes de LinkedIn Ads, leads B2B i inbound amb trainings, formacions i consultoria.","robots":{"index":"index","follow":"follow","max-snippet":"max-snippet:-1","max-image-preview":"max-image-preview:large","max-video-preview":"max-video-preview:-1"},"canonical":"https:\/\/gotoclient.com\/ca\/serveis\/tallers-trainings-consultoria\/","og_locale":"ca_ES","og_type":"article","og_title":"Tallers &amp; trainings i consultoria - Gotoclient","og_description":"Forma\u2019t i dissenya campanyes de LinkedIn Ads, leads B2B i inbound amb trainings, formacions i consultoria.","og_url":"https:\/\/gotoclient.com\/ca\/serveis\/tallers-trainings-consultoria\/","og_site_name":"Gotoclient","article_modified_time":"2025-07-03T14:14:09+00:00","og_image":[{"width":2048,"height":1152,"url":"https:\/\/gotoclient.com\/wp-content\/uploads\/2025\/02\/6.jpeg?wsr","type":"image\/jpeg"}],"twitter_card":"summary_large_image","twitter_misc":{"Est. reading time":"3 minuts"},"schema":{"@context":"https:\/\/schema.org","@graph":[{"@type":"TechArticle","@id":"https:\/\/gotoclient.com\/ca\/serveis\/tallers-trainings-consultoria\/#article","isPartOf":{"@id":"https:\/\/gotoclient.com\/ca\/serveis\/tallers-trainings-consultoria\/"},"author":{"name":"Guillem Galera","@id":"https:\/\/gotoclient.com\/en\/#\/schema\/person\/37760905c24f93e481974fc0165dfb92"},"headline":"Tallers &amp; trainings i consultoria","datePublished":"2020-07-29T09:37:51+00:00","dateModified":"2025-07-03T14:14:09+00:00","mainEntityOfPage":{"@id":"https:\/\/gotoclient.com\/ca\/serveis\/tallers-trainings-consultoria\/"},"wordCount":483,"publisher":{"@id":"https:\/\/gotoclient.com\/en\/#organization"},"image":{"@id":"https:\/\/gotoclient.com\/ca\/serveis\/tallers-trainings-consultoria\/#primaryimage"},"thumbnailUrl":"https:\/\/gotoclient.com\/wp-content\/uploads\/2025\/02\/6.jpeg?wsr","inLanguage":"ca"},{"@type":"WebPage","@id":"https:\/\/gotoclient.com\/ca\/serveis\/tallers-trainings-consultoria\/","url":"https:\/\/gotoclient.com\/ca\/serveis\/tallers-trainings-consultoria\/","name":"Tallers &amp; trainings i consultoria - Gotoclient","isPartOf":{"@id":"https:\/\/gotoclient.com\/en\/#website"},"primaryImageOfPage":{"@id":"https:\/\/gotoclient.com\/ca\/serveis\/tallers-trainings-consultoria\/#primaryimage"},"image":{"@id":"https:\/\/gotoclient.com\/ca\/serveis\/tallers-trainings-consultoria\/#primaryimage"},"thumbnailUrl":"https:\/\/gotoclient.com\/wp-content\/uploads\/2025\/02\/6.jpeg?wsr","datePublished":"2020-07-29T09:37:51+00:00","dateModified":"2025-07-03T14:14:09+00:00","description":"Forma\u2019t i dissenya campanyes de LinkedIn Ads, leads B2B i inbound amb trainings, formacions i consultoria.","breadcrumb":{"@id":"https:\/\/gotoclient.com\/ca\/serveis\/tallers-trainings-consultoria\/#breadcrumb"},"inLanguage":"ca","potentialAction":[{"@type":"ReadAction","target":["https:\/\/gotoclient.com\/ca\/serveis\/tallers-trainings-consultoria\/"]}]},{"@type":"ImageObject","inLanguage":"ca","@id":"https:\/\/gotoclient.com\/ca\/serveis\/tallers-trainings-consultoria\/#primaryimage","url":"https:\/\/gotoclient.com\/wp-content\/uploads\/2025\/02\/6.jpeg?wsr","contentUrl":"https:\/\/gotoclient.com\/wp-content\/uploads\/2025\/02\/6.jpeg?wsr","width":2048,"height":1152,"caption":"The B2B Road"},{"@type":"BreadcrumbList","@id":"https:\/\/gotoclient.com\/ca\/serveis\/tallers-trainings-consultoria\/#breadcrumb","itemListElement":[{"@type":"ListItem","position":1,"name":"Home","item":"https:\/\/gotoclient.com\/ca\/"},{"@type":"ListItem","position":2,"name":"Serveis","item":"https:\/\/gotoclient.com\/ca\/serveis\/"},{"@type":"ListItem","position":3,"name":"Tallers &amp; trainings i consultoria"}]},{"@type":"WebSite","@id":"https:\/\/gotoclient.com\/en\/#website","url":"https:\/\/gotoclient.com\/en\/","name":"Gotoclient","description":"Marketing Agency","publisher":{"@id":"https:\/\/gotoclient.com\/en\/#organization"},"alternateName":"GTC","potentialAction":[{"@type":"SearchAction","target":{"@type":"EntryPoint","urlTemplate":"https:\/\/gotoclient.com\/en\/?s={search_term_string}"},"query-input":{"@type":"PropertyValueSpecification","valueRequired":true,"valueName":"search_term_string"}}],"inLanguage":"ca"},{"@type":"Organization","@id":"https:\/\/gotoclient.com\/en\/#organization","name":"Gotoclient","alternateName":"GTC","url":"https:\/\/gotoclient.com\/en\/","logo":{"@type":"ImageObject","inLanguage":"ca","@id":"https:\/\/gotoclient.com\/en\/#\/schema\/logo\/image\/","url":"https:\/\/gotoclient.com\/wp-content\/uploads\/2025\/07\/gotoclient_logo_icon.png","contentUrl":"https:\/\/gotoclient.com\/wp-content\/uploads\/2025\/07\/gotoclient_logo_icon.png","width":240,"height":266,"caption":"Gotoclient"},"image":{"@id":"https:\/\/gotoclient.com\/en\/#\/schema\/logo\/image\/"},"sameAs":["https:\/\/www.instagram.com\/gotoclient\/","https:\/\/www.linkedin.com\/company\/gotoclient"]},{"@type":"Person","@id":"https:\/\/gotoclient.com\/en\/#\/schema\/person\/37760905c24f93e481974fc0165dfb92","name":"Guillem Galera","image":{"@type":"ImageObject","inLanguage":"ca","@id":"https:\/\/gotoclient.com\/en\/#\/schema\/person\/image\/","url":"https:\/\/secure.gravatar.com\/avatar\/bd5077db31c4aaf23eb05566e768319a?s=96&d=mm&r=g","contentUrl":"https:\/\/secure.gravatar.com\/avatar\/bd5077db31c4aaf23eb05566e768319a?s=96&d=mm&r=g","caption":"Guillem Galera"}}]}},"_links":{"self":[{"href":"https:\/\/gotoclient.com\/ca\/wp-json\/wp\/v2\/pages\/5505","targetHints":{"allow":["GET"]}}],"collection":[{"href":"https:\/\/gotoclient.com\/ca\/wp-json\/wp\/v2\/pages"}],"about":[{"href":"https:\/\/gotoclient.com\/ca\/wp-json\/wp\/v2\/types\/page"}],"author":[{"embeddable":true,"href":"https:\/\/gotoclient.com\/ca\/wp-json\/wp\/v2\/users\/14"}],"replies":[{"embeddable":true,"href":"https:\/\/gotoclient.com\/ca\/wp-json\/wp\/v2\/comments?post=5505"}],"version-history":[{"count":15,"href":"https:\/\/gotoclient.com\/ca\/wp-json\/wp\/v2\/pages\/5505\/revisions"}],"predecessor-version":[{"id":19485,"href":"https:\/\/gotoclient.com\/ca\/wp-json\/wp\/v2\/pages\/5505\/revisions\/19485"}],"up":[{"embeddable":true,"href":"https:\/\/gotoclient.com\/ca\/wp-json\/wp\/v2\/pages\/5475"}],"wp:featuredmedia":[{"embeddable":true,"href":"https:\/\/gotoclient.com\/ca\/wp-json\/wp\/v2\/media\/17055"}],"wp:attachment":[{"href":"https:\/\/gotoclient.com\/ca\/wp-json\/wp\/v2\/media?parent=5505"}],"curies":[{"name":"wp","href":"https:\/\/api.w.org\/{rel}","templated":true}]}}