{"id":5511,"date":"2020-07-29T10:38:39","date_gmt":"2020-07-29T09:38:39","guid":{"rendered":"https:\/\/gotoclient.com\/?page_id=5511"},"modified":"2025-06-30T11:09:55","modified_gmt":"2025-06-30T10:09:55","slug":"inbound-marketing-b2b","status":"publish","type":"page","link":"https:\/\/gotoclient.com\/ca\/serveis\/inbound-marketing-b2b\/","title":{"rendered":"Inbound Marketing B2B"},"content":{"rendered":"\n<h1 class=\"wp-block-heading has-text-align-center has-x-large-font-size\" id=\"h-inbound-marketing-b2b\"><strong>Inbound Marketing B2B<\/strong><\/h1>\n\n\n\n<h5 class=\"wp-block-heading has-text-align-center has-gray-color has-text-color\" id=\"h-com-a-agencia-d-inbound-marketing-generem-leads-de-qualitat-amb-l-objectiu-d-adquirir-nous-clients-potencials-som-experts-en-estrategies-d-inbound-marketing-b2b-o-marqueting-d-atraccio-i-usem-les-millors-eines-d-automatitzacio-del-marqueting\">Com a ag\u00e8ncia d&#8217;Inbound Marketing generem leads de qualitat, amb l&#8217;objectiu d&#8217;adquirir nous clients potencials. Som experts en estrat\u00e8gies d&#8217;inbound marketing B2B o m\u00e0rqueting d&#8217;atracci\u00f3 i usem les millors eines d&#8217;automatitzaci\u00f3 del m\u00e0rqueting.<\/h5>\n\n\n\n<div style=\"height:22px\" aria-hidden=\"true\" class=\"wp-block-spacer\"><\/div>\n\n\n\n<hr class=\"wp-block-separator has-css-opacity\"\/>\n\n\n\n<div style=\"height:22px\" aria-hidden=\"true\" class=\"wp-block-spacer\"><\/div>\n\n\n\n<div class=\"wp-block-columns is-layout-flex wp-container-core-columns-is-layout-1 wp-block-columns-is-layout-flex\">\n<div class=\"wp-block-column is-layout-flow wp-block-column-is-layout-flow\">\n<h2 class=\"wp-block-heading has-black-color has-text-color\" id=\"h-empresa-d-inbound-marketing-b2b\"><strong>Empresa d&#8217;Inbound Marketing B2B<\/strong><\/h2>\n\n\n\n<div style=\"height:20px\" aria-hidden=\"true\" class=\"wp-block-spacer\"><\/div>\n\n\n\n<h5 class=\"wp-block-heading has-gray-color has-text-color\" id=\"h-som-una-agencia-partner-de-hubspot-i-d-adobe-campaign-amb-mes-de-10-anys-d-experiencia-amb-clients-de-multiples-sectors-el-nostre-expertise-en-estrategia-d-inbound-marketing-b2b-automatitzacio-i-alineacio-entre-els-departaments-de-marketing-i-vendes-smarketing-o-sales-and-marmeting-alignment-ha-facilitat-que-les-campanyes-dels-nostres-clients-obtinguin-resultats-optims-per-aixo-confien-en-la-qualitat-i-el-compromis-del-nostre-treball\">Som una ag\u00e8ncia partner de Hubspot i d&#8217;Adobe Campaign amb m\u00e9s de 10 anys d&#8217;experi\u00e8ncia amb clients de m\u00faltiples sectors. El nostre expertise en estrat\u00e8gia d&#8217; inbound marketing B2B, automatitzaci\u00f3 i alineaci\u00f3 entre els departaments de marketing i vendes (smarketing o sales and marmeting alignment) ha facilitat que les campanyes dels nostres clients obtinguin resultats \u00f2ptims. Per aix\u00f2, confien en la qualitat i el comprom\u00eds del nostre treball.<\/h5>\n\n\n\n<div style=\"height:20px\" aria-hidden=\"true\" class=\"wp-block-spacer\"><\/div>\n\n\n\n<h5 class=\"wp-block-heading has-gray-color has-text-color\" id=\"h-els-serveis-de-inbound-marqueting-b2b-que-oferim-al-teu-equip-comprenen-tot-el-proces-del-desenvolupament-de-l-estrategia-fins-a-la-seva-implementacio-primerament-definim-el-buyer-persona-i-el-target-audience-o-public-objectiu-de-la-teva-empresa-per-a-despres-desenvolupar-l-estrategia-del-buyer-journey-en-cadascuna-de-les-fases-awareness-consideration-i-decision-o-descobriment-consideracio-i-decisio-en-aquest-punt-analitzem-i-executem-l-estrategia-de-contingut-i-ofertes-de-inbound-marketing-per-a-cadascuna-de-les-fases-on-es-defineixen-tambe-els-canals-de-comunicacio-aquests-poden-ser-articles-de-blog-landing-pages-o-pagines-d-aterratge-thank-you-pages-o-pagines-d-agraiment-guies-calculadores-ebooks-amb-la-seva-corresponent-amplificacio-via-xarxes-socials-e-email\">Els serveis de <a aria-label=\" (opens in a new tab)\" href=\"https:\/\/gotoclient.com\/ca\/blog\/motivos-para-implantar-inbound-si-quieres-que-tu-empresa-crezca\/?preview_id=3753&#038;preview_nonce=c6118fb63d&#038;preview=true&#038;_thumbnail_id=2879\" target=\"_blank\" rel=\"noreferrer noopener\">inbound m\u00e0rqueting<\/a> B2B que oferim al teu equip comprenen tot el proc\u00e9s del desenvolupament de l&#8217;estrat\u00e8gia fins a la seva implementaci\u00f3. Primerament, definim el <a aria-label=\"Buyer Persona (opens in a new tab)\" href=\"https:\/\/landingpages.gotoclient.com\/ebook-how-to-create-buyer-people\" target=\"_blank\" rel=\"noreferrer noopener\">Buyer Persona<\/a> i el target audience o p\u00fablic objectiu de la teva empresa per a despr\u00e9s desenvolupar l&#8217;estrat\u00e8gia del Buyer Journey en cadascuna de les fases (awareness, consideration i decision o descobriment, consideraci\u00f3 i decisi\u00f3). En aquest punt analitzem i executem l&#8217;<a aria-label=\"estrat\u00e8gia de contingut i ofertes de inbound marketing (opens in a new tab)\" href=\"https:\/\/landingpages.gotoclient.com\/consultation-inbound-marketing\" target=\"_blank\" rel=\"noreferrer noopener\">estrat\u00e8gia de contingut i ofertes de inbound marketing<\/a> per a cadascuna de les fases, on es defineixen tamb\u00e9 els canals de comunicaci\u00f3. Aquests poden ser articles de blog, landing pages o p\u00e0gines d&#8217;aterratge, thank you pages o p\u00e0gines d&#8217;agra\u00efment, guies, calculadores, ebooks, amb la seva corresponent amplificaci\u00f3 via xarxes socials e email.<\/h5>\n\n\n\n<div style=\"height:20px\" aria-hidden=\"true\" class=\"wp-block-spacer\"><\/div>\n\n\n\n<h5 class=\"wp-block-heading has-gray-color has-text-color\" id=\"h-utilitzem-les-eines-apropiades-per-a-l-automatitzacio-de-marketing-per-tal-de-garantir-els-millors-resultats-despres-de-distribuir-el-contingut-analitzem-els-resultats-a-traves-de-metriques-com-a-clics-leads-conversions-entre-altres-per-a-comprovar-que-la-campanya-presenta-resultats-eficients-es-essencial-tenir-en-compte-a-tots-els-usuaris-de-cada-fase-del-flow-per-a-incrementar-el-nombre-de-clients-potencials\">Utilitzem les eines apropiades per a l&#8217;automatitzaci\u00f3 de marketing per tal de garantir els millors resultats. Despr\u00e9s de distribuir el contingut, <a aria-label=\"analitzem els resultats a trav\u00e9s de m\u00e8triques (opens in a new tab)\" href=\"https:\/\/gotoclient.com\/ca\/blog\/kpis-de-ventas-b2b-para-pipeline-comercial\/?preview_id=3228&#038;preview_nonce=4d723cdefa&#038;preview=true&#038;_thumbnail_id=2916\" target=\"_blank\" rel=\"noreferrer noopener\">analitzem els resultats a trav\u00e9s de m\u00e8triques<\/a> com a clics, leads, conversions, entre altres, per a comprovar que la campanya presenta resultats eficients. \u00c9s essencial tenir en compte a tots els usuaris de cada fase del flow per a incrementar el nombre de clients potencials.<\/h5>\n\n\n\n<div style=\"height:20px\" aria-hidden=\"true\" class=\"wp-block-spacer\"><\/div>\n\n\n\n<h4 class=\"wp-block-heading\" id=\"h-avantatges-de-l-inbound-marketing\"><strong>Avantatges de l&#8217;Inbound Marketing:<\/strong><\/h4>\n\n\n\n<div style=\"height:22px\" aria-hidden=\"true\" class=\"wp-block-spacer\"><\/div>\n\n\n\n<h5 class=\"wp-block-heading has-gray-color has-text-color\" id=\"h-segons-un-estudi-realitzat-per-hubspot-el-72-de-les-empreses-han-incrementat-els-leads-gracies-a-l-inbound-marketing\">Segons un estudi realitzat per <a href=\"https:\/\/cdn2.hubspot.net\/hubfs\/3476323\/State%20of%20Inbound%202018%20Global%20Results.pdf\" target=\"_blank\" rel=\"noreferrer noopener\">Hubspot<\/a>, el 72% de les empreses han incrementat els leads gr\u00e0cies a l&#8217;inbound marketing.<\/h5>\n\n\n\n<div style=\"height:20px\" aria-hidden=\"true\" class=\"wp-block-spacer\"><\/div>\n\n\n\n<h5 class=\"wp-block-heading has-gray-color has-text-color\" id=\"h-el-75-de-les-empreses-considera-que-l-estrategia-d-inbound-marketing-es-efectiva-segons-hubspot\">El 75% de les empreses considera que l&#8217;estrat\u00e8gia d&#8217;inbound marketing \u00e9s efectiva, segons <a href=\"https:\/\/cdn2.hubspot.net\/hubfs\/3476323\/State%20of%20Inbound%202018%20Global%20Results.pdf\" target=\"_blank\" rel=\"noreferrer noopener\">Hubspot<\/a>.<\/h5>\n\n\n\n<div style=\"height:20px\" aria-hidden=\"true\" class=\"wp-block-spacer\"><\/div>\n\n\n\n<h5 class=\"wp-block-heading has-gray-color has-text-color\" id=\"h-hubspot-verifica-que-el-53-de-les-empreses-ha-donat-un-roi-superior-a-traves-d-una-estrategia-d-inbound-marketing-per-contra-un-16-indica-que-el-outbound-marketing-ha-aportat-un-major-roi\"><a href=\"https:\/\/cdn2.hubspot.net\/hubfs\/3476323\/State%20of%20Inbound%202018%20Global%20Results.pdf\" target=\"_blank\" rel=\"noreferrer noopener\">Hubspot<\/a> verifica que el 53% de les empreses ha donat un&nbsp;ROI&nbsp;superior a trav\u00e9s d&#8217;una estrat\u00e8gia d&#8217;inbound&nbsp;marketing. Per contra, un 16% indica que el&nbsp;outbound&nbsp;marketing ha aportat un major&nbsp;ROI.<\/h5>\n\n\n\n<div style=\"height:20px\" aria-hidden=\"true\" class=\"wp-block-spacer\"><\/div>\n\n\n\n<h5 class=\"wp-block-heading has-gray-color has-text-color\" id=\"h-sales-force-afirma-que-el-85-dels-usuaris-tant-b2b-com-b2c-investiguen-de-manera-online-abans-de-realitzar-alguna-compra-busquen-la-informacio-a-traves-del-propi-website-74-el-correu-electronic-43-les-xarxes-socials-38-i-les-aplicacions-mobils-36-per-tant-es-pot-confirmar-que-elaborar-una-estrategia-de-inbound-marketing-aporta-resultats-de-qualitat-en-comparacio-al-outbound-marketing\">Salesforce afirma que el 85% dels usuaris, tant B2B com B2C, investiguen de manera online abans de realitzar alguna compra. Busquen la informaci\u00f3 a trav\u00e9s del propi website (74%), el correu electr\u00f2nic (43%), les xarxes socials (38%) i les aplicacions m\u00f2bils (36%). Per tant, es pot confirmar que elaborar una estrat\u00e8gia de inbound marketing aporta resultats de qualitat en comparaci\u00f3 al outbound marketing.<\/h5>\n\n\n\n<div style=\"height:20px\" aria-hidden=\"true\" class=\"wp-block-spacer\"><\/div>\n\n\n\n<h5 class=\"wp-block-heading has-gray-color has-text-color\" id=\"h-com-a-agencia-d-inbound-marketing-ajudem-a-la-teva-empresa-en-l-execucio-d-una-estrategia-d-inbound-marketing-360-per-a-adquirir-nous-clients-potencials\">Com a ag\u00e8ncia d&#8217;inbound marketing ajudem a la teva empresa en l&#8217;execuci\u00f3 d&#8217;una estrat\u00e8gia d&#8217;inbound marketing 360 per a adquirir nous clients potencials.<\/h5>\n\n\n\n<div style=\"height:20px\" aria-hidden=\"true\" class=\"wp-block-spacer\"><\/div>\n<\/div>\n\n\n\n<div class=\"wp-block-column is-layout-flow wp-block-column-is-layout-flow\">\n<figure class=\"wp-block-image size-large\"><img loading=\"lazy\" decoding=\"async\" width=\"700\" height=\"942\" src=\"https:\/\/gotoclient.com\/wp-content\/uploads\/2020\/07\/inbound-marketing-700x942.jpg\" alt=\"\" class=\"wp-image-5391\" srcset=\"https:\/\/gotoclient.com\/wp-content\/uploads\/2020\/07\/inbound-marketing-700x942.jpg 700w, https:\/\/gotoclient.com\/wp-content\/uploads\/2020\/07\/inbound-marketing-250x337.jpg 250w, https:\/\/gotoclient.com\/wp-content\/uploads\/2020\/07\/inbound-marketing-768x1034.jpg 768w, https:\/\/gotoclient.com\/wp-content\/uploads\/2020\/07\/inbound-marketing-758x1020.jpg 758w, https:\/\/gotoclient.com\/wp-content\/uploads\/2020\/07\/inbound-marketing-542x730.jpg 542w, https:\/\/gotoclient.com\/wp-content\/uploads\/2020\/07\/inbound-marketing-120x162.jpg 120w, https:\/\/gotoclient.com\/wp-content\/uploads\/2020\/07\/inbound-marketing-325x437.jpg 325w, https:\/\/gotoclient.com\/wp-content\/uploads\/2020\/07\/inbound-marketing.jpg 817w\" sizes=\"auto, (max-width: 700px) 100vw, 700px\" \/><\/figure>\n<\/div>\n<\/div>\n\n\n\n<div style=\"height:50px\" aria-hidden=\"true\" class=\"wp-block-spacer\"><\/div>\n\n\n\n<hr class=\"wp-block-separator has-css-opacity\"\/>\n\n\n\n<div style=\"height:50px\" aria-hidden=\"true\" class=\"wp-block-spacer\"><\/div>\n\n\n\n<div class=\"wp-block-columns is-layout-flex wp-container-core-columns-is-layout-2 wp-block-columns-is-layout-flex\">\n<div class=\"wp-block-column is-layout-flow wp-block-column-is-layout-flow\">\n<h3 class=\"wp-block-heading has-gray-color has-text-color\" id=\"h-descobreix-la-taula-de-preus\">Descobreix la taula de preus<\/h3>\n\n\n<a href=\"https:\/\/gotoclient.com\/en\/pricing\/\" class=\"block-button\" target=\"_self\">\n    Veure preus<\/a>\n<style type=\"text\/css\">\n    #button-block_3acfa60ec3c7be9a893397a5577ef367 {\n        background: ;\n        color: ;\n    }\n<\/style>\n<\/div>\n<\/div>\n\n\n\n<p><\/p>\n","protected":false},"excerpt":{"rendered":"<p>Inbound Marketing B2B Com a ag\u00e8ncia d&#8217;Inbound Marketing generem leads de qualitat, amb l&#8217;objectiu d&#8217;adquirir nous clients potencials. Som experts en estrat\u00e8gies d&#8217;inbound marketing B2B o m\u00e0rqueting d&#8217;atracci\u00f3 i usem les millors eines d&#8217;automatitzaci\u00f3 del m\u00e0rqueting. Empresa d&#8217;Inbound Marketing B2B Som una ag\u00e8ncia partner de Hubspot i d&#8217;Adobe Campaign amb m\u00e9s de 10 anys d&#8217;experi\u00e8ncia [&hellip;]<\/p>\n","protected":false},"author":14,"featured_media":0,"parent":5475,"menu_order":0,"comment_status":"closed","ping_status":"closed","template":"","meta":{"_acf_changed":false,"footnotes":""},"class_list":["post-5511","page","type-page","status-publish","hentry"],"acf":[],"yoast_head":"<!-- This site is optimized with the Yoast SEO plugin v24.8.1 - https:\/\/yoast.com\/wordpress\/plugins\/seo\/ -->\n<title>Inbound Marketing B2B - Gotoclient<\/title>\n<meta name=\"description\" content=\"Com a ag\u00e8ncia de Inbound Marketing B2B, generem leads de qualitat amb l&#039;objectiu d&#039;adquirir nous clients. M\u00e9s de 10 anys d&#039;experi\u00e8ncia en el sector.\" \/>\n<meta name=\"robots\" content=\"index, follow, max-snippet:-1, max-image-preview:large, max-video-preview:-1\" \/>\n<link rel=\"canonical\" href=\"https:\/\/gotoclient.com\/ca\/serveis\/inbound-marketing-b2b\/\" \/>\n<meta property=\"og:locale\" content=\"ca_ES\" \/>\n<meta property=\"og:type\" content=\"article\" \/>\n<meta property=\"og:title\" content=\"Inbound Marketing B2B - Gotoclient\" \/>\n<meta property=\"og:description\" content=\"Com a ag\u00e8ncia de Inbound Marketing B2B, generem leads de qualitat amb l&#039;objectiu d&#039;adquirir nous clients. M\u00e9s de 10 anys d&#039;experi\u00e8ncia en el sector.\" \/>\n<meta property=\"og:url\" content=\"https:\/\/gotoclient.com\/ca\/serveis\/inbound-marketing-b2b\/\" \/>\n<meta property=\"og:site_name\" content=\"Gotoclient\" \/>\n<meta property=\"article:modified_time\" content=\"2025-06-30T10:09:55+00:00\" \/>\n<meta property=\"og:image\" content=\"https:\/\/gotoclient.com\/wp-content\/uploads\/2020\/07\/inbound-marketing.jpg?wsr\" \/>\n\t<meta property=\"og:image:width\" content=\"817\" \/>\n\t<meta property=\"og:image:height\" content=\"1100\" \/>\n\t<meta property=\"og:image:type\" content=\"image\/jpeg\" \/>\n<meta name=\"twitter:card\" content=\"summary_large_image\" \/>\n<meta name=\"twitter:label1\" content=\"Est. reading time\" \/>\n\t<meta name=\"twitter:data1\" content=\"3 minuts\" \/>\n<script type=\"application\/ld+json\" class=\"yoast-schema-graph\">{\"@context\":\"https:\/\/schema.org\",\"@graph\":[{\"@type\":\"TechArticle\",\"@id\":\"https:\/\/gotoclient.com\/ca\/serveis\/inbound-marketing-b2b\/#article\",\"isPartOf\":{\"@id\":\"https:\/\/gotoclient.com\/ca\/serveis\/inbound-marketing-b2b\/\"},\"author\":{\"name\":\"Guillem Galera\",\"@id\":\"https:\/\/gotoclient.com\/en\/#\/schema\/person\/37760905c24f93e481974fc0165dfb92\"},\"headline\":\"Inbound Marketing B2B\",\"datePublished\":\"2020-07-29T09:38:39+00:00\",\"dateModified\":\"2025-06-30T10:09:55+00:00\",\"mainEntityOfPage\":{\"@id\":\"https:\/\/gotoclient.com\/ca\/serveis\/inbound-marketing-b2b\/\"},\"wordCount\":494,\"publisher\":{\"@id\":\"https:\/\/gotoclient.com\/en\/#organization\"},\"image\":{\"@id\":\"https:\/\/gotoclient.com\/ca\/serveis\/inbound-marketing-b2b\/#primaryimage\"},\"thumbnailUrl\":\"https:\/\/gotoclient.com\/wp-content\/uploads\/2020\/07\/inbound-marketing-700x942.jpg\",\"inLanguage\":\"ca\"},{\"@type\":\"WebPage\",\"@id\":\"https:\/\/gotoclient.com\/ca\/serveis\/inbound-marketing-b2b\/\",\"url\":\"https:\/\/gotoclient.com\/ca\/serveis\/inbound-marketing-b2b\/\",\"name\":\"Inbound Marketing B2B - Gotoclient\",\"isPartOf\":{\"@id\":\"https:\/\/gotoclient.com\/en\/#website\"},\"primaryImageOfPage\":{\"@id\":\"https:\/\/gotoclient.com\/ca\/serveis\/inbound-marketing-b2b\/#primaryimage\"},\"image\":{\"@id\":\"https:\/\/gotoclient.com\/ca\/serveis\/inbound-marketing-b2b\/#primaryimage\"},\"thumbnailUrl\":\"https:\/\/gotoclient.com\/wp-content\/uploads\/2020\/07\/inbound-marketing-700x942.jpg\",\"datePublished\":\"2020-07-29T09:38:39+00:00\",\"dateModified\":\"2025-06-30T10:09:55+00:00\",\"description\":\"Com a ag\u00e8ncia de Inbound Marketing B2B, generem leads de qualitat amb l'objectiu d'adquirir nous clients. M\u00e9s de 10 anys d'experi\u00e8ncia en el sector.\",\"breadcrumb\":{\"@id\":\"https:\/\/gotoclient.com\/ca\/serveis\/inbound-marketing-b2b\/#breadcrumb\"},\"inLanguage\":\"ca\",\"potentialAction\":[{\"@type\":\"ReadAction\",\"target\":[\"https:\/\/gotoclient.com\/ca\/serveis\/inbound-marketing-b2b\/\"]}]},{\"@type\":\"ImageObject\",\"inLanguage\":\"ca\",\"@id\":\"https:\/\/gotoclient.com\/ca\/serveis\/inbound-marketing-b2b\/#primaryimage\",\"url\":\"https:\/\/gotoclient.com\/wp-content\/uploads\/2020\/07\/inbound-marketing-700x942.jpg\",\"contentUrl\":\"https:\/\/gotoclient.com\/wp-content\/uploads\/2020\/07\/inbound-marketing-700x942.jpg\"},{\"@type\":\"BreadcrumbList\",\"@id\":\"https:\/\/gotoclient.com\/ca\/serveis\/inbound-marketing-b2b\/#breadcrumb\",\"itemListElement\":[{\"@type\":\"ListItem\",\"position\":1,\"name\":\"Home\",\"item\":\"https:\/\/gotoclient.com\/ca\/\"},{\"@type\":\"ListItem\",\"position\":2,\"name\":\"Serveis\",\"item\":\"https:\/\/gotoclient.com\/ca\/serveis\/\"},{\"@type\":\"ListItem\",\"position\":3,\"name\":\"Inbound Marketing B2B\"}]},{\"@type\":\"WebSite\",\"@id\":\"https:\/\/gotoclient.com\/en\/#website\",\"url\":\"https:\/\/gotoclient.com\/en\/\",\"name\":\"Gotoclient\",\"description\":\"Marketing Agency\",\"publisher\":{\"@id\":\"https:\/\/gotoclient.com\/en\/#organization\"},\"alternateName\":\"GTC\",\"potentialAction\":[{\"@type\":\"SearchAction\",\"target\":{\"@type\":\"EntryPoint\",\"urlTemplate\":\"https:\/\/gotoclient.com\/en\/?s={search_term_string}\"},\"query-input\":{\"@type\":\"PropertyValueSpecification\",\"valueRequired\":true,\"valueName\":\"search_term_string\"}}],\"inLanguage\":\"ca\"},{\"@type\":\"Organization\",\"@id\":\"https:\/\/gotoclient.com\/en\/#organization\",\"name\":\"Gotoclient\",\"alternateName\":\"GTC\",\"url\":\"https:\/\/gotoclient.com\/en\/\",\"logo\":{\"@type\":\"ImageObject\",\"inLanguage\":\"ca\",\"@id\":\"https:\/\/gotoclient.com\/en\/#\/schema\/logo\/image\/\",\"url\":\"https:\/\/gotoclient.com\/wp-content\/uploads\/2025\/07\/gotoclient_logo_icon.png\",\"contentUrl\":\"https:\/\/gotoclient.com\/wp-content\/uploads\/2025\/07\/gotoclient_logo_icon.png\",\"width\":240,\"height\":266,\"caption\":\"Gotoclient\"},\"image\":{\"@id\":\"https:\/\/gotoclient.com\/en\/#\/schema\/logo\/image\/\"},\"sameAs\":[\"https:\/\/www.instagram.com\/gotoclient\/\",\"https:\/\/www.linkedin.com\/company\/gotoclient\"]},{\"@type\":\"Person\",\"@id\":\"https:\/\/gotoclient.com\/en\/#\/schema\/person\/37760905c24f93e481974fc0165dfb92\",\"name\":\"Guillem Galera\",\"image\":{\"@type\":\"ImageObject\",\"inLanguage\":\"ca\",\"@id\":\"https:\/\/gotoclient.com\/en\/#\/schema\/person\/image\/\",\"url\":\"https:\/\/secure.gravatar.com\/avatar\/bd5077db31c4aaf23eb05566e768319a?s=96&d=mm&r=g\",\"contentUrl\":\"https:\/\/secure.gravatar.com\/avatar\/bd5077db31c4aaf23eb05566e768319a?s=96&d=mm&r=g\",\"caption\":\"Guillem Galera\"}}]}<\/script>\n<!-- \/ Yoast SEO plugin. -->","yoast_head_json":{"title":"Inbound Marketing B2B - Gotoclient","description":"Com a ag\u00e8ncia de Inbound Marketing B2B, generem leads de qualitat amb l'objectiu d'adquirir nous clients. M\u00e9s de 10 anys d'experi\u00e8ncia en el sector.","robots":{"index":"index","follow":"follow","max-snippet":"max-snippet:-1","max-image-preview":"max-image-preview:large","max-video-preview":"max-video-preview:-1"},"canonical":"https:\/\/gotoclient.com\/ca\/serveis\/inbound-marketing-b2b\/","og_locale":"ca_ES","og_type":"article","og_title":"Inbound Marketing B2B - Gotoclient","og_description":"Com a ag\u00e8ncia de Inbound Marketing B2B, generem leads de qualitat amb l'objectiu d'adquirir nous clients. M\u00e9s de 10 anys d'experi\u00e8ncia en el sector.","og_url":"https:\/\/gotoclient.com\/ca\/serveis\/inbound-marketing-b2b\/","og_site_name":"Gotoclient","article_modified_time":"2025-06-30T10:09:55+00:00","og_image":[{"width":817,"height":1100,"url":"https:\/\/gotoclient.com\/wp-content\/uploads\/2020\/07\/inbound-marketing.jpg?wsr","type":"image\/jpeg"}],"twitter_card":"summary_large_image","twitter_misc":{"Est. reading time":"3 minuts"},"schema":{"@context":"https:\/\/schema.org","@graph":[{"@type":"TechArticle","@id":"https:\/\/gotoclient.com\/ca\/serveis\/inbound-marketing-b2b\/#article","isPartOf":{"@id":"https:\/\/gotoclient.com\/ca\/serveis\/inbound-marketing-b2b\/"},"author":{"name":"Guillem Galera","@id":"https:\/\/gotoclient.com\/en\/#\/schema\/person\/37760905c24f93e481974fc0165dfb92"},"headline":"Inbound Marketing B2B","datePublished":"2020-07-29T09:38:39+00:00","dateModified":"2025-06-30T10:09:55+00:00","mainEntityOfPage":{"@id":"https:\/\/gotoclient.com\/ca\/serveis\/inbound-marketing-b2b\/"},"wordCount":494,"publisher":{"@id":"https:\/\/gotoclient.com\/en\/#organization"},"image":{"@id":"https:\/\/gotoclient.com\/ca\/serveis\/inbound-marketing-b2b\/#primaryimage"},"thumbnailUrl":"https:\/\/gotoclient.com\/wp-content\/uploads\/2020\/07\/inbound-marketing-700x942.jpg","inLanguage":"ca"},{"@type":"WebPage","@id":"https:\/\/gotoclient.com\/ca\/serveis\/inbound-marketing-b2b\/","url":"https:\/\/gotoclient.com\/ca\/serveis\/inbound-marketing-b2b\/","name":"Inbound Marketing B2B - Gotoclient","isPartOf":{"@id":"https:\/\/gotoclient.com\/en\/#website"},"primaryImageOfPage":{"@id":"https:\/\/gotoclient.com\/ca\/serveis\/inbound-marketing-b2b\/#primaryimage"},"image":{"@id":"https:\/\/gotoclient.com\/ca\/serveis\/inbound-marketing-b2b\/#primaryimage"},"thumbnailUrl":"https:\/\/gotoclient.com\/wp-content\/uploads\/2020\/07\/inbound-marketing-700x942.jpg","datePublished":"2020-07-29T09:38:39+00:00","dateModified":"2025-06-30T10:09:55+00:00","description":"Com a ag\u00e8ncia de Inbound Marketing B2B, generem leads de qualitat amb l'objectiu d'adquirir nous clients. M\u00e9s de 10 anys d'experi\u00e8ncia en el sector.","breadcrumb":{"@id":"https:\/\/gotoclient.com\/ca\/serveis\/inbound-marketing-b2b\/#breadcrumb"},"inLanguage":"ca","potentialAction":[{"@type":"ReadAction","target":["https:\/\/gotoclient.com\/ca\/serveis\/inbound-marketing-b2b\/"]}]},{"@type":"ImageObject","inLanguage":"ca","@id":"https:\/\/gotoclient.com\/ca\/serveis\/inbound-marketing-b2b\/#primaryimage","url":"https:\/\/gotoclient.com\/wp-content\/uploads\/2020\/07\/inbound-marketing-700x942.jpg","contentUrl":"https:\/\/gotoclient.com\/wp-content\/uploads\/2020\/07\/inbound-marketing-700x942.jpg"},{"@type":"BreadcrumbList","@id":"https:\/\/gotoclient.com\/ca\/serveis\/inbound-marketing-b2b\/#breadcrumb","itemListElement":[{"@type":"ListItem","position":1,"name":"Home","item":"https:\/\/gotoclient.com\/ca\/"},{"@type":"ListItem","position":2,"name":"Serveis","item":"https:\/\/gotoclient.com\/ca\/serveis\/"},{"@type":"ListItem","position":3,"name":"Inbound Marketing B2B"}]},{"@type":"WebSite","@id":"https:\/\/gotoclient.com\/en\/#website","url":"https:\/\/gotoclient.com\/en\/","name":"Gotoclient","description":"Marketing Agency","publisher":{"@id":"https:\/\/gotoclient.com\/en\/#organization"},"alternateName":"GTC","potentialAction":[{"@type":"SearchAction","target":{"@type":"EntryPoint","urlTemplate":"https:\/\/gotoclient.com\/en\/?s={search_term_string}"},"query-input":{"@type":"PropertyValueSpecification","valueRequired":true,"valueName":"search_term_string"}}],"inLanguage":"ca"},{"@type":"Organization","@id":"https:\/\/gotoclient.com\/en\/#organization","name":"Gotoclient","alternateName":"GTC","url":"https:\/\/gotoclient.com\/en\/","logo":{"@type":"ImageObject","inLanguage":"ca","@id":"https:\/\/gotoclient.com\/en\/#\/schema\/logo\/image\/","url":"https:\/\/gotoclient.com\/wp-content\/uploads\/2025\/07\/gotoclient_logo_icon.png","contentUrl":"https:\/\/gotoclient.com\/wp-content\/uploads\/2025\/07\/gotoclient_logo_icon.png","width":240,"height":266,"caption":"Gotoclient"},"image":{"@id":"https:\/\/gotoclient.com\/en\/#\/schema\/logo\/image\/"},"sameAs":["https:\/\/www.instagram.com\/gotoclient\/","https:\/\/www.linkedin.com\/company\/gotoclient"]},{"@type":"Person","@id":"https:\/\/gotoclient.com\/en\/#\/schema\/person\/37760905c24f93e481974fc0165dfb92","name":"Guillem Galera","image":{"@type":"ImageObject","inLanguage":"ca","@id":"https:\/\/gotoclient.com\/en\/#\/schema\/person\/image\/","url":"https:\/\/secure.gravatar.com\/avatar\/bd5077db31c4aaf23eb05566e768319a?s=96&d=mm&r=g","contentUrl":"https:\/\/secure.gravatar.com\/avatar\/bd5077db31c4aaf23eb05566e768319a?s=96&d=mm&r=g","caption":"Guillem Galera"}}]}},"_links":{"self":[{"href":"https:\/\/gotoclient.com\/ca\/wp-json\/wp\/v2\/pages\/5511","targetHints":{"allow":["GET"]}}],"collection":[{"href":"https:\/\/gotoclient.com\/ca\/wp-json\/wp\/v2\/pages"}],"about":[{"href":"https:\/\/gotoclient.com\/ca\/wp-json\/wp\/v2\/types\/page"}],"author":[{"embeddable":true,"href":"https:\/\/gotoclient.com\/ca\/wp-json\/wp\/v2\/users\/14"}],"replies":[{"embeddable":true,"href":"https:\/\/gotoclient.com\/ca\/wp-json\/wp\/v2\/comments?post=5511"}],"version-history":[{"count":21,"href":"https:\/\/gotoclient.com\/ca\/wp-json\/wp\/v2\/pages\/5511\/revisions"}],"predecessor-version":[{"id":19407,"href":"https:\/\/gotoclient.com\/ca\/wp-json\/wp\/v2\/pages\/5511\/revisions\/19407"}],"up":[{"embeddable":true,"href":"https:\/\/gotoclient.com\/ca\/wp-json\/wp\/v2\/pages\/5475"}],"wp:attachment":[{"href":"https:\/\/gotoclient.com\/ca\/wp-json\/wp\/v2\/media?parent=5511"}],"curies":[{"name":"wp","href":"https:\/\/api.w.org\/{rel}","templated":true}]}}