{"id":9702,"date":"2021-02-25T16:42:18","date_gmt":"2021-02-25T15:42:18","guid":{"rendered":"https:\/\/gotoclient.com\/happy-clients\/"},"modified":"2025-07-03T15:21:57","modified_gmt":"2025-07-03T14:21:57","slug":"testimonis-de-clients","status":"publish","type":"page","link":"https:\/\/gotoclient.com\/ca\/testimonis-de-clients\/","title":{"rendered":"Testimonis de clients"},"content":{"rendered":"\n<h1 class=\"wp-block-heading\" id=\"h-testimonis-de-clients\" style=\"font-size:50px\"><strong>Testimonis de clients<\/strong><\/h1>\n\n\n\n<div style=\"height:48px\" aria-hidden=\"true\" class=\"wp-block-spacer\"><\/div>\n\n\n\n<div class=\"wp-block-columns is-layout-flex wp-container-core-columns-is-layout-1 wp-block-columns-is-layout-flex\">\n<div class=\"wp-block-column is-layout-flow wp-block-column-is-layout-flow\">\n<h4 class=\"wp-block-heading\" id=\"h-gotoclient-est-comprom-s-amb-els-seus-clients-des-de-2009-els-nostres-clients-expliquen-la-seva-experi-ncia-amb-gotoclient-a-trav-s-d-entrevistes-en-v-deo-mira-ara-els-testimonis-dels-nostres-clients-ara\"><br>Gotoclient&nbsp;est\u00e0 comprom\u00e8s amb els seus clients des de 2009. Els nostres clients expliquen la seva experi\u00e8ncia amb&nbsp;Gotoclient&nbsp;a trav\u00e9s d&#8217;entrevistes en v\u00eddeo. Mira ara els testimonis dels nostres clients ara!<\/h4>\n<\/div>\n\n\n\n<div class=\"wp-block-column is-layout-flow wp-block-column-is-layout-flow\"><\/div>\n<\/div>\n\n\n\n<div style=\"height:48px\" aria-hidden=\"true\" class=\"wp-block-spacer\"><\/div>\n\n\n\n<div class=\"wp-block-columns is-layout-flex wp-container-core-columns-is-layout-2 wp-block-columns-is-layout-flex\">\n<div class=\"wp-block-column is-layout-flow wp-block-column-is-layout-flow\">\n<h2 class=\"wp-block-heading\" id=\"h-philippe-luneau\"><strong>Philippe Luneau<\/strong><\/h2>\n\n\n\n<p>Partnerships Marketing Lead EMEA Norton LifeLock (2015-2021)<\/p>\n\n\n\n<div class=\"wp-block-image\"><figure class=\"alignleft size-large is-resized\"><img loading=\"lazy\" decoding=\"async\" src=\"https:\/\/gotoclient.com\/wp-content\/uploads\/2021\/04\/norton.png\" alt=\"\" class=\"wp-image-9928\" width=\"150\" height=\"58\" srcset=\"https:\/\/gotoclient.com\/wp-content\/uploads\/2021\/04\/norton.png 250w, https:\/\/gotoclient.com\/wp-content\/uploads\/2021\/04\/norton-120x47.png 120w\" sizes=\"auto, (max-width: 150px) 100vw, 150px\" \/><\/figure><\/div>\n\n\n\n<div style=\"height:35px\" aria-hidden=\"true\" class=\"wp-block-spacer\"><\/div>\n\n\n\n<iframe loading=\"lazy\" class=\"lazy-loaded\" width=\"560\" height=\"315\" data-lazy-type=\"iframe\" data-src=\"https:\/\/www.youtube.com\/embed\/xG01nUGcxvE\" title=\"YouTube video player\" frameborder=\"0\" allow=\"accelerometer; autoplay; clipboard-write; encrypted-media; gyroscope; picture-in-picture\" allowfullscreen=\"\" src=\"https:\/\/www.youtube.com\/embed\/xG01nUGcxvE\" style=\"\n    height: 316px;\n\"><\/iframe>\n\n\n\n<div style=\"height:100px\" aria-hidden=\"true\" class=\"wp-block-spacer\"><\/div>\n<\/div>\n\n\n\n<div class=\"wp-block-column is-layout-flow wp-block-column-is-layout-flow\">\n<h2 class=\"wp-block-heading\" id=\"h-ricardo-mart-nez\"><strong>Ricardo Mart\u00ednez<\/strong><\/h2>\n\n\n\n<p>General Manager B2B Europe MediaMarkt <\/p>\n\n\n\n<div class=\"wp-block-image\"><figure class=\"alignleft size-large is-resized\"><img loading=\"lazy\" decoding=\"async\" src=\"https:\/\/gotoclient.com\/wp-content\/uploads\/2021\/06\/mm-1.jpg\" alt=\"\" class=\"wp-image-11057\" width=\"184\" height=\"72\" srcset=\"https:\/\/gotoclient.com\/wp-content\/uploads\/2021\/06\/mm-1.jpg 250w, https:\/\/gotoclient.com\/wp-content\/uploads\/2021\/06\/mm-1-120x47.jpg 120w\" sizes=\"auto, (max-width: 184px) 100vw, 184px\" \/><\/figure><\/div>\n\n\n\n<div style=\"height:20px\" aria-hidden=\"true\" class=\"wp-block-spacer\"><\/div>\n\n\n\n<iframe loading=\"lazy\" class=\"lazy-loaded\" width=\"560\" height=\"315\" data-lazy-type=\"iframe\" data-src=\"https:\/\/www.youtube.com\/embed\/2dGt8RNdhU4\" title=\"YouTube video player\" frameborder=\"0\" allow=\"accelerometer; autoplay; clipboard-write; encrypted-media; gyroscope; picture-in-picture\" allowfullscreen=\"\" src=\"https:\/\/www.youtube.com\/embed\/2dGt8RNdhU4\" style=\"\n    height: 316px;\n\"><\/iframe>\n<\/div>\n<\/div>\n\n\n\n<div class=\"wp-block-columns is-layout-flex wp-container-core-columns-is-layout-3 wp-block-columns-is-layout-flex\">\n<div class=\"wp-block-column is-layout-flow wp-block-column-is-layout-flow\">\n<div class=\"wp-block-group\"><div class=\"wp-block-group__inner-container is-layout-flow wp-block-group-is-layout-flow\">\n<h2 class=\"wp-block-heading\" id=\"h-maria-vilella\"><strong>Maria Vilella<\/strong><\/h2>\n\n\n\n<p>Channel Marketing Manager Iberia<\/p>\n\n\n\n<div class=\"wp-block-image\"><figure class=\"alignleft size-full is-resized\"><img loading=\"lazy\" decoding=\"async\" src=\"https:\/\/gotoclient.com\/wp-content\/uploads\/2021\/02\/Epson_Logo.png\" alt=\"\" class=\"wp-image-9500\" width=\"142\" height=\"56\" srcset=\"https:\/\/gotoclient.com\/wp-content\/uploads\/2021\/02\/Epson_Logo.png 640w, https:\/\/gotoclient.com\/wp-content\/uploads\/2021\/02\/Epson_Logo-250x98.png 250w, https:\/\/gotoclient.com\/wp-content\/uploads\/2021\/02\/Epson_Logo-120x47.png 120w, https:\/\/gotoclient.com\/wp-content\/uploads\/2021\/02\/Epson_Logo-372x146.png 372w\" sizes=\"auto, (max-width: 142px) 100vw, 142px\" \/><\/figure><\/div>\n\n\n\n<div style=\"height:35px\" aria-hidden=\"true\" class=\"wp-block-spacer\"><\/div>\n\n\n\n<iframe loading=\"lazy\" class=\"lazy-loaded\" width=\"560\" height=\"315\" data-lazy-type=\"iframe\" data-src=\"https:\/\/www.youtube.com\/embed\/0rT-T22Z_9w\" frameborder=\"0\" allow=\"accelerometer; autoplay; clipboard-write; encrypted-media; gyroscope; picture-in-picture\" allowfullscreen=\"\" src=\"https:\/\/www.youtube.com\/embed\/0rT-T22Z_9w\" style=\"\n    min-height: 316px;\n\"><\/iframe>\n\n\n\n<div style=\"height:35px\" aria-hidden=\"true\" class=\"wp-block-spacer\"><\/div>\n<\/div><\/div>\n<\/div>\n\n\n\n<div class=\"wp-block-column is-layout-flow wp-block-column-is-layout-flow\">\n<h2 class=\"wp-block-heading\" id=\"h-carles-aragon-s\"><strong>Carles Aragon\u00e8s<\/strong><\/h2>\n\n\n\n<p>Marketing Director Iberia (2010-2017)<\/p>\n\n\n\n<div class=\"wp-block-image\"><figure class=\"alignleft size-large is-resized\"><img loading=\"lazy\" decoding=\"async\" src=\"https:\/\/gotoclient.com\/wp-content\/uploads\/2021\/04\/haier.jpg\" alt=\"\" class=\"wp-image-9735\" width=\"137\" height=\"54\" srcset=\"https:\/\/gotoclient.com\/wp-content\/uploads\/2021\/04\/haier.jpg 640w, https:\/\/gotoclient.com\/wp-content\/uploads\/2021\/04\/haier-250x98.jpg 250w, https:\/\/gotoclient.com\/wp-content\/uploads\/2021\/04\/haier-120x47.jpg 120w, https:\/\/gotoclient.com\/wp-content\/uploads\/2021\/04\/haier-372x146.jpg 372w\" sizes=\"auto, (max-width: 137px) 100vw, 137px\" \/><\/figure><\/div>\n\n\n\n<div style=\"height:35px\" aria-hidden=\"true\" class=\"wp-block-spacer\"><\/div>\n\n\n\n<iframe loading=\"lazy\" class=\"lazy-loaded\" width=\"560\" height=\"315\" data-lazy-type=\"iframe\" data-src=\"https:\/\/www.youtube.com\/embed\/uZAl5MYlwNU\" title=\"YouTube video player\" frameborder=\"0\" allow=\"accelerometer; autoplay; clipboard-write; encrypted-media; gyroscope; picture-in-picture\" allowfullscreen=\"\" src=\"https:\/\/www.youtube.com\/embed\/uZAl5MYlwNU\" style=\"\n    height: 316px;\n\"><\/iframe>\n<\/div>\n<\/div>\n\n\n\n<div class=\"wp-block-columns is-layout-flex wp-container-core-columns-is-layout-4 wp-block-columns-is-layout-flex\">\n<div class=\"wp-block-column is-layout-flow wp-block-column-is-layout-flow\">\n<h2 class=\"wp-block-heading\" id=\"h-santi-do-cal\"><strong>Santi Do-cal<\/strong><\/h2>\n\n\n\n<p>Retail Sales Director | Business unit manager<\/p>\n\n\n\n<div class=\"wp-block-image\"><figure class=\"alignleft size-large\"><img loading=\"lazy\" decoding=\"async\" width=\"270\" height=\"153\" src=\"https:\/\/gotoclient.com\/wp-content\/uploads\/2021\/08\/Ka\u0308rcher-Logo-tumb.jpeg\" alt=\"\" class=\"wp-image-11705\" srcset=\"https:\/\/gotoclient.com\/wp-content\/uploads\/2021\/08\/Ka\u0308rcher-Logo-tumb.jpeg 270w, https:\/\/gotoclient.com\/wp-content\/uploads\/2021\/08\/Ka\u0308rcher-Logo-tumb-250x142.jpeg 250w, https:\/\/gotoclient.com\/wp-content\/uploads\/2021\/08\/Ka\u0308rcher-Logo-tumb-120x68.jpeg 120w\" sizes=\"auto, (max-width: 270px) 100vw, 270px\" \/><\/figure><\/div>\n\n\n\n<div style=\"height:35px\" aria-hidden=\"true\" class=\"wp-block-spacer\"><\/div>\n\n\n\n<iframe loading=\"lazy\" class=\"lazy-loaded\" width=\"560\" height=\"315\" data-lazy-type=\"iframe\" data-src=\"https:\/\/www.youtube.com\/embed\/A3dECE7CCwc\" title=\"YouTube video player\" frameborder=\"0\" allow=\"accelerometer; autoplay; clipboard-write; encrypted-media; gyroscope; picture-in-picture\" allowfullscreen=\"\" src=\"https:\/\/www.youtube.com\/embed\/A3dECE7CCwc\" style=\"\n    height: 316px;\n\"><\/iframe>\n<\/div>\n\n\n\n<div class=\"wp-block-column is-layout-flow wp-block-column-is-layout-flow\"><\/div>\n<\/div>\n","protected":false},"excerpt":{"rendered":"<p>Testimonis de clients Gotoclient&nbsp;est\u00e0 comprom\u00e8s amb els seus clients des de 2009. Els nostres clients expliquen la seva experi\u00e8ncia amb&nbsp;Gotoclient&nbsp;a trav\u00e9s d&#8217;entrevistes en v\u00eddeo. Mira ara els testimonis dels nostres clients ara! Philippe Luneau Partnerships Marketing Lead EMEA Norton LifeLock (2015-2021) Ricardo Mart\u00ednez General Manager B2B Europe MediaMarkt Maria Vilella Channel Marketing Manager Iberia Carles [&hellip;]<\/p>\n","protected":false},"author":14,"featured_media":10957,"parent":0,"menu_order":0,"comment_status":"closed","ping_status":"closed","template":"","meta":{"_acf_changed":false,"footnotes":""},"class_list":["post-9702","page","type-page","status-publish","has-post-thumbnail","hentry"],"acf":[],"yoast_head":"<!-- This site is optimized with the Yoast SEO plugin v24.8.1 - https:\/\/yoast.com\/wordpress\/plugins\/seo\/ -->\n<title>Testimonis de clients - Gotoclient<\/title>\n<meta name=\"description\" content=\"Gotoclient est\u00e0 comprom\u00e8s amb els seus clients. Mira ara els testimonis dels nostres clients on expliquen la seva experi\u00e8ncia.\" \/>\n<meta name=\"robots\" content=\"index, follow, max-snippet:-1, max-image-preview:large, max-video-preview:-1\" \/>\n<link rel=\"canonical\" href=\"https:\/\/gotoclient.com\/ca\/testimonis-de-clients\/\" \/>\n<meta property=\"og:locale\" content=\"ca_ES\" \/>\n<meta property=\"og:type\" content=\"article\" \/>\n<meta property=\"og:title\" content=\"Testimonis de clients - Gotoclient\" \/>\n<meta property=\"og:description\" content=\"Gotoclient est\u00e0 comprom\u00e8s amb els seus clients. Mira ara els testimonis dels nostres clients on expliquen la seva experi\u00e8ncia.\" \/>\n<meta property=\"og:url\" content=\"https:\/\/gotoclient.com\/ca\/testimonis-de-clients\/\" \/>\n<meta property=\"og:site_name\" content=\"Gotoclient\" \/>\n<meta property=\"article:modified_time\" content=\"2025-07-03T14:21:57+00:00\" \/>\n<meta property=\"og:image\" content=\"https:\/\/gotoclient.com\/wp-content\/uploads\/2021\/06\/Interviews.jpeg?wsr\" \/>\n\t<meta property=\"og:image:width\" content=\"752\" \/>\n\t<meta property=\"og:image:height\" content=\"500\" \/>\n\t<meta property=\"og:image:type\" content=\"image\/jpeg\" \/>\n<meta name=\"twitter:card\" content=\"summary_large_image\" \/>\n<meta name=\"twitter:label1\" content=\"Est. reading time\" \/>\n\t<meta name=\"twitter:data1\" content=\"2 minuts\" \/>\n<script type=\"application\/ld+json\" class=\"yoast-schema-graph\">{\"@context\":\"https:\/\/schema.org\",\"@graph\":[{\"@type\":\"TechArticle\",\"@id\":\"https:\/\/gotoclient.com\/ca\/testimonis-de-clients\/#article\",\"isPartOf\":{\"@id\":\"https:\/\/gotoclient.com\/ca\/testimonis-de-clients\/\"},\"author\":{\"name\":\"Guillem Galera\",\"@id\":\"https:\/\/gotoclient.com\/en\/#\/schema\/person\/37760905c24f93e481974fc0165dfb92\"},\"headline\":\"Testimonis de clients\",\"datePublished\":\"2021-02-25T15:42:18+00:00\",\"dateModified\":\"2025-07-03T14:21:57+00:00\",\"mainEntityOfPage\":{\"@id\":\"https:\/\/gotoclient.com\/ca\/testimonis-de-clients\/\"},\"wordCount\":83,\"publisher\":{\"@id\":\"https:\/\/gotoclient.com\/en\/#organization\"},\"image\":{\"@id\":\"https:\/\/gotoclient.com\/ca\/testimonis-de-clients\/#primaryimage\"},\"thumbnailUrl\":\"https:\/\/gotoclient.com\/wp-content\/uploads\/2021\/06\/Interviews.jpeg?wsr\",\"inLanguage\":\"ca\"},{\"@type\":\"WebPage\",\"@id\":\"https:\/\/gotoclient.com\/ca\/testimonis-de-clients\/\",\"url\":\"https:\/\/gotoclient.com\/ca\/testimonis-de-clients\/\",\"name\":\"Testimonis de clients - Gotoclient\",\"isPartOf\":{\"@id\":\"https:\/\/gotoclient.com\/en\/#website\"},\"primaryImageOfPage\":{\"@id\":\"https:\/\/gotoclient.com\/ca\/testimonis-de-clients\/#primaryimage\"},\"image\":{\"@id\":\"https:\/\/gotoclient.com\/ca\/testimonis-de-clients\/#primaryimage\"},\"thumbnailUrl\":\"https:\/\/gotoclient.com\/wp-content\/uploads\/2021\/06\/Interviews.jpeg?wsr\",\"datePublished\":\"2021-02-25T15:42:18+00:00\",\"dateModified\":\"2025-07-03T14:21:57+00:00\",\"description\":\"Gotoclient est\u00e0 comprom\u00e8s amb els seus clients. Mira ara els testimonis dels nostres clients on expliquen la seva experi\u00e8ncia.\",\"breadcrumb\":{\"@id\":\"https:\/\/gotoclient.com\/ca\/testimonis-de-clients\/#breadcrumb\"},\"inLanguage\":\"ca\",\"potentialAction\":[{\"@type\":\"ReadAction\",\"target\":[\"https:\/\/gotoclient.com\/ca\/testimonis-de-clients\/\"]}]},{\"@type\":\"ImageObject\",\"inLanguage\":\"ca\",\"@id\":\"https:\/\/gotoclient.com\/ca\/testimonis-de-clients\/#primaryimage\",\"url\":\"https:\/\/gotoclient.com\/wp-content\/uploads\/2021\/06\/Interviews.jpeg?wsr\",\"contentUrl\":\"https:\/\/gotoclient.com\/wp-content\/uploads\/2021\/06\/Interviews.jpeg?wsr\",\"width\":752,\"height\":500,\"caption\":\"Interviews\"},{\"@type\":\"BreadcrumbList\",\"@id\":\"https:\/\/gotoclient.com\/ca\/testimonis-de-clients\/#breadcrumb\",\"itemListElement\":[{\"@type\":\"ListItem\",\"position\":1,\"name\":\"Home\",\"item\":\"https:\/\/gotoclient.com\/ca\/\"},{\"@type\":\"ListItem\",\"position\":2,\"name\":\"Testimonis de clients\"}]},{\"@type\":\"WebSite\",\"@id\":\"https:\/\/gotoclient.com\/en\/#website\",\"url\":\"https:\/\/gotoclient.com\/en\/\",\"name\":\"Gotoclient\",\"description\":\"Marketing Agency\",\"publisher\":{\"@id\":\"https:\/\/gotoclient.com\/en\/#organization\"},\"alternateName\":\"GTC\",\"potentialAction\":[{\"@type\":\"SearchAction\",\"target\":{\"@type\":\"EntryPoint\",\"urlTemplate\":\"https:\/\/gotoclient.com\/en\/?s={search_term_string}\"},\"query-input\":{\"@type\":\"PropertyValueSpecification\",\"valueRequired\":true,\"valueName\":\"search_term_string\"}}],\"inLanguage\":\"ca\"},{\"@type\":\"Organization\",\"@id\":\"https:\/\/gotoclient.com\/en\/#organization\",\"name\":\"Gotoclient\",\"alternateName\":\"GTC\",\"url\":\"https:\/\/gotoclient.com\/en\/\",\"logo\":{\"@type\":\"ImageObject\",\"inLanguage\":\"ca\",\"@id\":\"https:\/\/gotoclient.com\/en\/#\/schema\/logo\/image\/\",\"url\":\"https:\/\/gotoclient.com\/wp-content\/uploads\/2025\/07\/gotoclient_logo_icon.png\",\"contentUrl\":\"https:\/\/gotoclient.com\/wp-content\/uploads\/2025\/07\/gotoclient_logo_icon.png\",\"width\":240,\"height\":266,\"caption\":\"Gotoclient\"},\"image\":{\"@id\":\"https:\/\/gotoclient.com\/en\/#\/schema\/logo\/image\/\"},\"sameAs\":[\"https:\/\/www.instagram.com\/gotoclient\/\",\"https:\/\/www.linkedin.com\/company\/gotoclient\"]},{\"@type\":\"Person\",\"@id\":\"https:\/\/gotoclient.com\/en\/#\/schema\/person\/37760905c24f93e481974fc0165dfb92\",\"name\":\"Guillem Galera\",\"image\":{\"@type\":\"ImageObject\",\"inLanguage\":\"ca\",\"@id\":\"https:\/\/gotoclient.com\/en\/#\/schema\/person\/image\/\",\"url\":\"https:\/\/secure.gravatar.com\/avatar\/bd5077db31c4aaf23eb05566e768319a?s=96&d=mm&r=g\",\"contentUrl\":\"https:\/\/secure.gravatar.com\/avatar\/bd5077db31c4aaf23eb05566e768319a?s=96&d=mm&r=g\",\"caption\":\"Guillem Galera\"}}]}<\/script>\n<!-- \/ Yoast SEO plugin. -->","yoast_head_json":{"title":"Testimonis de clients - Gotoclient","description":"Gotoclient est\u00e0 comprom\u00e8s amb els seus clients. Mira ara els testimonis dels nostres clients on expliquen la seva experi\u00e8ncia.","robots":{"index":"index","follow":"follow","max-snippet":"max-snippet:-1","max-image-preview":"max-image-preview:large","max-video-preview":"max-video-preview:-1"},"canonical":"https:\/\/gotoclient.com\/ca\/testimonis-de-clients\/","og_locale":"ca_ES","og_type":"article","og_title":"Testimonis de clients - Gotoclient","og_description":"Gotoclient est\u00e0 comprom\u00e8s amb els seus clients. Mira ara els testimonis dels nostres clients on expliquen la seva experi\u00e8ncia.","og_url":"https:\/\/gotoclient.com\/ca\/testimonis-de-clients\/","og_site_name":"Gotoclient","article_modified_time":"2025-07-03T14:21:57+00:00","og_image":[{"width":752,"height":500,"url":"https:\/\/gotoclient.com\/wp-content\/uploads\/2021\/06\/Interviews.jpeg?wsr","type":"image\/jpeg"}],"twitter_card":"summary_large_image","twitter_misc":{"Est. reading time":"2 minuts"},"schema":{"@context":"https:\/\/schema.org","@graph":[{"@type":"TechArticle","@id":"https:\/\/gotoclient.com\/ca\/testimonis-de-clients\/#article","isPartOf":{"@id":"https:\/\/gotoclient.com\/ca\/testimonis-de-clients\/"},"author":{"name":"Guillem Galera","@id":"https:\/\/gotoclient.com\/en\/#\/schema\/person\/37760905c24f93e481974fc0165dfb92"},"headline":"Testimonis de clients","datePublished":"2021-02-25T15:42:18+00:00","dateModified":"2025-07-03T14:21:57+00:00","mainEntityOfPage":{"@id":"https:\/\/gotoclient.com\/ca\/testimonis-de-clients\/"},"wordCount":83,"publisher":{"@id":"https:\/\/gotoclient.com\/en\/#organization"},"image":{"@id":"https:\/\/gotoclient.com\/ca\/testimonis-de-clients\/#primaryimage"},"thumbnailUrl":"https:\/\/gotoclient.com\/wp-content\/uploads\/2021\/06\/Interviews.jpeg?wsr","inLanguage":"ca"},{"@type":"WebPage","@id":"https:\/\/gotoclient.com\/ca\/testimonis-de-clients\/","url":"https:\/\/gotoclient.com\/ca\/testimonis-de-clients\/","name":"Testimonis de clients - Gotoclient","isPartOf":{"@id":"https:\/\/gotoclient.com\/en\/#website"},"primaryImageOfPage":{"@id":"https:\/\/gotoclient.com\/ca\/testimonis-de-clients\/#primaryimage"},"image":{"@id":"https:\/\/gotoclient.com\/ca\/testimonis-de-clients\/#primaryimage"},"thumbnailUrl":"https:\/\/gotoclient.com\/wp-content\/uploads\/2021\/06\/Interviews.jpeg?wsr","datePublished":"2021-02-25T15:42:18+00:00","dateModified":"2025-07-03T14:21:57+00:00","description":"Gotoclient est\u00e0 comprom\u00e8s amb els seus clients. Mira ara els testimonis dels nostres clients on expliquen la seva experi\u00e8ncia.","breadcrumb":{"@id":"https:\/\/gotoclient.com\/ca\/testimonis-de-clients\/#breadcrumb"},"inLanguage":"ca","potentialAction":[{"@type":"ReadAction","target":["https:\/\/gotoclient.com\/ca\/testimonis-de-clients\/"]}]},{"@type":"ImageObject","inLanguage":"ca","@id":"https:\/\/gotoclient.com\/ca\/testimonis-de-clients\/#primaryimage","url":"https:\/\/gotoclient.com\/wp-content\/uploads\/2021\/06\/Interviews.jpeg?wsr","contentUrl":"https:\/\/gotoclient.com\/wp-content\/uploads\/2021\/06\/Interviews.jpeg?wsr","width":752,"height":500,"caption":"Interviews"},{"@type":"BreadcrumbList","@id":"https:\/\/gotoclient.com\/ca\/testimonis-de-clients\/#breadcrumb","itemListElement":[{"@type":"ListItem","position":1,"name":"Home","item":"https:\/\/gotoclient.com\/ca\/"},{"@type":"ListItem","position":2,"name":"Testimonis de clients"}]},{"@type":"WebSite","@id":"https:\/\/gotoclient.com\/en\/#website","url":"https:\/\/gotoclient.com\/en\/","name":"Gotoclient","description":"Marketing Agency","publisher":{"@id":"https:\/\/gotoclient.com\/en\/#organization"},"alternateName":"GTC","potentialAction":[{"@type":"SearchAction","target":{"@type":"EntryPoint","urlTemplate":"https:\/\/gotoclient.com\/en\/?s={search_term_string}"},"query-input":{"@type":"PropertyValueSpecification","valueRequired":true,"valueName":"search_term_string"}}],"inLanguage":"ca"},{"@type":"Organization","@id":"https:\/\/gotoclient.com\/en\/#organization","name":"Gotoclient","alternateName":"GTC","url":"https:\/\/gotoclient.com\/en\/","logo":{"@type":"ImageObject","inLanguage":"ca","@id":"https:\/\/gotoclient.com\/en\/#\/schema\/logo\/image\/","url":"https:\/\/gotoclient.com\/wp-content\/uploads\/2025\/07\/gotoclient_logo_icon.png","contentUrl":"https:\/\/gotoclient.com\/wp-content\/uploads\/2025\/07\/gotoclient_logo_icon.png","width":240,"height":266,"caption":"Gotoclient"},"image":{"@id":"https:\/\/gotoclient.com\/en\/#\/schema\/logo\/image\/"},"sameAs":["https:\/\/www.instagram.com\/gotoclient\/","https:\/\/www.linkedin.com\/company\/gotoclient"]},{"@type":"Person","@id":"https:\/\/gotoclient.com\/en\/#\/schema\/person\/37760905c24f93e481974fc0165dfb92","name":"Guillem Galera","image":{"@type":"ImageObject","inLanguage":"ca","@id":"https:\/\/gotoclient.com\/en\/#\/schema\/person\/image\/","url":"https:\/\/secure.gravatar.com\/avatar\/bd5077db31c4aaf23eb05566e768319a?s=96&d=mm&r=g","contentUrl":"https:\/\/secure.gravatar.com\/avatar\/bd5077db31c4aaf23eb05566e768319a?s=96&d=mm&r=g","caption":"Guillem Galera"}}]}},"_links":{"self":[{"href":"https:\/\/gotoclient.com\/ca\/wp-json\/wp\/v2\/pages\/9702","targetHints":{"allow":["GET"]}}],"collection":[{"href":"https:\/\/gotoclient.com\/ca\/wp-json\/wp\/v2\/pages"}],"about":[{"href":"https:\/\/gotoclient.com\/ca\/wp-json\/wp\/v2\/types\/page"}],"author":[{"embeddable":true,"href":"https:\/\/gotoclient.com\/ca\/wp-json\/wp\/v2\/users\/14"}],"replies":[{"embeddable":true,"href":"https:\/\/gotoclient.com\/ca\/wp-json\/wp\/v2\/comments?post=9702"}],"version-history":[{"count":9,"href":"https:\/\/gotoclient.com\/ca\/wp-json\/wp\/v2\/pages\/9702\/revisions"}],"predecessor-version":[{"id":11716,"href":"https:\/\/gotoclient.com\/ca\/wp-json\/wp\/v2\/pages\/9702\/revisions\/11716"}],"wp:featuredmedia":[{"embeddable":true,"href":"https:\/\/gotoclient.com\/ca\/wp-json\/wp\/v2\/media\/10957"}],"wp:attachment":[{"href":"https:\/\/gotoclient.com\/ca\/wp-json\/wp\/v2\/media?parent=9702"}],"curies":[{"name":"wp","href":"https:\/\/api.w.org\/{rel}","templated":true}]}}