{"id":14663,"date":"2022-11-16T15:06:20","date_gmt":"2022-11-16T14:06:20","guid":{"rendered":"https:\/\/gotoclient.com\/?page_id=14663"},"modified":"2025-06-11T08:39:41","modified_gmt":"2025-06-11T07:39:41","slug":"biz-barcelona","status":"publish","type":"page","link":"https:\/\/gotoclient.com\/en\/biz-barcelona\/","title":{"rendered":"Biz Barcelona"},"content":{"rendered":"\n<h2 class=\"wp-block-heading has-large-font-size\" id=\"h-gana-en-biz-barcelona-con-macnificos\">Gana en <a href=\"https:\/\/www.bizbarcelona.com\/\">Biz Barcelona<\/a> con <a href=\"https:\/\/macnificos.com\/\">Macnificos<\/a><\/h2>\n\n\n\n<div class=\"wp-block-columns is-layout-flex wp-container-core-columns-is-layout-1 wp-block-columns-is-layout-flex\">\n<div class=\"wp-block-column is-layout-flow wp-block-column-is-layout-flow\">\n<iframe title=\"\u00bfHas constituido ya tu empresa?\" aria-label=\"Donut Chart\" id=\"datawrapper-chart-oXE4q\" src=\"https:\/\/datawrapper.dwcdn.net\/oXE4q\/1\/\" scrolling=\"no\" frameborder=\"0\" style=\"width: 0; min-width: 100% !important; border: none;\" height=\"534\" data-external=\"1\"><\/iframe><script type=\"text\/javascript\">!function(){\"use strict\";window.addEventListener(\"message\",(function(e){if(void 0!==e.data[\"datawrapper-height\"]){var t=document.querySelectorAll(\"iframe\");for(var a in e.data[\"datawrapper-height\"])for(var r=0;r<t.length;r++){if(t[r].contentWindow===e.source)t[r].style.height=e.data[\"datawrapper-height\"][a]+\"px\"}}}))}();\n<\/script>\n<\/div>\n\n\n\n<div class=\"wp-block-column is-layout-flow wp-block-column-is-layout-flow\">\n<iframe title=\"Sector \/ actividad\" aria-label=\"Pie Chart\" id=\"datawrapper-chart-lASrK\" src=\"https:\/\/datawrapper.dwcdn.net\/lASrK\/1\/\" scrolling=\"no\" frameborder=\"0\" style=\"width: 0; min-width: 100% !important; border: none;\" height=\"562\" data-external=\"1\"><\/iframe><script type=\"text\/javascript\">!function(){\"use strict\";window.addEventListener(\"message\",(function(e){if(void 0!==e.data[\"datawrapper-height\"]){var t=document.querySelectorAll(\"iframe\");for(var a in e.data[\"datawrapper-height\"])for(var r=0;r<t.length;r++){if(t[r].contentWindow===e.source)t[r].style.height=e.data[\"datawrapper-height\"][a]+\"px\"}}}))}();\n<\/script>\n<\/div>\n\n\n\n<div class=\"wp-block-column is-layout-flow wp-block-column-is-layout-flow\">\n<iframe title=\"\u00bfHace m\u00e1s de dos a\u00f1os de la constituci\u00f3n de la empresa?\" aria-label=\"Pie Chart\" id=\"datawrapper-chart-ZSDWB\" src=\"https:\/\/datawrapper.dwcdn.net\/ZSDWB\/1\/\" scrolling=\"no\" frameborder=\"0\" style=\"width: 0; min-width: 100% !important; border: none;\" height=\"562\" data-external=\"1\"><\/iframe><script type=\"text\/javascript\">!function(){\"use strict\";window.addEventListener(\"message\",(function(e){if(void 0!==e.data[\"datawrapper-height\"]){var t=document.querySelectorAll(\"iframe\");for(var a in e.data[\"datawrapper-height\"])for(var r=0;r<t.length;r++){if(t[r].contentWindow===e.source)t[r].style.height=e.data[\"datawrapper-height\"][a]+\"px\"}}}))}();\n<\/script>\n<\/div>\n<\/div>\n\n\n\n<div class=\"wp-block-columns is-layout-flex wp-container-core-columns-is-layout-2 wp-block-columns-is-layout-flex\">\n<div class=\"wp-block-column is-layout-flow wp-block-column-is-layout-flow\">\n<iframe title=\"\u00bfComo te podemos ayudar?\n\" aria-label=\"Pie Chart\" id=\"datawrapper-chart-z4ivc\" src=\"https:\/\/datawrapper.dwcdn.net\/z4ivc\/1\/\" scrolling=\"no\" frameborder=\"0\" style=\"width: 0; min-width: 100% !important; border: none;\" height=\"578\" data-external=\"1\"><\/iframe><script type=\"text\/javascript\">!function(){\"use strict\";window.addEventListener(\"message\",(function(e){if(void 0!==e.data[\"datawrapper-height\"]){var t=document.querySelectorAll(\"iframe\");for(var a in e.data[\"datawrapper-height\"])for(var r=0;r<t.length;r++){if(t[r].contentWindow===e.source)t[r].style.height=e.data[\"datawrapper-height\"][a]+\"px\"}}}))}();\n<\/script>\n<\/div>\n\n\n\n<div class=\"wp-block-column is-layout-flow wp-block-column-is-layout-flow\">\n<iframe title=\"\u00bfCu\u00e1ndo necesitas incorporar la soluci\u00f3n?\" aria-label=\"Pie Chart\" id=\"datawrapper-chart-JFPmj\" src=\"https:\/\/datawrapper.dwcdn.net\/JFPmj\/1\/\" scrolling=\"no\" frameborder=\"0\" style=\"width: 0; min-width: 100% !important; border: none;\" height=\"562\" data-external=\"1\"><\/iframe><script type=\"text\/javascript\">!function(){\"use strict\";window.addEventListener(\"message\",(function(e){if(void 0!==e.data[\"datawrapper-height\"]){var t=document.querySelectorAll(\"iframe\");for(var a in e.data[\"datawrapper-height\"])for(var r=0;r<t.length;r++){if(t[r].contentWindow===e.source)t[r].style.height=e.data[\"datawrapper-height\"][a]+\"px\"}}}))}();\n<\/script>\n<\/div>\n\n\n\n<div class=\"wp-block-column is-layout-flow wp-block-column-is-layout-flow\"><\/div>\n<\/div>\n\n\n\n<div class=\"wp-block-columns is-layout-flex wp-container-core-columns-is-layout-3 wp-block-columns-is-layout-flex\">\n<div class=\"wp-block-column is-layout-flow wp-block-column-is-layout-flow\">\n<iframe title=\"\u00bfC\u00f3mo te podemos ayudar?\" aria-label=\"Pie Chart\" id=\"datawrapper-chart-YEHra\" src=\"https:\/\/datawrapper.dwcdn.net\/YEHra\/1\/\" scrolling=\"no\" frameborder=\"0\" style=\"width: 0; min-width: 100% !important; border: none;\" height=\"562\" data-external=\"1\"><\/iframe><script type=\"text\/javascript\">!function(){\"use strict\";window.addEventListener(\"message\",(function(e){if(void 0!==e.data[\"datawrapper-height\"]){var t=document.querySelectorAll(\"iframe\");for(var a in e.data[\"datawrapper-height\"])for(var r=0;r<t.length;r++){if(t[r].contentWindow===e.source)t[r].style.height=e.data[\"datawrapper-height\"][a]+\"px\"}}}))}();\n<\/script><\/script>\n<\/div>\n\n\n\n<div class=\"wp-block-column is-layout-flow wp-block-column-is-layout-flow\">\n<iframe title=\"\u00bfComo te podemos ayudar?\n\" aria-label=\"Pie Chart\" id=\"datawrapper-chart-z4ivc\" src=\"https:\/\/datawrapper.dwcdn.net\/z4ivc\/1\/\" scrolling=\"no\" frameborder=\"0\" style=\"width: 0; min-width: 100% !important; border: none;\" height=\"578\" data-external=\"1\"><\/iframe><script type=\"text\/javascript\">!function(){\"use strict\";window.addEventListener(\"message\",(function(e){if(void 0!==e.data[\"datawrapper-height\"]){var t=document.querySelectorAll(\"iframe\");for(var a in e.data[\"datawrapper-height\"])for(var r=0;r<t.length;r++){if(t[r].contentWindow===e.source)t[r].style.height=e.data[\"datawrapper-height\"][a]+\"px\"}}}))}();\n<\/script>\n<\/div>\n\n\n\n<div class=\"wp-block-column is-layout-flow wp-block-column-is-layout-flow\"><\/div>\n<\/div>\n\n\n\n<div style=\"height:100px\" aria-hidden=\"true\" class=\"wp-block-spacer\"><\/div>\n\n\n\n\n<div style=\"height:0px\" aria-hidden=\"true\" class=\"wp-block-spacer\"><\/div>\n\n\n\n<hr class=\"wp-block-separator has-css-opacity\"\/>\n\n\n\n<div class=\"wp-block-columns is-layout-flex wp-container-core-columns-is-layout-4 wp-block-columns-is-layout-flex\">\n<div class=\"wp-block-column is-layout-flow wp-block-column-is-layout-flow\">\n<p class=\"has-medium-font-size\"><strong>Need a B2B professional?<\/strong> Let Gotoclient help you drive real business growth!<\/p>\n<\/div>\n\n\n\n<div class=\"wp-block-column is-vertically-aligned-top is-layout-flow wp-block-column-is-layout-flow\">\n<h5 class=\"wp-block-heading has-text-align-center has-medium-font-size\" id=\"h-contact-us-here\"><a href=\"https:\/\/gotoclient.com\/en\/contact_gotoclient\/\"><strong>Contact Us Here<\/strong><\/a><\/h5>\n\n\n\n<div class=\"wp-block-buttons is-layout-flex wp-block-buttons-is-layout-flex\"><\/div>\n<\/div>\n\n\n\n<div class=\"wp-block-column is-vertically-aligned-top is-layout-flow wp-block-column-is-layout-flow\"><div class=\"wp-block-image\">\n<figure class=\"alignright size-large is-resized\"><img loading=\"lazy\" decoding=\"async\" width=\"700\" height=\"142\" src=\"https:\/\/gotoclient.com\/wp-content\/uploads\/2025\/03\/gotoclient_logo-3-700x142.png\" alt=\"\" class=\"wp-image-17874\" style=\"width:236px;height:47px\" srcset=\"https:\/\/gotoclient.com\/wp-content\/uploads\/2025\/03\/gotoclient_logo-3-700x142.png 700w, https:\/\/gotoclient.com\/wp-content\/uploads\/2025\/03\/gotoclient_logo-3-250x51.png 250w, https:\/\/gotoclient.com\/wp-content\/uploads\/2025\/03\/gotoclient_logo-3-768x156.png 768w, https:\/\/gotoclient.com\/wp-content\/uploads\/2025\/03\/gotoclient_logo-3-1536x312.png 1536w, https:\/\/gotoclient.com\/wp-content\/uploads\/2025\/03\/gotoclient_logo-3-320x65.png 320w, https:\/\/gotoclient.com\/wp-content\/uploads\/2025\/03\/gotoclient_logo-3-1680x342.png 1680w, https:\/\/gotoclient.com\/wp-content\/uploads\/2025\/03\/gotoclient_logo-3-1020x207.png 1020w, https:\/\/gotoclient.com\/wp-content\/uploads\/2025\/03\/gotoclient_logo-3-730x148.png 730w, https:\/\/gotoclient.com\/wp-content\/uploads\/2025\/03\/gotoclient_logo-3-1280x260.png 1280w, https:\/\/gotoclient.com\/wp-content\/uploads\/2025\/03\/gotoclient_logo-3-120x24.png 120w, https:\/\/gotoclient.com\/wp-content\/uploads\/2025\/03\/gotoclient_logo-3-372x76.png 372w, https:\/\/gotoclient.com\/wp-content\/uploads\/2025\/03\/gotoclient_logo-3.png 1864w\" sizes=\"auto, (max-width: 700px) 100vw, 700px\" \/><\/figure><\/div><\/div>\n<\/div>\n\n\n\n<div style=\"height:50px\" aria-hidden=\"true\" class=\"wp-block-spacer\"><\/div>\n\n\n\n<div class=\"wp-block-group alignfull has-text-color has-background\" style=\"color:#000000;background-color:#ffffff\"><div class=\"wp-block-group__inner-container is-layout-flow wp-block-group-is-layout-flow\">\n<div style=\"height:64px\" aria-hidden=\"true\" class=\"wp-block-spacer\"><\/div>\n<\/div><\/div>\n\n\n\n<p><\/p>\n\n","protected":false},"excerpt":{"rendered":"<p>Gana en Biz Barcelona con Macnificos<\/p>\n","protected":false},"author":14,"featured_media":0,"parent":0,"menu_order":0,"comment_status":"closed","ping_status":"closed","template":"","meta":{"_acf_changed":false,"footnotes":""},"class_list":["post-14663","page","type-page","status-publish","hentry"],"acf":[],"yoast_head":"<!-- This site is optimized with the Yoast SEO plugin v24.8.1 - https:\/\/yoast.com\/wordpress\/plugins\/seo\/ -->\n<title>Biz Barcelona - Gotoclient<\/title>\n<meta name=\"description\" content=\"Join Gotoclient at Biz Barcelona to explore B2B growth strategies: demand generation, LinkedIn &amp; Google Ads, and hands-on workshops.\" \/>\n<meta name=\"robots\" content=\"index, follow, max-snippet:-1, max-image-preview:large, max-video-preview:-1\" \/>\n<link rel=\"canonical\" href=\"https:\/\/gotoclient.com\/en\/biz-barcelona\/\" \/>\n<meta property=\"og:locale\" content=\"en_US\" \/>\n<meta property=\"og:type\" content=\"article\" \/>\n<meta property=\"og:title\" content=\"Biz Barcelona - Gotoclient\" \/>\n<meta property=\"og:description\" content=\"Join Gotoclient at Biz Barcelona to explore B2B growth strategies: demand generation, LinkedIn &amp; Google Ads, and hands-on workshops.\" \/>\n<meta property=\"og:url\" content=\"https:\/\/gotoclient.com\/en\/biz-barcelona\/\" \/>\n<meta property=\"og:site_name\" content=\"Gotoclient\" \/>\n<meta property=\"article:modified_time\" content=\"2025-06-11T07:39:41+00:00\" \/>\n<meta property=\"og:image\" content=\"https:\/\/gotoclient.com\/wp-content\/uploads\/2025\/03\/gotoclient_logo-3.png?wsr\" \/>\n\t<meta property=\"og:image:width\" content=\"1864\" \/>\n\t<meta property=\"og:image:height\" content=\"379\" \/>\n\t<meta property=\"og:image:type\" content=\"image\/png\" \/>\n<meta name=\"twitter:card\" content=\"summary_large_image\" \/>\n<meta name=\"twitter:label1\" content=\"Est. reading time\" \/>\n\t<meta name=\"twitter:data1\" content=\"1 minute\" \/>\n<script type=\"application\/ld+json\" class=\"yoast-schema-graph\">{\"@context\":\"https:\/\/schema.org\",\"@graph\":[{\"@type\":\"TechArticle\",\"@id\":\"https:\/\/gotoclient.com\/en\/biz-barcelona\/#article\",\"isPartOf\":{\"@id\":\"https:\/\/gotoclient.com\/en\/biz-barcelona\/\"},\"author\":{\"name\":\"Guillem Galera\",\"@id\":\"https:\/\/gotoclient.com\/en\/#\/schema\/person\/37760905c24f93e481974fc0165dfb92\"},\"headline\":\"Biz Barcelona\",\"datePublished\":\"2022-11-16T14:06:20+00:00\",\"dateModified\":\"2025-06-11T07:39:41+00:00\",\"mainEntityOfPage\":{\"@id\":\"https:\/\/gotoclient.com\/en\/biz-barcelona\/\"},\"wordCount\":24,\"publisher\":{\"@id\":\"https:\/\/gotoclient.com\/en\/#organization\"},\"image\":{\"@id\":\"https:\/\/gotoclient.com\/en\/biz-barcelona\/#primaryimage\"},\"thumbnailUrl\":\"https:\/\/gotoclient.com\/wp-content\/uploads\/2025\/03\/gotoclient_logo-3-700x142.png\",\"inLanguage\":\"en-US\"},{\"@type\":\"WebPage\",\"@id\":\"https:\/\/gotoclient.com\/en\/biz-barcelona\/\",\"url\":\"https:\/\/gotoclient.com\/en\/biz-barcelona\/\",\"name\":\"Biz Barcelona - Gotoclient\",\"isPartOf\":{\"@id\":\"https:\/\/gotoclient.com\/en\/#website\"},\"primaryImageOfPage\":{\"@id\":\"https:\/\/gotoclient.com\/en\/biz-barcelona\/#primaryimage\"},\"image\":{\"@id\":\"https:\/\/gotoclient.com\/en\/biz-barcelona\/#primaryimage\"},\"thumbnailUrl\":\"https:\/\/gotoclient.com\/wp-content\/uploads\/2025\/03\/gotoclient_logo-3-700x142.png\",\"datePublished\":\"2022-11-16T14:06:20+00:00\",\"dateModified\":\"2025-06-11T07:39:41+00:00\",\"description\":\"Join Gotoclient at Biz Barcelona to explore B2B growth strategies: demand generation, LinkedIn & Google Ads, and hands-on workshops.\",\"breadcrumb\":{\"@id\":\"https:\/\/gotoclient.com\/en\/biz-barcelona\/#breadcrumb\"},\"inLanguage\":\"en-US\",\"potentialAction\":[{\"@type\":\"ReadAction\",\"target\":[\"https:\/\/gotoclient.com\/en\/biz-barcelona\/\"]}]},{\"@type\":\"ImageObject\",\"inLanguage\":\"en-US\",\"@id\":\"https:\/\/gotoclient.com\/en\/biz-barcelona\/#primaryimage\",\"url\":\"https:\/\/gotoclient.com\/wp-content\/uploads\/2025\/03\/gotoclient_logo-3-700x142.png\",\"contentUrl\":\"https:\/\/gotoclient.com\/wp-content\/uploads\/2025\/03\/gotoclient_logo-3-700x142.png\"},{\"@type\":\"BreadcrumbList\",\"@id\":\"https:\/\/gotoclient.com\/en\/biz-barcelona\/#breadcrumb\",\"itemListElement\":[{\"@type\":\"ListItem\",\"position\":1,\"name\":\"Home\",\"item\":\"https:\/\/gotoclient.com\/en\/\"},{\"@type\":\"ListItem\",\"position\":2,\"name\":\"Biz Barcelona\"}]},{\"@type\":\"WebSite\",\"@id\":\"https:\/\/gotoclient.com\/en\/#website\",\"url\":\"https:\/\/gotoclient.com\/en\/\",\"name\":\"Gotoclient\",\"description\":\"Marketing Agency\",\"publisher\":{\"@id\":\"https:\/\/gotoclient.com\/en\/#organization\"},\"alternateName\":\"GTC\",\"potentialAction\":[{\"@type\":\"SearchAction\",\"target\":{\"@type\":\"EntryPoint\",\"urlTemplate\":\"https:\/\/gotoclient.com\/en\/?s={search_term_string}\"},\"query-input\":{\"@type\":\"PropertyValueSpecification\",\"valueRequired\":true,\"valueName\":\"search_term_string\"}}],\"inLanguage\":\"en-US\"},{\"@type\":\"Organization\",\"@id\":\"https:\/\/gotoclient.com\/en\/#organization\",\"name\":\"Gotoclient\",\"alternateName\":\"GTC\",\"url\":\"https:\/\/gotoclient.com\/en\/\",\"logo\":{\"@type\":\"ImageObject\",\"inLanguage\":\"en-US\",\"@id\":\"https:\/\/gotoclient.com\/en\/#\/schema\/logo\/image\/\",\"url\":\"https:\/\/gotoclient.com\/wp-content\/uploads\/2025\/07\/gotoclient_logo_icon.png\",\"contentUrl\":\"https:\/\/gotoclient.com\/wp-content\/uploads\/2025\/07\/gotoclient_logo_icon.png\",\"width\":240,\"height\":266,\"caption\":\"Gotoclient\"},\"image\":{\"@id\":\"https:\/\/gotoclient.com\/en\/#\/schema\/logo\/image\/\"},\"sameAs\":[\"https:\/\/www.instagram.com\/gotoclient\/\",\"https:\/\/www.linkedin.com\/company\/gotoclient\"]},{\"@type\":\"Person\",\"@id\":\"https:\/\/gotoclient.com\/en\/#\/schema\/person\/37760905c24f93e481974fc0165dfb92\",\"name\":\"Guillem Galera\",\"image\":{\"@type\":\"ImageObject\",\"inLanguage\":\"en-US\",\"@id\":\"https:\/\/gotoclient.com\/en\/#\/schema\/person\/image\/\",\"url\":\"https:\/\/secure.gravatar.com\/avatar\/bd5077db31c4aaf23eb05566e768319a?s=96&d=mm&r=g\",\"contentUrl\":\"https:\/\/secure.gravatar.com\/avatar\/bd5077db31c4aaf23eb05566e768319a?s=96&d=mm&r=g\",\"caption\":\"Guillem Galera\"}}]}<\/script>\n<!-- \/ Yoast SEO plugin. -->","yoast_head_json":{"title":"Biz Barcelona - Gotoclient","description":"Join Gotoclient at Biz Barcelona to explore B2B growth strategies: demand generation, LinkedIn & Google Ads, and hands-on workshops.","robots":{"index":"index","follow":"follow","max-snippet":"max-snippet:-1","max-image-preview":"max-image-preview:large","max-video-preview":"max-video-preview:-1"},"canonical":"https:\/\/gotoclient.com\/en\/biz-barcelona\/","og_locale":"en_US","og_type":"article","og_title":"Biz Barcelona - Gotoclient","og_description":"Join Gotoclient at Biz Barcelona to explore B2B growth strategies: demand generation, LinkedIn & Google Ads, and hands-on workshops.","og_url":"https:\/\/gotoclient.com\/en\/biz-barcelona\/","og_site_name":"Gotoclient","article_modified_time":"2025-06-11T07:39:41+00:00","og_image":[{"width":1864,"height":379,"url":"https:\/\/gotoclient.com\/wp-content\/uploads\/2025\/03\/gotoclient_logo-3.png?wsr","type":"image\/png"}],"twitter_card":"summary_large_image","twitter_misc":{"Est. reading time":"1 minute"},"schema":{"@context":"https:\/\/schema.org","@graph":[{"@type":"TechArticle","@id":"https:\/\/gotoclient.com\/en\/biz-barcelona\/#article","isPartOf":{"@id":"https:\/\/gotoclient.com\/en\/biz-barcelona\/"},"author":{"name":"Guillem Galera","@id":"https:\/\/gotoclient.com\/en\/#\/schema\/person\/37760905c24f93e481974fc0165dfb92"},"headline":"Biz Barcelona","datePublished":"2022-11-16T14:06:20+00:00","dateModified":"2025-06-11T07:39:41+00:00","mainEntityOfPage":{"@id":"https:\/\/gotoclient.com\/en\/biz-barcelona\/"},"wordCount":24,"publisher":{"@id":"https:\/\/gotoclient.com\/en\/#organization"},"image":{"@id":"https:\/\/gotoclient.com\/en\/biz-barcelona\/#primaryimage"},"thumbnailUrl":"https:\/\/gotoclient.com\/wp-content\/uploads\/2025\/03\/gotoclient_logo-3-700x142.png","inLanguage":"en-US"},{"@type":"WebPage","@id":"https:\/\/gotoclient.com\/en\/biz-barcelona\/","url":"https:\/\/gotoclient.com\/en\/biz-barcelona\/","name":"Biz Barcelona - Gotoclient","isPartOf":{"@id":"https:\/\/gotoclient.com\/en\/#website"},"primaryImageOfPage":{"@id":"https:\/\/gotoclient.com\/en\/biz-barcelona\/#primaryimage"},"image":{"@id":"https:\/\/gotoclient.com\/en\/biz-barcelona\/#primaryimage"},"thumbnailUrl":"https:\/\/gotoclient.com\/wp-content\/uploads\/2025\/03\/gotoclient_logo-3-700x142.png","datePublished":"2022-11-16T14:06:20+00:00","dateModified":"2025-06-11T07:39:41+00:00","description":"Join Gotoclient at Biz Barcelona to explore B2B growth strategies: demand generation, LinkedIn & Google Ads, and hands-on workshops.","breadcrumb":{"@id":"https:\/\/gotoclient.com\/en\/biz-barcelona\/#breadcrumb"},"inLanguage":"en-US","potentialAction":[{"@type":"ReadAction","target":["https:\/\/gotoclient.com\/en\/biz-barcelona\/"]}]},{"@type":"ImageObject","inLanguage":"en-US","@id":"https:\/\/gotoclient.com\/en\/biz-barcelona\/#primaryimage","url":"https:\/\/gotoclient.com\/wp-content\/uploads\/2025\/03\/gotoclient_logo-3-700x142.png","contentUrl":"https:\/\/gotoclient.com\/wp-content\/uploads\/2025\/03\/gotoclient_logo-3-700x142.png"},{"@type":"BreadcrumbList","@id":"https:\/\/gotoclient.com\/en\/biz-barcelona\/#breadcrumb","itemListElement":[{"@type":"ListItem","position":1,"name":"Home","item":"https:\/\/gotoclient.com\/en\/"},{"@type":"ListItem","position":2,"name":"Biz Barcelona"}]},{"@type":"WebSite","@id":"https:\/\/gotoclient.com\/en\/#website","url":"https:\/\/gotoclient.com\/en\/","name":"Gotoclient","description":"Marketing Agency","publisher":{"@id":"https:\/\/gotoclient.com\/en\/#organization"},"alternateName":"GTC","potentialAction":[{"@type":"SearchAction","target":{"@type":"EntryPoint","urlTemplate":"https:\/\/gotoclient.com\/en\/?s={search_term_string}"},"query-input":{"@type":"PropertyValueSpecification","valueRequired":true,"valueName":"search_term_string"}}],"inLanguage":"en-US"},{"@type":"Organization","@id":"https:\/\/gotoclient.com\/en\/#organization","name":"Gotoclient","alternateName":"GTC","url":"https:\/\/gotoclient.com\/en\/","logo":{"@type":"ImageObject","inLanguage":"en-US","@id":"https:\/\/gotoclient.com\/en\/#\/schema\/logo\/image\/","url":"https:\/\/gotoclient.com\/wp-content\/uploads\/2025\/07\/gotoclient_logo_icon.png","contentUrl":"https:\/\/gotoclient.com\/wp-content\/uploads\/2025\/07\/gotoclient_logo_icon.png","width":240,"height":266,"caption":"Gotoclient"},"image":{"@id":"https:\/\/gotoclient.com\/en\/#\/schema\/logo\/image\/"},"sameAs":["https:\/\/www.instagram.com\/gotoclient\/","https:\/\/www.linkedin.com\/company\/gotoclient"]},{"@type":"Person","@id":"https:\/\/gotoclient.com\/en\/#\/schema\/person\/37760905c24f93e481974fc0165dfb92","name":"Guillem Galera","image":{"@type":"ImageObject","inLanguage":"en-US","@id":"https:\/\/gotoclient.com\/en\/#\/schema\/person\/image\/","url":"https:\/\/secure.gravatar.com\/avatar\/bd5077db31c4aaf23eb05566e768319a?s=96&d=mm&r=g","contentUrl":"https:\/\/secure.gravatar.com\/avatar\/bd5077db31c4aaf23eb05566e768319a?s=96&d=mm&r=g","caption":"Guillem Galera"}}]}},"_links":{"self":[{"href":"https:\/\/gotoclient.com\/en\/wp-json\/wp\/v2\/pages\/14663","targetHints":{"allow":["GET"]}}],"collection":[{"href":"https:\/\/gotoclient.com\/en\/wp-json\/wp\/v2\/pages"}],"about":[{"href":"https:\/\/gotoclient.com\/en\/wp-json\/wp\/v2\/types\/page"}],"author":[{"embeddable":true,"href":"https:\/\/gotoclient.com\/en\/wp-json\/wp\/v2\/users\/14"}],"replies":[{"embeddable":true,"href":"https:\/\/gotoclient.com\/en\/wp-json\/wp\/v2\/comments?post=14663"}],"version-history":[{"count":17,"href":"https:\/\/gotoclient.com\/en\/wp-json\/wp\/v2\/pages\/14663\/revisions"}],"predecessor-version":[{"id":19335,"href":"https:\/\/gotoclient.com\/en\/wp-json\/wp\/v2\/pages\/14663\/revisions\/19335"}],"wp:attachment":[{"href":"https:\/\/gotoclient.com\/en\/wp-json\/wp\/v2\/media?parent=14663"}],"curies":[{"name":"wp","href":"https:\/\/api.w.org\/{rel}","templated":true}]}}