{"id":20274,"date":"2025-12-11T12:04:30","date_gmt":"2025-12-11T11:04:30","guid":{"rendered":"https:\/\/gotoclient.com\/?page_id=20274"},"modified":"2025-12-11T12:13:59","modified_gmt":"2025-12-11T11:13:59","slug":"la-guida-a-linkedin-sales-navigator-2025","status":"publish","type":"page","link":"https:\/\/gotoclient.com\/it\/la-guida-a-linkedin-sales-navigator-2025\/","title":{"rendered":"La guida a LinkedIn Sales Navigator"},"content":{"rendered":"\n<h1 class=\"wp-block-heading has-text-align-center has-black-color has-text-color has-x-large-font-size\" id=\"h-la-guia-de-linkedin-sales-navigator-2025\"><strong>La guida a LinkedIn Sales Navigator 2025<\/strong><\/h1>\n\n\n\n<div style=\"height:72px\" aria-hidden=\"true\" class=\"wp-block-spacer\"><\/div>\n\n\n\n<h5 class=\"wp-block-heading has-text-align-left has-gray-color has-text-color has-medium-font-size\" id=\"h-la-manera-com-els-equips-de-vendes-b2b-troben-interactuen-i-tanquen-acords-ha-canviat-linkedin-sales-navigator-ja-no-es-nomes-una-eina-sino-un-canvi-de-joc-per-a-les-estrategies-de-vendes-modernes\">Il modo in cui i team di vendita B2B trovano, interagiscono e concludono accordi \u00e8 cambiato. LinkedIn Sales Navigator non \u00e8 pi\u00f9 solo uno strumento, ma un vero game-changer per le strategie di vendita moderne.<\/h5>\n\n\n\n<div style=\"height:47px\" aria-hidden=\"true\" class=\"wp-block-spacer\"><\/div>\n\n\n<a href=\"https:\/\/landingpages.gotoclient.com\/en-gb\/en-gb\/luse-ai-to-supercharge-your-b2b-lead-generation-campaigns\" class=\"block-button\" target=\"_blank\">\n    Scarica la Guida qui:<\/a>\n<style type=\"text\/css\">\n    #button-block_c8fdba93055b66396bcfd592ef4f07d9 {\n        background: ;\n        color: ;\n    }\n<\/style>\n\n\n\n<div style=\"height:34px\" aria-hidden=\"true\" class=\"wp-block-spacer\"><\/div>\n\n\n\n<p class=\"has-medium-font-size\">Vuoi sbloccare pi\u00f9 potenziali clienti qualificati tramite LinkedIn?<\/p>\n\n\n\n<p class=\"has-medium-font-size\">Fai fatica a connetterti con i decisori?<\/p>\n\n\n\n<p class=\"has-medium-font-size\">Cerchi tecniche avanzate di Sales Navigator per aumentare le tue conversioni?<\/p>\n\n\n\n<p class=\"has-medium-font-size\">Se \u00e8 cos\u00ec, questa guida fa per te! Gotoclient ha raccolto oltre 15 anni di esperienza in un manuale completo progettato per i professionisti delle vendite B2B che utilizzano LinkedIn Sales Navigator.<\/p>\n\n\n\n<div style=\"height:48px\" aria-hidden=\"true\" class=\"wp-block-spacer\"><\/div>\n\n\n\n<hr class=\"wp-block-separator has-css-opacity\"\/>\n\n\n\n<div style=\"height:50px\" aria-hidden=\"true\" class=\"wp-block-spacer\"><\/div>\n\n\n\n<div class=\"wp-block-columns is-layout-flex wp-container-core-columns-is-layout-1 wp-block-columns-is-layout-flex\">\n<div class=\"wp-block-column is-layout-flow wp-block-column-is-layout-flow\">\n<h2 class=\"wp-block-heading has-black-color has-text-color has-large-font-size\" id=\"h-que-inclou-la-guia\"><strong>Cosa include la Guida?<\/strong><\/h2>\n\n\n\n<div style=\"height:22px\" aria-hidden=\"true\" class=\"wp-block-spacer\"><\/div>\n\n\n\n<p class=\"has-medium-font-size\">\u2714\ufe0f Tendenze di LinkedIn Sales per il 2025 \u2013 Esplora le ultime conoscenze e i dati che stanno plasmando il social selling.<\/p>\n\n\n\n<p class=\"has-medium-font-size\">\u2714\ufe0f Ottimizzazione di Sales Navigator per la Generazione di Lead \u2013 Impara a sfruttare filtri, avvisi e strategie di ricerca per ottenere il massimo impatto.<\/p>\n\n\n\n<p class=\"has-medium-font-size\">\u2714\ufe0f Prospecting Intelligente e Interazione \u2013 Scopri come personalizzare l\u2019outreach e costruire relazioni solide con gli account chiave.<\/p>\n\n\n\n<p class=\"has-medium-font-size\">\u2714\ufe0f Uso dell\u2019IA e Automazione \u2013 Migliora il tuo workflow su LinkedIn con strumenti di automazione che aumentano l\u2019efficienza.<\/p>\n\n\n\n<p class=\"has-medium-font-size\">\u2714\ufe0f Strategie di Social Selling \u2013 Sviluppa un framework basato sui contenuti per generare fiducia e attirare potenziali clienti.<\/p>\n\n\n\n<p class=\"has-medium-font-size\">\u2714\ufe0f Misurazione del Successo e Miglioramento delle Prestazioni \u2013 Monitora le metriche chiave di LinkedIn Sales Navigator e ottimizza il tuo approccio.<\/p>\n\n\n\n<p class=\"has-medium-font-size\">E molto altro ancora!<\/p>\n<\/div>\n\n\n\n<div class=\"wp-block-column is-layout-flow wp-block-column-is-layout-flow\">\n<figure class=\"wp-block-image size-large is-resized\"><img loading=\"lazy\" decoding=\"async\" width=\"700\" height=\"387\" src=\"https:\/\/gotoclient.com\/wp-content\/uploads\/2025\/01\/Mountaintop-of-success-2-700x387.jpeg\" alt=\"Mountaintop of success\" class=\"wp-image-16701\" style=\"width:1110px;height:613px\" srcset=\"https:\/\/gotoclient.com\/wp-content\/uploads\/2025\/01\/Mountaintop-of-success-2-700x387.jpeg 700w, https:\/\/gotoclient.com\/wp-content\/uploads\/2025\/01\/Mountaintop-of-success-2-250x138.jpeg 250w, https:\/\/gotoclient.com\/wp-content\/uploads\/2025\/01\/Mountaintop-of-success-2-320x177.jpeg 320w, https:\/\/gotoclient.com\/wp-content\/uploads\/2025\/01\/Mountaintop-of-success-2-730x404.jpeg 730w, https:\/\/gotoclient.com\/wp-content\/uploads\/2025\/01\/Mountaintop-of-success-2-120x66.jpeg 120w, https:\/\/gotoclient.com\/wp-content\/uploads\/2025\/01\/Mountaintop-of-success-2-372x206.jpeg 372w, https:\/\/gotoclient.com\/wp-content\/uploads\/2025\/01\/Mountaintop-of-success-2.jpeg 763w\" sizes=\"auto, (max-width: 700px) 100vw, 700px\" \/><\/figure>\n<\/div>\n<\/div>\n\n\n\n<div style=\"height:100px\" aria-hidden=\"true\" class=\"wp-block-spacer\"><\/div>\n\n\n\n<hr class=\"wp-block-separator has-alpha-channel-opacity\"\/>\n\n\n\n<div style=\"height:22px\" aria-hidden=\"true\" class=\"wp-block-spacer\"><\/div>\n\n\n\n<h2 class=\"wp-block-heading has-large-font-size\"><strong>Perch\u00e9 questa guida \u00e8 indispensabile?<\/strong><\/h2>\n\n\n\n<ul class=\"wp-block-list\">\n<li class=\"has-medium-font-size\">L\u201989% dei venditori ad alte prestazioni afferma che LinkedIn Sales Navigator \u00e8 fondamentale per chiudere accordi.<\/li>\n\n\n\n<li class=\"has-medium-font-size\">I rappresentanti di vendita che utilizzano il social selling registrano un aumento del 45% nelle opportunit\u00e0.<\/li>\n\n\n\n<li class=\"has-medium-font-size\">Gli acquirenti B2B hanno 5 volte pi\u00f9 probabilit\u00e0 di interagire con venditori che forniscono informazioni rilevanti per il loro business.<\/li>\n<\/ul>\n\n\n\n<p class=\"has-gray-color has-text-color has-medium-font-size\">Il successo nelle vendite oggi richiede un prospecting pi\u00f9 intelligente, un\u2019interazione strategica e decisioni basate sui dati. Questa guida ti offre tutto ci\u00f2 di cui hai bisogno per massimizzare il potenziale di LinkedIn Sales Navigator.<\/p>\n\n\n\n<div style=\"height:100px\" aria-hidden=\"true\" class=\"wp-block-spacer\"><\/div>\n\n\n\n<hr class=\"wp-block-separator has-alpha-channel-opacity\"\/>\n\n\n\n<div style=\"height:24px\" aria-hidden=\"true\" class=\"wp-block-spacer\"><\/div>\n\n\n\n<h2 class=\"wp-block-heading has-large-font-size\" id=\"h-qui-hauria-de-descarregar-aquesta-guia\">Chi dovrebbe scaricare questa guida?<\/h2>\n\n\n\n<p class=\"has-medium-font-size\"><strong>Team di Vendita e Professionisti dello Sviluppo Commerciale<\/strong> \u2013 Migliora la generazione di lead e la gestione del pipeline.<\/p>\n\n\n\n<p class=\"has-medium-font-size\"><strong>Team di Marketing e Demand Generation<\/strong> \u2013 Allinea le strategie di LinkedIn con le vendite per garantire un\u2019interazione fluida.<\/p>\n\n\n\n<p class=\"has-medium-font-size\"><strong>Leader Commerciali ed Imprenditori<\/strong> \u2013 Amplia la tua portata e genera conversazioni ad alto impatto con i decisori chiave.<\/p>\n\n\n\n<div style=\"height:100px\" aria-hidden=\"true\" class=\"wp-block-spacer\"><\/div>\n\n\n\n<hr class=\"wp-block-separator has-alpha-channel-opacity\"\/>\n\n\n\n<div style=\"height:56px\" aria-hidden=\"true\" class=\"wp-block-spacer\"><\/div>\n\n\n\n<h2 class=\"wp-block-heading has-large-font-size\" id=\"h-descarrega-la-teva-copia-gratuita-ara\"><strong>Scarica ora la tua copia gratuita!<\/strong><\/h2>\n\n\n\n<p class=\"has-medium-font-size\"><strong>Scarica oggi la Guida a LinkedIn Sales Navigator 2025 e inizia a trasformare la tua strategia di vendita su LinkedIn.<\/strong><\/p>\n\n\n\n<p class=\"has-medium-font-size\"><a href=\"https:\/\/landingpages.gotoclient.com\/en-gb\/en-gb\/luse-ai-to-supercharge-your-b2b-lead-generation-campaigns\">\ud83d\udd3d <strong>Ottieni la tua Guida qui:<\/strong><\/a><\/p>\n\n\n\n<div style=\"height:50px\" aria-hidden=\"true\" class=\"wp-block-spacer\"><\/div>\n\n\n\n<hr class=\"wp-block-separator has-alpha-channel-opacity\"\/>\n\n\n\n<div style=\"height:75px\" aria-hidden=\"true\" class=\"wp-block-spacer\"><\/div>\n\n\n\n<h2 class=\"wp-block-heading has-large-font-size\" id=\"h-preguntes-frequents\">Domande Frequenti<\/h2>\n\n\n\n<p class=\"has-medium-font-size\"><strong>Come posso accedere alla guida?<\/strong><br>Compila il modulo e ricevi immediatamente la tua copia PDF gratuita.<\/p>\n\n\n\n<p class=\"has-medium-font-size\"><strong>\u00c8 davvero gratuita?<\/strong><br>S\u00ec! Non ci sono costi nascosti, solo informazioni di valore per aiutarti ad avere successo.<\/p>\n\n\n\n<p class=\"has-medium-font-size\"><strong>Chi ha creato questa guida?<\/strong><br>Questa guida \u00e8 fornita da Gotoclient, un\u2019agenzia di vendita e marketing B2B con oltre 15 anni di esperienza nell\u2019aiutare le aziende a scalare le loro operazioni commerciali.<\/p>\n\n\n\n<div class=\"wp-block-columns is-layout-flex wp-container-core-columns-is-layout-2 wp-block-columns-is-layout-flex\">\n<div class=\"wp-block-column is-layout-flow wp-block-column-is-layout-flow\">\n<div style=\"height:65px\" aria-hidden=\"true\" class=\"wp-block-spacer\"><\/div>\n\n\n\n<hr class=\"wp-block-separator has-alpha-channel-opacity\"\/>\n\n\n\n<div style=\"height:62px\" aria-hidden=\"true\" class=\"wp-block-spacer\"><\/div>\n\n\n\n<h2 class=\"wp-block-heading has-large-font-size\" id=\"h-mes-guies\">Altre Guide<\/h2>\n\n\n\n<div style=\"height:66px\" aria-hidden=\"true\" class=\"wp-block-spacer\"><\/div>\n\n\n\n<p class=\"has-medium-font-size\"><strong>Guida a LinkedIn Ads:<\/strong> <a href=\"https:\/\/gotoclient.com\/pillar-pages\/the-linkedin-ads-definitive-guide\/\">https:\/\/gotoclient.com\/en\/definitive-guides\/the-linkedin-ads-definitive-guide\/<\/a><br><strong><br>Guida a B2B Lead Generation:<\/strong> <a href=\"https:\/\/gotoclient.com\/en\/guides\/the-b2b-lead-generation-definitive-guide\/\">https:\/\/gotoclient.com\/en\/guides\/the-b2b-lead-generation-definitive-guide\/<\/a><\/p>\n\n\n\n<div style=\"height:79px\" aria-hidden=\"true\" class=\"wp-block-spacer\"><\/div>\n\n\n\n<figure class=\"wp-block-image size-large is-resized\"><img loading=\"lazy\" decoding=\"async\" width=\"700\" height=\"467\" src=\"https:\/\/gotoclient.com\/wp-content\/uploads\/2025\/01\/Fog-to-success-2-700x467.jpg\" alt=\"\" class=\"wp-image-16696\" style=\"width:1272px;height:849px\" srcset=\"https:\/\/gotoclient.com\/wp-content\/uploads\/2025\/01\/Fog-to-success-2-700x467.jpg 700w, https:\/\/gotoclient.com\/wp-content\/uploads\/2025\/01\/Fog-to-success-2-250x167.jpg 250w, https:\/\/gotoclient.com\/wp-content\/uploads\/2025\/01\/Fog-to-success-2-768x512.jpg 768w, https:\/\/gotoclient.com\/wp-content\/uploads\/2025\/01\/Fog-to-success-2-1536x1024.jpg 1536w, https:\/\/gotoclient.com\/wp-content\/uploads\/2025\/01\/Fog-to-success-2-2048x1365.jpg 2048w, https:\/\/gotoclient.com\/wp-content\/uploads\/2025\/01\/Fog-to-success-2-320x213.jpg 320w, https:\/\/gotoclient.com\/wp-content\/uploads\/2025\/01\/Fog-to-success-2-1680x1120.jpg 1680w, https:\/\/gotoclient.com\/wp-content\/uploads\/2025\/01\/Fog-to-success-2-1020x680.jpg 1020w, https:\/\/gotoclient.com\/wp-content\/uploads\/2025\/01\/Fog-to-success-2-730x487.jpg 730w, https:\/\/gotoclient.com\/wp-content\/uploads\/2025\/01\/Fog-to-success-2-1280x853.jpg 1280w, https:\/\/gotoclient.com\/wp-content\/uploads\/2025\/01\/Fog-to-success-2-120x80.jpg 120w, https:\/\/gotoclient.com\/wp-content\/uploads\/2025\/01\/Fog-to-success-2-372x248.jpg 372w\" sizes=\"auto, (max-width: 700px) 100vw, 700px\" \/><\/figure>\n<\/div>\n<\/div>\n\n\n\n<div style=\"height:50px\" aria-hidden=\"true\" class=\"wp-block-spacer\"><\/div>\n\n\n\n<p><\/p>\n","protected":false},"excerpt":{"rendered":"<p>La guida a LinkedIn Sales Navigator 2025 Il modo in cui i team di vendita B2B trovano, interagiscono e concludono accordi \u00e8 cambiato. LinkedIn Sales Navigator non \u00e8 pi\u00f9 solo uno strumento, ma un vero game-changer per le strategie di vendita moderne. Vuoi sbloccare pi\u00f9 potenziali clienti qualificati tramite LinkedIn? Fai fatica a connetterti con [&hellip;]<\/p>\n","protected":false},"author":16,"featured_media":16704,"parent":0,"menu_order":0,"comment_status":"closed","ping_status":"closed","template":"","meta":{"_acf_changed":false,"footnotes":""},"class_list":["post-20274","page","type-page","status-publish","has-post-thumbnail","hentry"],"acf":[],"yoast_head":"<!-- This site is optimized with the Yoast SEO plugin v24.8.1 - https:\/\/yoast.com\/wordpress\/plugins\/seo\/ -->\n<title>La guida a LinkedIn Sales Navigator - Gotoclient<\/title>\n<meta name=\"description\" content=\"Impara strategie chiave, tecniche e strumenti per potenziare le vendite con LinkedIn Sales Navigator B2B e costruire relazioni solide.\" \/>\n<meta name=\"robots\" content=\"index, follow, max-snippet:-1, max-image-preview:large, max-video-preview:-1\" \/>\n<link rel=\"canonical\" href=\"https:\/\/gotoclient.com\/it\/guide\/la-guida-a-linkedin-sales-navigator-2025\/\" \/>\n<meta property=\"og:locale\" content=\"it_IT\" \/>\n<meta property=\"og:type\" content=\"article\" \/>\n<meta property=\"og:title\" content=\"La guida a LinkedIn Sales Navigator - Gotoclient\" \/>\n<meta property=\"og:description\" content=\"Impara strategie chiave, tecniche e strumenti per potenziare le vendite con LinkedIn Sales Navigator B2B e costruire relazioni solide.\" \/>\n<meta property=\"og:url\" content=\"https:\/\/gotoclient.com\/it\/guide\/la-guida-a-linkedin-sales-navigator-2025\/\" \/>\n<meta property=\"og:site_name\" content=\"Gotoclient\" \/>\n<meta property=\"article:modified_time\" content=\"2025-12-11T11:13:59+00:00\" \/>\n<meta property=\"og:image\" content=\"https:\/\/gotoclient.com\/wp-content\/uploads\/2025\/01\/Mountaintop-of-success-2.jpeg?wsr\" \/>\n\t<meta property=\"og:image:width\" content=\"763\" \/>\n\t<meta property=\"og:image:height\" content=\"422\" \/>\n\t<meta property=\"og:image:type\" content=\"image\/jpeg\" \/>\n<meta name=\"twitter:card\" content=\"summary_large_image\" \/>\n<meta name=\"twitter:label1\" content=\"Est. reading time\" \/>\n\t<meta name=\"twitter:data1\" content=\"3 minutes\" \/>\n<script type=\"application\/ld+json\" class=\"yoast-schema-graph\">{\"@context\":\"https:\/\/schema.org\",\"@graph\":[{\"@type\":\"TechArticle\",\"@id\":\"https:\/\/gotoclient.com\/it\/guide\/la-guida-a-linkedin-sales-navigator-2025\/#article\",\"isPartOf\":{\"@id\":\"https:\/\/gotoclient.com\/it\/guide\/la-guida-a-linkedin-sales-navigator-2025\/\"},\"author\":{\"name\":\"Arnau Mir\u00f3\",\"@id\":\"https:\/\/gotoclient.com\/en\/#\/schema\/person\/cb6167a5a199fa877231a24848e3ba86\"},\"headline\":\"La guida a LinkedIn Sales Navigator\",\"datePublished\":\"2025-12-11T11:04:30+00:00\",\"dateModified\":\"2025-12-11T11:13:59+00:00\",\"mainEntityOfPage\":{\"@id\":\"https:\/\/gotoclient.com\/it\/guide\/la-guida-a-linkedin-sales-navigator-2025\/\"},\"wordCount\":499,\"publisher\":{\"@id\":\"https:\/\/gotoclient.com\/en\/#organization\"},\"image\":{\"@id\":\"https:\/\/gotoclient.com\/it\/guide\/la-guida-a-linkedin-sales-navigator-2025\/#primaryimage\"},\"thumbnailUrl\":\"https:\/\/gotoclient.com\/wp-content\/uploads\/2025\/01\/Mountaintop-of-success-2.jpeg?wsr\",\"inLanguage\":\"it-IT\"},{\"@type\":\"WebPage\",\"@id\":\"https:\/\/gotoclient.com\/it\/guide\/la-guida-a-linkedin-sales-navigator-2025\/\",\"url\":\"https:\/\/gotoclient.com\/it\/guide\/la-guida-a-linkedin-sales-navigator-2025\/\",\"name\":\"La guida a LinkedIn Sales Navigator - Gotoclient\",\"isPartOf\":{\"@id\":\"https:\/\/gotoclient.com\/en\/#website\"},\"primaryImageOfPage\":{\"@id\":\"https:\/\/gotoclient.com\/it\/guide\/la-guida-a-linkedin-sales-navigator-2025\/#primaryimage\"},\"image\":{\"@id\":\"https:\/\/gotoclient.com\/it\/guide\/la-guida-a-linkedin-sales-navigator-2025\/#primaryimage\"},\"thumbnailUrl\":\"https:\/\/gotoclient.com\/wp-content\/uploads\/2025\/01\/Mountaintop-of-success-2.jpeg?wsr\",\"datePublished\":\"2025-12-11T11:04:30+00:00\",\"dateModified\":\"2025-12-11T11:13:59+00:00\",\"description\":\"Impara strategie chiave, tecniche e strumenti per potenziare le vendite con LinkedIn Sales Navigator B2B e costruire relazioni solide.\",\"breadcrumb\":{\"@id\":\"https:\/\/gotoclient.com\/it\/guide\/la-guida-a-linkedin-sales-navigator-2025\/#breadcrumb\"},\"inLanguage\":\"it-IT\",\"potentialAction\":[{\"@type\":\"ReadAction\",\"target\":[\"https:\/\/gotoclient.com\/it\/guide\/la-guida-a-linkedin-sales-navigator-2025\/\"]}]},{\"@type\":\"ImageObject\",\"inLanguage\":\"it-IT\",\"@id\":\"https:\/\/gotoclient.com\/it\/guide\/la-guida-a-linkedin-sales-navigator-2025\/#primaryimage\",\"url\":\"https:\/\/gotoclient.com\/wp-content\/uploads\/2025\/01\/Mountaintop-of-success-2.jpeg?wsr\",\"contentUrl\":\"https:\/\/gotoclient.com\/wp-content\/uploads\/2025\/01\/Mountaintop-of-success-2.jpeg?wsr\",\"width\":763,\"height\":422,\"caption\":\"The summit of success\"},{\"@type\":\"BreadcrumbList\",\"@id\":\"https:\/\/gotoclient.com\/it\/guide\/la-guida-a-linkedin-sales-navigator-2025\/#breadcrumb\",\"itemListElement\":[{\"@type\":\"ListItem\",\"position\":1,\"name\":\"Home\",\"item\":\"https:\/\/gotoclient.com\/it\/\"},{\"@type\":\"ListItem\",\"position\":2,\"name\":\"La guida a LinkedIn Sales Navigator\"}]},{\"@type\":\"WebSite\",\"@id\":\"https:\/\/gotoclient.com\/en\/#website\",\"url\":\"https:\/\/gotoclient.com\/en\/\",\"name\":\"Gotoclient\",\"description\":\"Marketing Agency\",\"publisher\":{\"@id\":\"https:\/\/gotoclient.com\/en\/#organization\"},\"alternateName\":\"GTC\",\"potentialAction\":[{\"@type\":\"SearchAction\",\"target\":{\"@type\":\"EntryPoint\",\"urlTemplate\":\"https:\/\/gotoclient.com\/en\/?s={search_term_string}\"},\"query-input\":{\"@type\":\"PropertyValueSpecification\",\"valueRequired\":true,\"valueName\":\"search_term_string\"}}],\"inLanguage\":\"it-IT\"},{\"@type\":\"Organization\",\"@id\":\"https:\/\/gotoclient.com\/en\/#organization\",\"name\":\"Gotoclient\",\"alternateName\":\"GTC\",\"url\":\"https:\/\/gotoclient.com\/en\/\",\"logo\":{\"@type\":\"ImageObject\",\"inLanguage\":\"it-IT\",\"@id\":\"https:\/\/gotoclient.com\/en\/#\/schema\/logo\/image\/\",\"url\":\"https:\/\/gotoclient.com\/wp-content\/uploads\/2025\/07\/gotoclient_logo_icon.png\",\"contentUrl\":\"https:\/\/gotoclient.com\/wp-content\/uploads\/2025\/07\/gotoclient_logo_icon.png\",\"width\":240,\"height\":266,\"caption\":\"Gotoclient\"},\"image\":{\"@id\":\"https:\/\/gotoclient.com\/en\/#\/schema\/logo\/image\/\"},\"sameAs\":[\"https:\/\/www.instagram.com\/gotoclient\/\",\"https:\/\/www.linkedin.com\/company\/gotoclient\"]},{\"@type\":\"Person\",\"@id\":\"https:\/\/gotoclient.com\/en\/#\/schema\/person\/cb6167a5a199fa877231a24848e3ba86\",\"name\":\"Arnau Mir\u00f3\",\"image\":{\"@type\":\"ImageObject\",\"inLanguage\":\"it-IT\",\"@id\":\"https:\/\/gotoclient.com\/en\/#\/schema\/person\/image\/\",\"url\":\"https:\/\/secure.gravatar.com\/avatar\/ddec8eb55a068c27f5e8d9d83fb1abe1?s=96&d=mm&r=g\",\"contentUrl\":\"https:\/\/secure.gravatar.com\/avatar\/ddec8eb55a068c27f5e8d9d83fb1abe1?s=96&d=mm&r=g\",\"caption\":\"Arnau Mir\u00f3\"}}]}<\/script>\n<!-- \/ Yoast SEO plugin. -->","yoast_head_json":{"title":"La guida a LinkedIn Sales Navigator - Gotoclient","description":"Impara strategie chiave, tecniche e strumenti per potenziare le vendite con LinkedIn Sales Navigator B2B e costruire relazioni solide.","robots":{"index":"index","follow":"follow","max-snippet":"max-snippet:-1","max-image-preview":"max-image-preview:large","max-video-preview":"max-video-preview:-1"},"canonical":"https:\/\/gotoclient.com\/it\/guide\/la-guida-a-linkedin-sales-navigator-2025\/","og_locale":"it_IT","og_type":"article","og_title":"La guida a LinkedIn Sales Navigator - Gotoclient","og_description":"Impara strategie chiave, tecniche e strumenti per potenziare le vendite con LinkedIn Sales Navigator B2B e costruire relazioni solide.","og_url":"https:\/\/gotoclient.com\/it\/guide\/la-guida-a-linkedin-sales-navigator-2025\/","og_site_name":"Gotoclient","article_modified_time":"2025-12-11T11:13:59+00:00","og_image":[{"width":763,"height":422,"url":"https:\/\/gotoclient.com\/wp-content\/uploads\/2025\/01\/Mountaintop-of-success-2.jpeg?wsr","type":"image\/jpeg"}],"twitter_card":"summary_large_image","twitter_misc":{"Est. reading time":"3 minutes"},"schema":{"@context":"https:\/\/schema.org","@graph":[{"@type":"TechArticle","@id":"https:\/\/gotoclient.com\/it\/guide\/la-guida-a-linkedin-sales-navigator-2025\/#article","isPartOf":{"@id":"https:\/\/gotoclient.com\/it\/guide\/la-guida-a-linkedin-sales-navigator-2025\/"},"author":{"name":"Arnau Mir\u00f3","@id":"https:\/\/gotoclient.com\/en\/#\/schema\/person\/cb6167a5a199fa877231a24848e3ba86"},"headline":"La guida a LinkedIn Sales Navigator","datePublished":"2025-12-11T11:04:30+00:00","dateModified":"2025-12-11T11:13:59+00:00","mainEntityOfPage":{"@id":"https:\/\/gotoclient.com\/it\/guide\/la-guida-a-linkedin-sales-navigator-2025\/"},"wordCount":499,"publisher":{"@id":"https:\/\/gotoclient.com\/en\/#organization"},"image":{"@id":"https:\/\/gotoclient.com\/it\/guide\/la-guida-a-linkedin-sales-navigator-2025\/#primaryimage"},"thumbnailUrl":"https:\/\/gotoclient.com\/wp-content\/uploads\/2025\/01\/Mountaintop-of-success-2.jpeg?wsr","inLanguage":"it-IT"},{"@type":"WebPage","@id":"https:\/\/gotoclient.com\/it\/guide\/la-guida-a-linkedin-sales-navigator-2025\/","url":"https:\/\/gotoclient.com\/it\/guide\/la-guida-a-linkedin-sales-navigator-2025\/","name":"La guida a LinkedIn Sales Navigator - Gotoclient","isPartOf":{"@id":"https:\/\/gotoclient.com\/en\/#website"},"primaryImageOfPage":{"@id":"https:\/\/gotoclient.com\/it\/guide\/la-guida-a-linkedin-sales-navigator-2025\/#primaryimage"},"image":{"@id":"https:\/\/gotoclient.com\/it\/guide\/la-guida-a-linkedin-sales-navigator-2025\/#primaryimage"},"thumbnailUrl":"https:\/\/gotoclient.com\/wp-content\/uploads\/2025\/01\/Mountaintop-of-success-2.jpeg?wsr","datePublished":"2025-12-11T11:04:30+00:00","dateModified":"2025-12-11T11:13:59+00:00","description":"Impara strategie chiave, tecniche e strumenti per potenziare le vendite con LinkedIn Sales Navigator B2B e costruire relazioni solide.","breadcrumb":{"@id":"https:\/\/gotoclient.com\/it\/guide\/la-guida-a-linkedin-sales-navigator-2025\/#breadcrumb"},"inLanguage":"it-IT","potentialAction":[{"@type":"ReadAction","target":["https:\/\/gotoclient.com\/it\/guide\/la-guida-a-linkedin-sales-navigator-2025\/"]}]},{"@type":"ImageObject","inLanguage":"it-IT","@id":"https:\/\/gotoclient.com\/it\/guide\/la-guida-a-linkedin-sales-navigator-2025\/#primaryimage","url":"https:\/\/gotoclient.com\/wp-content\/uploads\/2025\/01\/Mountaintop-of-success-2.jpeg?wsr","contentUrl":"https:\/\/gotoclient.com\/wp-content\/uploads\/2025\/01\/Mountaintop-of-success-2.jpeg?wsr","width":763,"height":422,"caption":"The summit of success"},{"@type":"BreadcrumbList","@id":"https:\/\/gotoclient.com\/it\/guide\/la-guida-a-linkedin-sales-navigator-2025\/#breadcrumb","itemListElement":[{"@type":"ListItem","position":1,"name":"Home","item":"https:\/\/gotoclient.com\/it\/"},{"@type":"ListItem","position":2,"name":"La guida a LinkedIn Sales Navigator"}]},{"@type":"WebSite","@id":"https:\/\/gotoclient.com\/en\/#website","url":"https:\/\/gotoclient.com\/en\/","name":"Gotoclient","description":"Marketing Agency","publisher":{"@id":"https:\/\/gotoclient.com\/en\/#organization"},"alternateName":"GTC","potentialAction":[{"@type":"SearchAction","target":{"@type":"EntryPoint","urlTemplate":"https:\/\/gotoclient.com\/en\/?s={search_term_string}"},"query-input":{"@type":"PropertyValueSpecification","valueRequired":true,"valueName":"search_term_string"}}],"inLanguage":"it-IT"},{"@type":"Organization","@id":"https:\/\/gotoclient.com\/en\/#organization","name":"Gotoclient","alternateName":"GTC","url":"https:\/\/gotoclient.com\/en\/","logo":{"@type":"ImageObject","inLanguage":"it-IT","@id":"https:\/\/gotoclient.com\/en\/#\/schema\/logo\/image\/","url":"https:\/\/gotoclient.com\/wp-content\/uploads\/2025\/07\/gotoclient_logo_icon.png","contentUrl":"https:\/\/gotoclient.com\/wp-content\/uploads\/2025\/07\/gotoclient_logo_icon.png","width":240,"height":266,"caption":"Gotoclient"},"image":{"@id":"https:\/\/gotoclient.com\/en\/#\/schema\/logo\/image\/"},"sameAs":["https:\/\/www.instagram.com\/gotoclient\/","https:\/\/www.linkedin.com\/company\/gotoclient"]},{"@type":"Person","@id":"https:\/\/gotoclient.com\/en\/#\/schema\/person\/cb6167a5a199fa877231a24848e3ba86","name":"Arnau Mir\u00f3","image":{"@type":"ImageObject","inLanguage":"it-IT","@id":"https:\/\/gotoclient.com\/en\/#\/schema\/person\/image\/","url":"https:\/\/secure.gravatar.com\/avatar\/ddec8eb55a068c27f5e8d9d83fb1abe1?s=96&d=mm&r=g","contentUrl":"https:\/\/secure.gravatar.com\/avatar\/ddec8eb55a068c27f5e8d9d83fb1abe1?s=96&d=mm&r=g","caption":"Arnau Mir\u00f3"}}]}},"_links":{"self":[{"href":"https:\/\/gotoclient.com\/it\/wp-json\/wp\/v2\/pages\/20274","targetHints":{"allow":["GET"]}}],"collection":[{"href":"https:\/\/gotoclient.com\/it\/wp-json\/wp\/v2\/pages"}],"about":[{"href":"https:\/\/gotoclient.com\/it\/wp-json\/wp\/v2\/types\/page"}],"author":[{"embeddable":true,"href":"https:\/\/gotoclient.com\/it\/wp-json\/wp\/v2\/users\/16"}],"replies":[{"embeddable":true,"href":"https:\/\/gotoclient.com\/it\/wp-json\/wp\/v2\/comments?post=20274"}],"version-history":[{"count":2,"href":"https:\/\/gotoclient.com\/it\/wp-json\/wp\/v2\/pages\/20274\/revisions"}],"predecessor-version":[{"id":20280,"href":"https:\/\/gotoclient.com\/it\/wp-json\/wp\/v2\/pages\/20274\/revisions\/20280"}],"wp:featuredmedia":[{"embeddable":true,"href":"https:\/\/gotoclient.com\/it\/wp-json\/wp\/v2\/media\/16704"}],"wp:attachment":[{"href":"https:\/\/gotoclient.com\/it\/wp-json\/wp\/v2\/media?parent=20274"}],"curies":[{"name":"wp","href":"https:\/\/api.w.org\/{rel}","templated":true}]}}