{"id":5489,"date":"2020-07-29T10:35:14","date_gmt":"2020-07-29T09:35:14","guid":{"rendered":"https:\/\/gotoclient.com\/?page_id=5489"},"modified":"2023-07-27T08:14:59","modified_gmt":"2023-07-27T07:14:59","slug":"premio-canale-consumer-e-b2b","status":"publish","type":"page","link":"https:\/\/gotoclient.com\/it\/servizi\/premio-canale-consumer-e-b2b\/","title":{"rendered":"Premio canale consumer e B2B"},"content":{"rendered":"\n<p><\/p>\n\n\n\n<h1 class=\"wp-block-heading has-text-align-center has-x-large-font-size\" id=\"h-premio-canale-consumer-e-b2b\"><strong>Premio canale consumer e B2B<\/strong><\/h1>\n\n\n\n<h5 class=\"wp-block-heading has-text-align-center has-gray-color has-text-color\" id=\"h-in-qualita-di-agenzia-di-operazioni-e-concorsi-a-premio-canale-consumer-e-b2b-aiutiamo-le-aziende-a-incrementare-le-vendite-attraverso-il-marketing-promozionale-sviluppiamo-varie-tipologie-di-operazioni-e-concorsi-a-premio\">In qualit\u00e0 di agenzia di operazioni e concorsi a premio canale consumer e B2B&nbsp;aiutiamo le aziende a incrementare le vendite&nbsp; attraverso il marketing promozionale. Sviluppiamo varie tipologie di operazioni e concorsi a premio.<\/h5>\n\n\n\n<div style=\"height:22px\" aria-hidden=\"true\" class=\"wp-block-spacer\"><\/div>\n\n\n\n<hr class=\"wp-block-separator has-css-opacity\"\/>\n\n\n\n<div class=\"wp-block-columns is-layout-flex wp-container-core-columns-is-layout-1 wp-block-columns-is-layout-flex\">\n<div class=\"wp-block-column is-layout-flow wp-block-column-is-layout-flow\">\n<h2 class=\"wp-block-heading has-gray-color has-text-color\" id=\"h-promozioni-di-vendita\"><strong>Promozioni di vendita<\/strong><\/h2>\n\n\n\n<div style=\"height:22px\" aria-hidden=\"true\" class=\"wp-block-spacer\"><\/div>\n\n\n\n<p class=\"has-gray-color has-text-color\" id=\"h-siamo-in-grado-di-offrire-una-vasta-scelta-di-operazioni-e-concorsi-a-premio-sia-per-i-clienti-business-b2b-che-per-i-consumatori-b2c-offriamo-al-tuo-team-lo-sviluppo-di-campagne-a-360-dall-ideazione-al-follow-up-definiamo-le-esigenze-della-tua-azienda-e-ci-coordiniamo-internamente-per-realizzare-tutti-gli-elementi-necessari-per-il-lancio-della-promozione-e-relativa-comunicazione-tra-gli-elementi-sono-inclusi-lo-sviluppo-e-la-creazione-di-un-microsito-promozionale-di-materiale-di-comunicazione-offline-wobblers-flyer-totem-ecc-e-online-differenti-formati-di-banner-per-ppc-attraverso-un-servizio-completo-e-di-qualit-riusciamo-ad-incrementare-le-vendite-dei-nostri-clienti\">Siamo in grado di offrire una vasta scelta di operazioni e concorsi a premio sia per i clienti business (B2B) che <a aria-label=\"per i consumatori (B2C) (opens in a new tab)\" href=\"https:\/\/gotoclient.com\/it\/blog\/promociones-exitosas-para-llegar-al-consumidor-final-durante-el-covid-19\/?preview_id=4652&#038;preview_nonce=d7d5f3350d&#038;preview=true&#038;_thumbnail_id=4650\" target=\"_blank\" rel=\"noreferrer noopener\">per i consumatori (B2C)<\/a>. Offriamo al tuo team lo sviluppo di campagne a 360\u00b0 dall&#8217; ideazione al follow-up. Definiamo le esigenze della tua azienda e ci coordiniamo internamente per realizzare tutti gli elementi necessari per il lancio della promozione e relativa comunicazione. Tra gli elementi sono inclusi lo sviluppo e la creazione di un microsito promozionale, di materiale di comunicazione offline (wobblers, flyer, totem, ecc.) e online (differenti formati di banner per PPC). Attraverso un servizio completo e di qualit\u00e0 riusciamo ad incrementare le vendite dei nostri clienti. <\/p>\n\n\n\n<div style=\"height:22px\" aria-hidden=\"true\" class=\"wp-block-spacer\"><\/div>\n\n\n\n<p class=\"has-gray-color has-text-color\" id=\"h-sviluppiamo-una-grande-quantit-di-manifestazioni-per-il-canale-b2b-e-b2c-tra-le-quali-operazioni-cashback-o-sconti-differiti-programmi-di-rottamazione-operazioni-in-differita-prova-e-acquista-acquista-e-prova-contest-lotterie-e-omaggi-per-gli-acquisti-effettuati-prima-di-lanciare-la-campagna-effettuiamo-l-end-to-end-test-per-verificare-che-tutti-gli-elementi-e-i-passaggi-della-promozione-funzionino-correttamente\">Sviluppiamo una grande quantit\u00e0 di manifestazioni per il canale B2B e B2C, tra le quali operazioni <a aria-label=\"cashback (opens in a new tab)\" href=\"https:\/\/gotoclient.com\/it\/what-cashback-means-and-how-cashback-works-2\/?preview_id=287&#038;preview_nonce=68d9090986&#038;preview=true&#038;_thumbnail_id=4272\" target=\"_blank\" rel=\"noreferrer noopener\">cashback<\/a> o sconti differiti, programmi di rottamazione, operazioni in differita, prova e acquista, acquista e prova, contest, lotterie e omaggi per gli acquisti effettuati. Prima di lanciare la campagna, effettuiamo l\u2019end-to-end test per verificare che tutti gli elementi e i passaggi della promozione funzionino correttamente. <\/p>\n\n\n\n<div style=\"height:22px\" aria-hidden=\"true\" class=\"wp-block-spacer\"><\/div>\n\n\n\n<p class=\"has-gray-color has-text-color\" id=\"h-in-qualit-di-specialisti-del-marketing-promozionale-il-nostro-obiettivo-far-s-che-i-nostri-clienti-raggiungano-gli-obiettivi-prefissati-e-condivisi-con-noi-gestiamo-le-promozioni-e-convalidiamo-le-iscrizioni-tramite-il-nostro-software-proprietario-runrunpromos-che-permette-di-implementare-pi-di-140-combinazioni-di-meccaniche-promozionali-grazie-a-runrunpromos-possiamo-tenere-monitorata-ogni-promozione-a-360-analizzando-i-kpi-e-le-metriche-e-redigendo-report-settimanali-per-condividere-i-risultati-raggiunti-con-il-tuo-team\">In qualit\u00e0 di specialisti del marketing promozionale il nostro obiettivo \u00e8 far s\u00ec che i nostri clienti raggiungano gli obiettivi prefissati e condivisi con noi. Gestiamo le promozioni e convalidiamo le iscrizioni tramite il nostro software proprietario RunRunPromos che permette di implementare <a aria-label=\"pi\u00f9 di 140 combinazioni di meccaniche promozionali (opens in a new tab)\" href=\"https:\/\/gotoclient.com\/en\/blog\/online-promotions-mechanics-do-spain-our-promotional-platform\/\" target=\"_blank\" rel=\"noreferrer noopener\">pi\u00f9 di 140 combinazioni di meccaniche promozionali<\/a>. Grazie a RunRunPromos possiamo tenere monitorata ogni promozione a 360\u00ba, analizzando i KPI e le metriche e redigendo report settimanali per condividere i risultati raggiunti con il tuo team.<\/p>\n\n\n\n<div style=\"height:22px\" aria-hidden=\"true\" class=\"wp-block-spacer\"><\/div>\n\n\n\n<h2 class=\"wp-block-heading\" id=\"h-vantaggi-delle-operazioni-e-concorsi-a-premio-consumer-e-b2b\"><strong>Vantaggi delle operazioni e &nbsp;concorsi a premio consumer e B2B:<\/strong><\/h2>\n\n\n\n<div style=\"height:22px\" aria-hidden=\"true\" class=\"wp-block-spacer\"><\/div>\n\n\n\n<p class=\"has-gray-color has-text-color\" id=\"h-il-69-dei-consumatori-esigente-con-i-marchi-come-lo-sono-con-se-stessi-secondo-gartner-i-brand-non-possono-esimersi-dal-rispondere-a-questa-tendenza-le-aziende-hanno-aumentato-la-loro-fidelizzazione-dei-clienti-offrendo-vantaggi-e-offerte-promozionali-esclusive\">Il 69% dei consumatori \u00e8 esigente con i marchi come lo sono con se stessi, secondo <a href=\"https:\/\/emtemp.gcom.cloud\/ngw\/globalassets\/en\/marketing\/documents\/marketing-consumer-sentiment-about-covid-19.pdf\" target=\"_blank\" rel=\"noreferrer noopener\">Gartner<\/a>. I brand non possono esimersi dal rispondere a questa tendenza. Le aziende hanno aumentato la loro fidelizzazione dei clienti offrendo vantaggi e offerte promozionali esclusive.<\/p>\n\n\n\n<div style=\"height:22px\" aria-hidden=\"true\" class=\"wp-block-spacer\"><\/div>\n\n\n\n<p class=\"has-gray-color has-text-color\" id=\"h-si-sta-verificando-un-calo-del-reddito-a-livello-globale-tra-i-consumatori-a-causa-del-fenomeno-covid-19-in-un-sondaggio-di-mc-kinsey-il-53-degli-intervistati-in-italia-ha-dichiarato-di-aver-subito-una-diminuzione-del-proprio-reddito-il-51-in-spagna-il-38-in-francia-e-regno-unito-il-30-in-germania-il-41-negli-stati-uniti-il-57-in-cina-e-il-65-in-india-di-conseguenza-i-clienti-b2c-e-i-b2b-sono-sempre-pi-alla-ricerca-di-offerte-e-sconti-per-i-loro-acquisti\">Si sta verificando un calo del reddito a livello globale tra i consumatori a causa del fenomeno COVID-19. In un sondaggio di <a href=\"https:\/\/www.mckinsey.com\/business-functions\/marketing-and-sales\/our-insights\/a-global-view-of-how-consumer-behavior-is-changing-amid-covid-19\" target=\"_blank\" rel=\"noreferrer noopener\">Mc Kinsey<\/a> il 53% degli intervistati in Italia ha dichiarato di aver subito una diminuzione del proprio reddito, il 51% in Spagna, il 38% in Francia e Regno Unito, il 30% in Germania, il 41% negli Stati Uniti, il 57% in Cina e il 65% in India. Di conseguenza, i clienti B2C e i B2B&nbsp; sono sempre pi\u00f9 alla ricerca di offerte e sconti per i loro acquisti.<\/p>\n\n\n\n<div style=\"height:22px\" aria-hidden=\"true\" class=\"wp-block-spacer\"><\/div>\n\n\n\n<p class=\"has-gray-color has-text-color\" id=\"h-possibilit-di-costruire-una-campagna-promozionale-insieme-a-gotoclient-una-delle-migliori-agenzie-di-operazioni-e-concorsi-a-premio-aumenta-le-vendite-della-tua-azienda-ed-espandi-il-tuo-portafolio-di-clienti-b2b-o-il-database-dei-consumatori-finali\">Possibilit\u00e0 di costruire una campagna promozionale insieme a Gotoclient, una delle migliori agenzie di operazioni e concorsi a premio. Aumenta le vendite della tua azienda ed espandi il tuo portafolio di clienti B2B o il database dei&nbsp;consumatori finali.<\/p>\n\n\n\n<div style=\"height:22px\" aria-hidden=\"true\" class=\"wp-block-spacer\"><\/div>\n\n\n\n<p class=\"has-gray-color has-text-color\" id=\"h-il-software-runrunpromos-consente-di-generare-la-migliore-analisi-per-implementare-la-promozione-idonea-in-base-all-obiettivo-condiviso-unitamente-alla-creazione-dell-offerta-promozionale-appropriata\">Il software RunRunPromos consente di generare la migliore analisi per implementare la promozione idonea in base all&#8217;obiettivo condiviso, unitamente alla creazione dell&#8217;offerta promozionale appropriata.<\/p>\n\n\n\n<div style=\"height:22px\" aria-hidden=\"true\" class=\"wp-block-spacer\"><\/div>\n<\/div>\n\n\n\n<div class=\"wp-block-column is-layout-flow wp-block-column-is-layout-flow\">\n<figure class=\"wp-block-image size-large\"><img loading=\"lazy\" decoding=\"async\" width=\"700\" height=\"942\" src=\"https:\/\/gotoclient.com\/wp-content\/uploads\/2020\/07\/consumer-promotions-700x942.jpg\" alt=\"\" class=\"wp-image-5396\" srcset=\"https:\/\/gotoclient.com\/wp-content\/uploads\/2020\/07\/consumer-promotions-700x942.jpg 700w, https:\/\/gotoclient.com\/wp-content\/uploads\/2020\/07\/consumer-promotions-250x337.jpg 250w, https:\/\/gotoclient.com\/wp-content\/uploads\/2020\/07\/consumer-promotions-768x1034.jpg 768w, https:\/\/gotoclient.com\/wp-content\/uploads\/2020\/07\/consumer-promotions-758x1020.jpg 758w, https:\/\/gotoclient.com\/wp-content\/uploads\/2020\/07\/consumer-promotions-542x730.jpg 542w, https:\/\/gotoclient.com\/wp-content\/uploads\/2020\/07\/consumer-promotions-120x162.jpg 120w, https:\/\/gotoclient.com\/wp-content\/uploads\/2020\/07\/consumer-promotions-325x437.jpg 325w, https:\/\/gotoclient.com\/wp-content\/uploads\/2020\/07\/consumer-promotions.jpg 817w\" sizes=\"auto, (max-width: 700px) 100vw, 700px\" \/><\/figure>\n<\/div>\n<\/div>\n\n\n\n<div style=\"height:50px\" aria-hidden=\"true\" class=\"wp-block-spacer\"><\/div>\n\n\n\n<hr class=\"wp-block-separator has-css-opacity\"\/>\n\n\n\n<div style=\"height:50px\" aria-hidden=\"true\" class=\"wp-block-spacer\"><\/div>\n\n\n\n<div class=\"wp-block-columns is-layout-flex wp-container-core-columns-is-layout-2 wp-block-columns-is-layout-flex\">\n<div class=\"wp-block-column is-layout-flow wp-block-column-is-layout-flow\">\n<div class=\"wp-block-group\"><div class=\"wp-block-group__inner-container is-layout-flow wp-block-group-is-layout-flow\">\n<h4 class=\"wp-block-heading has-gray-color has-text-color\" id=\"h-conosci-i-nostri-concorsi-e-operazioni-a-premi\">Conosci i nostri concorsi e operazioni a premi<\/h4>\n\n\n<a href=\"https:\/\/portfolio.gotoclient.com\/\" class=\"block-button\" target=\"_self\">\n    See the guide<\/a>\n<style type=\"text\/css\">\n    #button-block_556508ec7ec9c9b674c85e0145d181e2 {\n        background: ;\n        color: ;\n    }\n<\/style>\n<\/div><\/div>\n<\/div>\n\n\n\n<div class=\"wp-block-column is-layout-flow wp-block-column-is-layout-flow\">\n<div class=\"wp-block-group\"><div class=\"wp-block-group__inner-container is-layout-flow wp-block-group-is-layout-flow\">\n<h4 class=\"wp-block-heading has-gray-color has-text-color\" id=\"h-scopri-la-tabella-dei-prezzi\">Scopri la tabella dei prezzi<br><a href=\"https:\/\/gotoclient.com\/en\/pricing\/\"><\/a><\/h4>\n\n\n<a href=\"https:\/\/gotoclient.com\/en\/pricing\/\" class=\"block-button\" target=\"_self\">\n    See the pricing<\/a>\n<style type=\"text\/css\">\n    #button-block_a3ee425bb6059be12a5d9a4ea84366c1 {\n        background: ;\n        color: ;\n    }\n<\/style>\n<\/div><\/div>\n<\/div>\n<\/div>\n\n\n\n<p><\/p>\n","protected":false},"excerpt":{"rendered":"<p>Premio canale consumer e B2B In qualit\u00e0 di agenzia di operazioni e concorsi a premio canale consumer e B2B&nbsp;aiutiamo le aziende a incrementare le vendite&nbsp; attraverso il marketing promozionale. Sviluppiamo varie tipologie di operazioni e concorsi a premio. Promozioni di vendita Siamo in grado di offrire una vasta scelta di operazioni e concorsi a premio [&hellip;]<\/p>\n","protected":false},"author":14,"featured_media":0,"parent":5477,"menu_order":0,"comment_status":"closed","ping_status":"closed","template":"","meta":{"_acf_changed":false,"footnotes":""},"class_list":["post-5489","page","type-page","status-publish","hentry"],"acf":[],"yoast_head":"<!-- This site is optimized with the Yoast SEO plugin v24.8.1 - https:\/\/yoast.com\/wordpress\/plugins\/seo\/ -->\n<title>Premio canale consumer e B2B - Gotoclient<\/title>\n<meta name=\"description\" content=\"Siamo un&#039;agenzia specializzata nelle operazioni e concorsi a premio per il canale consumer e B2B con l&#039;obiettivo di incrementare le vendite.\" \/>\n<meta name=\"robots\" content=\"index, follow, max-snippet:-1, max-image-preview:large, max-video-preview:-1\" \/>\n<link rel=\"canonical\" href=\"https:\/\/gotoclient.com\/it\/servizi\/premio-canale-consumer-e-b2b\/\" \/>\n<meta property=\"og:locale\" content=\"it_IT\" \/>\n<meta property=\"og:type\" content=\"article\" \/>\n<meta property=\"og:title\" content=\"Premio canale consumer e B2B - Gotoclient\" \/>\n<meta property=\"og:description\" content=\"Siamo un&#039;agenzia specializzata nelle operazioni e concorsi a premio per il canale consumer e B2B con l&#039;obiettivo di incrementare le vendite.\" \/>\n<meta property=\"og:url\" content=\"https:\/\/gotoclient.com\/it\/servizi\/premio-canale-consumer-e-b2b\/\" \/>\n<meta property=\"og:site_name\" content=\"Gotoclient\" \/>\n<meta property=\"article:modified_time\" content=\"2023-07-27T07:14:59+00:00\" \/>\n<meta property=\"og:image\" content=\"https:\/\/gotoclient.com\/wp-content\/uploads\/2020\/07\/consumer-promotions-700x942.jpg\" \/>\n<meta name=\"twitter:card\" content=\"summary_large_image\" \/>\n<meta name=\"twitter:label1\" content=\"Est. reading time\" \/>\n\t<meta name=\"twitter:data1\" content=\"3 minutes\" \/>\n<script type=\"application\/ld+json\" class=\"yoast-schema-graph\">{\"@context\":\"https:\/\/schema.org\",\"@graph\":[{\"@type\":\"TechArticle\",\"@id\":\"https:\/\/gotoclient.com\/it\/servizi\/premio-canale-consumer-e-b2b\/#article\",\"isPartOf\":{\"@id\":\"https:\/\/gotoclient.com\/it\/servizi\/premio-canale-consumer-e-b2b\/\"},\"author\":{\"name\":\"Guillem Galera\",\"@id\":\"https:\/\/gotoclient.com\/en\/#\/schema\/person\/37760905c24f93e481974fc0165dfb92\"},\"headline\":\"Premio canale consumer e B2B\",\"datePublished\":\"2020-07-29T09:35:14+00:00\",\"dateModified\":\"2023-07-27T07:14:59+00:00\",\"mainEntityOfPage\":{\"@id\":\"https:\/\/gotoclient.com\/it\/servizi\/premio-canale-consumer-e-b2b\/\"},\"wordCount\":517,\"publisher\":{\"@id\":\"https:\/\/gotoclient.com\/en\/#organization\"},\"image\":{\"@id\":\"https:\/\/gotoclient.com\/it\/servizi\/premio-canale-consumer-e-b2b\/#primaryimage\"},\"thumbnailUrl\":\"https:\/\/gotoclient.com\/wp-content\/uploads\/2020\/07\/consumer-promotions-700x942.jpg\",\"inLanguage\":\"it-IT\"},{\"@type\":\"WebPage\",\"@id\":\"https:\/\/gotoclient.com\/it\/servizi\/premio-canale-consumer-e-b2b\/\",\"url\":\"https:\/\/gotoclient.com\/it\/servizi\/premio-canale-consumer-e-b2b\/\",\"name\":\"Premio canale consumer e B2B - Gotoclient\",\"isPartOf\":{\"@id\":\"https:\/\/gotoclient.com\/en\/#website\"},\"primaryImageOfPage\":{\"@id\":\"https:\/\/gotoclient.com\/it\/servizi\/premio-canale-consumer-e-b2b\/#primaryimage\"},\"image\":{\"@id\":\"https:\/\/gotoclient.com\/it\/servizi\/premio-canale-consumer-e-b2b\/#primaryimage\"},\"thumbnailUrl\":\"https:\/\/gotoclient.com\/wp-content\/uploads\/2020\/07\/consumer-promotions-700x942.jpg\",\"datePublished\":\"2020-07-29T09:35:14+00:00\",\"dateModified\":\"2023-07-27T07:14:59+00:00\",\"description\":\"Siamo un'agenzia specializzata nelle operazioni e concorsi a premio per il canale consumer e B2B con l'obiettivo di incrementare le vendite.\",\"breadcrumb\":{\"@id\":\"https:\/\/gotoclient.com\/it\/servizi\/premio-canale-consumer-e-b2b\/#breadcrumb\"},\"inLanguage\":\"it-IT\",\"potentialAction\":[{\"@type\":\"ReadAction\",\"target\":[\"https:\/\/gotoclient.com\/it\/servizi\/premio-canale-consumer-e-b2b\/\"]}]},{\"@type\":\"ImageObject\",\"inLanguage\":\"it-IT\",\"@id\":\"https:\/\/gotoclient.com\/it\/servizi\/premio-canale-consumer-e-b2b\/#primaryimage\",\"url\":\"https:\/\/gotoclient.com\/wp-content\/uploads\/2020\/07\/consumer-promotions-700x942.jpg\",\"contentUrl\":\"https:\/\/gotoclient.com\/wp-content\/uploads\/2020\/07\/consumer-promotions-700x942.jpg\"},{\"@type\":\"BreadcrumbList\",\"@id\":\"https:\/\/gotoclient.com\/it\/servizi\/premio-canale-consumer-e-b2b\/#breadcrumb\",\"itemListElement\":[{\"@type\":\"ListItem\",\"position\":1,\"name\":\"Home\",\"item\":\"https:\/\/gotoclient.com\/it\/\"},{\"@type\":\"ListItem\",\"position\":2,\"name\":\"Servizi\",\"item\":\"https:\/\/gotoclient.com\/it\/servizi\/\"},{\"@type\":\"ListItem\",\"position\":3,\"name\":\"Premio canale consumer e B2B\"}]},{\"@type\":\"WebSite\",\"@id\":\"https:\/\/gotoclient.com\/en\/#website\",\"url\":\"https:\/\/gotoclient.com\/en\/\",\"name\":\"Gotoclient\",\"description\":\"Marketing Agency\",\"publisher\":{\"@id\":\"https:\/\/gotoclient.com\/en\/#organization\"},\"alternateName\":\"GTC\",\"potentialAction\":[{\"@type\":\"SearchAction\",\"target\":{\"@type\":\"EntryPoint\",\"urlTemplate\":\"https:\/\/gotoclient.com\/en\/?s={search_term_string}\"},\"query-input\":{\"@type\":\"PropertyValueSpecification\",\"valueRequired\":true,\"valueName\":\"search_term_string\"}}],\"inLanguage\":\"it-IT\"},{\"@type\":\"Organization\",\"@id\":\"https:\/\/gotoclient.com\/en\/#organization\",\"name\":\"Gotoclient\",\"alternateName\":\"GTC\",\"url\":\"https:\/\/gotoclient.com\/en\/\",\"logo\":{\"@type\":\"ImageObject\",\"inLanguage\":\"it-IT\",\"@id\":\"https:\/\/gotoclient.com\/en\/#\/schema\/logo\/image\/\",\"url\":\"https:\/\/gotoclient.com\/wp-content\/uploads\/2025\/07\/gotoclient_logo_icon.png\",\"contentUrl\":\"https:\/\/gotoclient.com\/wp-content\/uploads\/2025\/07\/gotoclient_logo_icon.png\",\"width\":240,\"height\":266,\"caption\":\"Gotoclient\"},\"image\":{\"@id\":\"https:\/\/gotoclient.com\/en\/#\/schema\/logo\/image\/\"},\"sameAs\":[\"https:\/\/www.instagram.com\/gotoclient\/\",\"https:\/\/www.linkedin.com\/company\/gotoclient\"]},{\"@type\":\"Person\",\"@id\":\"https:\/\/gotoclient.com\/en\/#\/schema\/person\/37760905c24f93e481974fc0165dfb92\",\"name\":\"Guillem Galera\",\"image\":{\"@type\":\"ImageObject\",\"inLanguage\":\"it-IT\",\"@id\":\"https:\/\/gotoclient.com\/en\/#\/schema\/person\/image\/\",\"url\":\"https:\/\/secure.gravatar.com\/avatar\/bd5077db31c4aaf23eb05566e768319a?s=96&d=mm&r=g\",\"contentUrl\":\"https:\/\/secure.gravatar.com\/avatar\/bd5077db31c4aaf23eb05566e768319a?s=96&d=mm&r=g\",\"caption\":\"Guillem Galera\"}}]}<\/script>\n<!-- \/ Yoast SEO plugin. -->","yoast_head_json":{"title":"Premio canale consumer e B2B - Gotoclient","description":"Siamo un'agenzia specializzata nelle operazioni e concorsi a premio per il canale consumer e B2B con l'obiettivo di incrementare le vendite.","robots":{"index":"index","follow":"follow","max-snippet":"max-snippet:-1","max-image-preview":"max-image-preview:large","max-video-preview":"max-video-preview:-1"},"canonical":"https:\/\/gotoclient.com\/it\/servizi\/premio-canale-consumer-e-b2b\/","og_locale":"it_IT","og_type":"article","og_title":"Premio canale consumer e B2B - Gotoclient","og_description":"Siamo un'agenzia specializzata nelle operazioni e concorsi a premio per il canale consumer e B2B con l'obiettivo di incrementare le vendite.","og_url":"https:\/\/gotoclient.com\/it\/servizi\/premio-canale-consumer-e-b2b\/","og_site_name":"Gotoclient","article_modified_time":"2023-07-27T07:14:59+00:00","og_image":[{"url":"https:\/\/gotoclient.com\/wp-content\/uploads\/2020\/07\/consumer-promotions-700x942.jpg","type":"","width":"","height":""}],"twitter_card":"summary_large_image","twitter_misc":{"Est. reading time":"3 minutes"},"schema":{"@context":"https:\/\/schema.org","@graph":[{"@type":"TechArticle","@id":"https:\/\/gotoclient.com\/it\/servizi\/premio-canale-consumer-e-b2b\/#article","isPartOf":{"@id":"https:\/\/gotoclient.com\/it\/servizi\/premio-canale-consumer-e-b2b\/"},"author":{"name":"Guillem Galera","@id":"https:\/\/gotoclient.com\/en\/#\/schema\/person\/37760905c24f93e481974fc0165dfb92"},"headline":"Premio canale consumer e B2B","datePublished":"2020-07-29T09:35:14+00:00","dateModified":"2023-07-27T07:14:59+00:00","mainEntityOfPage":{"@id":"https:\/\/gotoclient.com\/it\/servizi\/premio-canale-consumer-e-b2b\/"},"wordCount":517,"publisher":{"@id":"https:\/\/gotoclient.com\/en\/#organization"},"image":{"@id":"https:\/\/gotoclient.com\/it\/servizi\/premio-canale-consumer-e-b2b\/#primaryimage"},"thumbnailUrl":"https:\/\/gotoclient.com\/wp-content\/uploads\/2020\/07\/consumer-promotions-700x942.jpg","inLanguage":"it-IT"},{"@type":"WebPage","@id":"https:\/\/gotoclient.com\/it\/servizi\/premio-canale-consumer-e-b2b\/","url":"https:\/\/gotoclient.com\/it\/servizi\/premio-canale-consumer-e-b2b\/","name":"Premio canale consumer e B2B - Gotoclient","isPartOf":{"@id":"https:\/\/gotoclient.com\/en\/#website"},"primaryImageOfPage":{"@id":"https:\/\/gotoclient.com\/it\/servizi\/premio-canale-consumer-e-b2b\/#primaryimage"},"image":{"@id":"https:\/\/gotoclient.com\/it\/servizi\/premio-canale-consumer-e-b2b\/#primaryimage"},"thumbnailUrl":"https:\/\/gotoclient.com\/wp-content\/uploads\/2020\/07\/consumer-promotions-700x942.jpg","datePublished":"2020-07-29T09:35:14+00:00","dateModified":"2023-07-27T07:14:59+00:00","description":"Siamo un'agenzia specializzata nelle operazioni e concorsi a premio per il canale consumer e B2B con l'obiettivo di incrementare le vendite.","breadcrumb":{"@id":"https:\/\/gotoclient.com\/it\/servizi\/premio-canale-consumer-e-b2b\/#breadcrumb"},"inLanguage":"it-IT","potentialAction":[{"@type":"ReadAction","target":["https:\/\/gotoclient.com\/it\/servizi\/premio-canale-consumer-e-b2b\/"]}]},{"@type":"ImageObject","inLanguage":"it-IT","@id":"https:\/\/gotoclient.com\/it\/servizi\/premio-canale-consumer-e-b2b\/#primaryimage","url":"https:\/\/gotoclient.com\/wp-content\/uploads\/2020\/07\/consumer-promotions-700x942.jpg","contentUrl":"https:\/\/gotoclient.com\/wp-content\/uploads\/2020\/07\/consumer-promotions-700x942.jpg"},{"@type":"BreadcrumbList","@id":"https:\/\/gotoclient.com\/it\/servizi\/premio-canale-consumer-e-b2b\/#breadcrumb","itemListElement":[{"@type":"ListItem","position":1,"name":"Home","item":"https:\/\/gotoclient.com\/it\/"},{"@type":"ListItem","position":2,"name":"Servizi","item":"https:\/\/gotoclient.com\/it\/servizi\/"},{"@type":"ListItem","position":3,"name":"Premio canale consumer e B2B"}]},{"@type":"WebSite","@id":"https:\/\/gotoclient.com\/en\/#website","url":"https:\/\/gotoclient.com\/en\/","name":"Gotoclient","description":"Marketing Agency","publisher":{"@id":"https:\/\/gotoclient.com\/en\/#organization"},"alternateName":"GTC","potentialAction":[{"@type":"SearchAction","target":{"@type":"EntryPoint","urlTemplate":"https:\/\/gotoclient.com\/en\/?s={search_term_string}"},"query-input":{"@type":"PropertyValueSpecification","valueRequired":true,"valueName":"search_term_string"}}],"inLanguage":"it-IT"},{"@type":"Organization","@id":"https:\/\/gotoclient.com\/en\/#organization","name":"Gotoclient","alternateName":"GTC","url":"https:\/\/gotoclient.com\/en\/","logo":{"@type":"ImageObject","inLanguage":"it-IT","@id":"https:\/\/gotoclient.com\/en\/#\/schema\/logo\/image\/","url":"https:\/\/gotoclient.com\/wp-content\/uploads\/2025\/07\/gotoclient_logo_icon.png","contentUrl":"https:\/\/gotoclient.com\/wp-content\/uploads\/2025\/07\/gotoclient_logo_icon.png","width":240,"height":266,"caption":"Gotoclient"},"image":{"@id":"https:\/\/gotoclient.com\/en\/#\/schema\/logo\/image\/"},"sameAs":["https:\/\/www.instagram.com\/gotoclient\/","https:\/\/www.linkedin.com\/company\/gotoclient"]},{"@type":"Person","@id":"https:\/\/gotoclient.com\/en\/#\/schema\/person\/37760905c24f93e481974fc0165dfb92","name":"Guillem Galera","image":{"@type":"ImageObject","inLanguage":"it-IT","@id":"https:\/\/gotoclient.com\/en\/#\/schema\/person\/image\/","url":"https:\/\/secure.gravatar.com\/avatar\/bd5077db31c4aaf23eb05566e768319a?s=96&d=mm&r=g","contentUrl":"https:\/\/secure.gravatar.com\/avatar\/bd5077db31c4aaf23eb05566e768319a?s=96&d=mm&r=g","caption":"Guillem Galera"}}]}},"_links":{"self":[{"href":"https:\/\/gotoclient.com\/it\/wp-json\/wp\/v2\/pages\/5489","targetHints":{"allow":["GET"]}}],"collection":[{"href":"https:\/\/gotoclient.com\/it\/wp-json\/wp\/v2\/pages"}],"about":[{"href":"https:\/\/gotoclient.com\/it\/wp-json\/wp\/v2\/types\/page"}],"author":[{"embeddable":true,"href":"https:\/\/gotoclient.com\/it\/wp-json\/wp\/v2\/users\/14"}],"replies":[{"embeddable":true,"href":"https:\/\/gotoclient.com\/it\/wp-json\/wp\/v2\/comments?post=5489"}],"version-history":[{"count":17,"href":"https:\/\/gotoclient.com\/it\/wp-json\/wp\/v2\/pages\/5489\/revisions"}],"predecessor-version":[{"id":15739,"href":"https:\/\/gotoclient.com\/it\/wp-json\/wp\/v2\/pages\/5489\/revisions\/15739"}],"up":[{"embeddable":true,"href":"https:\/\/gotoclient.com\/it\/wp-json\/wp\/v2\/pages\/5477"}],"wp:attachment":[{"href":"https:\/\/gotoclient.com\/it\/wp-json\/wp\/v2\/media?parent=5489"}],"curies":[{"name":"wp","href":"https:\/\/api.w.org\/{rel}","templated":true}]}}