{"id":5513,"date":"2020-07-29T10:38:57","date_gmt":"2020-07-29T09:38:57","guid":{"rendered":"https:\/\/gotoclient.com\/?page_id=5513"},"modified":"2025-06-30T10:29:21","modified_gmt":"2025-06-30T09:29:21","slug":"inbound-marketing-b2b","status":"publish","type":"page","link":"https:\/\/gotoclient.com\/it\/servizi\/inbound-marketing-b2b\/","title":{"rendered":"Inbound Marketing B2B"},"content":{"rendered":"\n<h1 class=\"wp-block-heading has-text-align-center has-x-large-font-size\" id=\"h-inbound-marketing-b2b\"><strong>Inbound Marketing B2B<\/strong><\/h1>\n\n\n\n<h5 class=\"wp-block-heading has-text-align-center has-gray-color has-text-color\" id=\"h-come-agenzia-di-inbound-marketing-b2b-generiamo-lead-di-qualita-con-l-obiettivo-di-acquisire-nuovi-potenziali-clienti-siamo-esperti-in-inbound-marketing-b2b-o-strategie-di-marketing-di-attrazione-e-utilizziamo-i-migliori-strumenti-o-tool-di-automazione-del-marketing\">Come agenzia di Inbound Marketing B2B generiamo lead di qualit\u00e0 con l&#8217;obiettivo di acquisire nuovi potenziali clienti. Siamo esperti in inbound marketing B2B o strategie di marketing di attrazione e utilizziamo i migliori strumenti (o tool) di automazione del marketing.<\/h5>\n\n\n\n<div style=\"height:22px\" aria-hidden=\"true\" class=\"wp-block-spacer\"><\/div>\n\n\n\n<hr class=\"wp-block-separator has-css-opacity\"\/>\n\n\n\n<div style=\"height:22px\" aria-hidden=\"true\" class=\"wp-block-spacer\"><\/div>\n\n\n\n<div class=\"wp-block-columns is-layout-flex wp-container-core-columns-is-layout-1 wp-block-columns-is-layout-flex\">\n<div class=\"wp-block-column is-layout-flow wp-block-column-is-layout-flow\">\n<h2 class=\"wp-block-heading has-black-color has-text-color\" id=\"h-azienda-di-inbound-marketing-b2b\"><strong>Azienda di inbound marketing B2B<\/strong><\/h2>\n\n\n\n<div style=\"height:22px\" aria-hidden=\"true\" class=\"wp-block-spacer\"><\/div>\n\n\n\n<p class=\"has-gray-color has-text-color\" id=\"h-siamo-un-agenzia-che-vanta-oltre-10-anni-di-esperienza-nell-inbound-marketing-partner-di-hubspot-e-adobe-campaign-e-con-clienti-che-operano-in-differenti-mercati-la-nostra-esperienza-nella-strategia-di-inbound-marketing-b2b-automazione-e-integrazione-dei-processi-di-marketing-e-di-vendita-smarketing-o-sales-and-marketing-alingment-ci-permette-di-ottenere-ottimi-risultati-dalle-campagne-che-implementiamo-per-i-nostri-clienti-per-questo-motivo-le-aziende-si-affidano-a-noi-per-la-qualit-del-nostro-lavoro-e-per-l-impegno-che-dedichiamo\">Siamo un&#8217;agenzia che vanta oltre 10 anni di esperienza nell\u2019 inbound marketing, &nbsp;partner di Hubspot e Adobe Campaign e con clienti che operano in differenti mercati. La nostra esperienza nella strategia di inbound marketing B2B, automazione e integrazione dei processi di marketing e di vendita (smarketing o sales and marketing alingment) ci permette di ottenere ottimi risultati dalle campagne che implementiamo per i nostri clienti. Per questo motivo le aziende si affidano a noi per la qualit\u00e0 del nostro lavoro e per l\u2019impegno che dedichiamo.<\/p>\n\n\n\n<div style=\"height:22px\" aria-hidden=\"true\" class=\"wp-block-spacer\"><\/div>\n\n\n\n<p class=\"has-gray-color has-text-color\" id=\"h-i-servizi-di-inbound-marketing-b2b-che-offriamo-al-tuo-team-includono-l-intero-processo-dallo-sviluppo-della-strategia-all-implementazione-della-stessa-in-primo-luogo-definiamo-il-buyer-persona-e-il-pubblico-obiettivo-o-target-audience-identifichiamo-il-buyer-journey-e-sviluppiamo-una-strategia-per-ciascuna-delle-fasi-awareness-consideration-o-consapevolezza-decisione-in-secondo-luogo-sviluppiamo-e-implementiamo-la-strategia-di-content-marketing-le-offerte-di-inbound-marketing-per-ciascuna-delle-fasi-e-definiamo-i-canali-di-comunicazione-tra-i-contenuti-articoli-di-blog-landing-page-o-pagine-di-atterragggio-thank-you-page-o-pagine-di-ringraziamento-guide-calcolatori-ebook-che-possono-essere-veicolati-anche-tramite-social-network-e-via-e-mail-per-amplificare-il-messaggio\">I servizi di <a aria-label=\"inbound marketing (opens in a new tab)\" href=\"https:\/\/gotoclient.com\/it\/blog\/motivos-para-implantar-inbound-si-quieres-que-tu-empresa-crezca\/?preview_id=3753&#038;preview_nonce=c6118fb63d&#038;preview=true&#038;_thumbnail_id=2879\" target=\"_blank\" rel=\"noreferrer noopener\">inbound marketing<\/a> B2B che offriamo al tuo team includono l&#8217;intero processo, dallo sviluppo della strategia all&#8217;implementazione della stessa. In primo luogo, definiamo il <a aria-label=\"Buyer Persona (opens in a new tab)\" href=\"https:\/\/landingpages.gotoclient.com\/ebook-how-to-create-buyer-people\" target=\"_blank\" rel=\"noreferrer noopener\">Buyer Persona<\/a> e il pubblico obiettivo (o target audience), identifichiamo il Buyer Journey e sviluppiamo una strategia per ciascuna delle fasi (awareness, consideration &nbsp;o consapevolezza, decisione). In secondo luogo sviluppiamo e implementiamo la <a aria-label=\"strategia di content marketing (opens in a new tab)\" href=\"https:\/\/landingpages.gotoclient.com\/consultation-inbound-marketing\" target=\"_blank\" rel=\"noreferrer noopener\">strategia di content marketing<\/a>, le offerte di inbound marketing per ciascuna delle fasi e definiamo i canali di comunicazione. Tra i contenuti articoli di blog, landing page o pagine di atterragggio, thank you page o pagine di ringraziamento, guide, calcolatori, ebook che possono essere veicolati &nbsp;anche tramite social network e via e-mail per amplificare il messaggio.<\/p>\n\n\n\n<div style=\"height:22px\" aria-hidden=\"true\" class=\"wp-block-spacer\"><\/div>\n\n\n\n<p class=\"has-gray-color has-text-color\" id=\"h-utilizziamo-gli-strumenti-pi-idonei-per-l-automazione-di-marketing-al-fine-di-garantire-i-migliori-risultati-dopo-aver-distribuito-il-contenuto-analizziamo-i-risultati-attraverso-metriche-quali-clic-lead-conversioni-ed-altre-per-garantire-che-la-campagna-raggiunga-risultati-efficienti-essenziale-considerare-il-comportamento-di-tutti-gli-utenti-in-ogni-fase-del-flusso-per-aumentare-il-numero-di-potenziali-clienti\">Utilizziamo gli strumenti pi\u00f9 idonei per l&#8217;automazione di marketing al fine di garantire i migliori risultati. Dopo aver distribuito il contenuto, <a aria-label=\"analizziamo i risultati attraverso metriche (opens in a new tab)\" href=\"https:\/\/gotoclient.com\/it\/blog\/kpis-de-ventas-b2b-para-pipeline-comercial\/?preview_id=3228&#038;preview_nonce=4d723cdefa&#038;preview=true&#038;_thumbnail_id=2916\" target=\"_blank\" rel=\"noreferrer noopener\">analizziamo i risultati attraverso metriche<\/a> quali clic, lead, conversioni, ed altre per garantire che la campagna raggiunga risultati efficienti. \u00c8 essenziale considerare il comportamento di tutti gli utenti in&nbsp;ogni fase del flusso per aumentare il numero di potenziali clienti.<\/p>\n\n\n\n<div style=\"height:22px\" aria-hidden=\"true\" class=\"wp-block-spacer\"><\/div>\n\n\n\n<h4 class=\"wp-block-heading\" id=\"h-vantaggi-dell-inbound-marketing-b2b\"><strong>Vantaggi dell\u2019 inbound marketing B2B:<\/strong><\/h4>\n\n\n\n<div style=\"height:22px\" aria-hidden=\"true\" class=\"wp-block-spacer\"><\/div>\n\n\n\n<p class=\"has-gray-color has-text-color\" id=\"h-secondo-uno-studio-condotto-da-hubspot-il-72-delle-aziende-ha-incrementato-il-numero-di-lead-grazie-all-inbound-marketing\">Secondo uno studio condotto da <a href=\"https:\/\/cdn2.hubspot.net\/hubfs\/3476323\/State%20of%20Inbound%202018%20Global%20Results.pdf\" target=\"_blank\" rel=\"noreferrer noopener\">Hubspot<\/a>, il 72% delle aziende ha incrementato il numero di lead grazie all&#8217;inbound marketing.<\/p>\n\n\n\n<div style=\"height:22px\" aria-hidden=\"true\" class=\"wp-block-spacer\"><\/div>\n\n\n\n<p class=\"has-gray-color has-text-color\" id=\"h-il-75-delle-aziende-ritiene-che-la-strategia-di-inbound-marketing-sia-efficace-afferma-hubspot\">Il 75% delle aziende ritiene che la strategia di inbound marketing sia efficace, afferma <a href=\"https:\/\/cdn2.hubspot.net\/hubfs\/3476323\/State%20of%20Inbound%202018%20Global%20Results.pdf\" target=\"_blank\" rel=\"noreferrer noopener\">Hubspot<\/a>.<\/p>\n\n\n\n<div style=\"height:22px\" aria-hidden=\"true\" class=\"wp-block-spacer\"><\/div>\n\n\n\n<p class=\"has-gray-color has-text-color\" id=\"h-hubspot-dichiara-inoltre-che-il-53-delle-aziende-afferma-di-aver-ottenuto-un-roi-pi-elevato-con-una-strategia-di-inbound-marketing-contro-il-16-che-sostiene-di-averlo-ottenuto-con-una-strategia-di-outbound-marketing\"><a href=\"https:\/\/cdn2.hubspot.net\/hubfs\/3476323\/State%20of%20Inbound%202018%20Global%20Results.pdf\" target=\"_blank\" rel=\"noreferrer noopener\">Hubspot<\/a> dichiara inoltre che il 53% delle aziende afferma di aver ottenuto un ROI pi\u00f9 elevato con una strategia di inbound marketing, contro il 16% che sostiene di averlo ottenuto con una strategia di outbound marketing.<\/p>\n\n\n\n<div style=\"height:22px\" aria-hidden=\"true\" class=\"wp-block-spacer\"><\/div>\n\n\n\n<p class=\"has-gray-color has-text-color\" id=\"h-salesforce-asserisce-che-l-85-degli-utenti-effettua-ricerche-online-prima-di-completare-un-acquisto-l-utente-raccoglie-le-informazioni-attraverso-il-sito-web-dell-azienda-74-via-e-mail-43-nei-social-network-38-e-nelle-applicazioni-mobili-o-app-36-pertanto-si-pu-sostenere-che-lo-sviluppo-di-una-strategia-di-inbound-marketing-porta-risultati-di-qualit-rispetto-a-una-strategia-di-outbound-marketing\">Salesforce asserisce che l&#8217;85% degli utenti effettua ricerche online prima di completare un acquisto. L\u2019utente raccoglie le informazioni attraverso il sito web dell\u2019azienda (74%), via e-mail (43%), nei social network (38%) e nelle applicazioni mobili o app (36%). Pertanto si pu\u00f2 sostenere che lo sviluppo di una strategia di inbound marketing porta risultati di qualit\u00e0 rispetto\u00a0a una strategia di outbound marketing.<\/p>\n\n\n\n<div style=\"height:22px\" aria-hidden=\"true\" class=\"wp-block-spacer\"><\/div>\n\n\n\n<p class=\"has-gray-color has-text-color\" id=\"h-in-qualit-di-agenzia-di-inbound-marketing-aiutiamo-la-tua-azienda-nell-esecuzione-di-una-strategia-di-inbound-marketing-a-360-con-lo-scopo-di-acquisire-nuovi-potenziali-clienti\">In qualit\u00e0 di agenzia di inbound marketing aiutiamo la tua azienda nell&#8217;esecuzione di una strategia di inbound marketing a 360\u00b0 con lo scopo di acquisire nuovi potenziali clienti.<\/p>\n\n\n\n<div style=\"height:22px\" aria-hidden=\"true\" class=\"wp-block-spacer\"><\/div>\n<\/div>\n\n\n\n<div class=\"wp-block-column is-layout-flow wp-block-column-is-layout-flow\">\n<figure class=\"wp-block-image size-large\"><img loading=\"lazy\" decoding=\"async\" width=\"700\" height=\"942\" src=\"https:\/\/gotoclient.com\/wp-content\/uploads\/2020\/07\/inbound-marketing-700x942.jpg\" alt=\"\" class=\"wp-image-5391\" srcset=\"https:\/\/gotoclient.com\/wp-content\/uploads\/2020\/07\/inbound-marketing-700x942.jpg 700w, https:\/\/gotoclient.com\/wp-content\/uploads\/2020\/07\/inbound-marketing-250x337.jpg 250w, https:\/\/gotoclient.com\/wp-content\/uploads\/2020\/07\/inbound-marketing-768x1034.jpg 768w, https:\/\/gotoclient.com\/wp-content\/uploads\/2020\/07\/inbound-marketing-758x1020.jpg 758w, https:\/\/gotoclient.com\/wp-content\/uploads\/2020\/07\/inbound-marketing-542x730.jpg 542w, https:\/\/gotoclient.com\/wp-content\/uploads\/2020\/07\/inbound-marketing-120x162.jpg 120w, https:\/\/gotoclient.com\/wp-content\/uploads\/2020\/07\/inbound-marketing-325x437.jpg 325w, https:\/\/gotoclient.com\/wp-content\/uploads\/2020\/07\/inbound-marketing.jpg 817w\" sizes=\"auto, (max-width: 700px) 100vw, 700px\" \/><\/figure>\n<\/div>\n<\/div>\n\n\n\n<div style=\"height:50px\" aria-hidden=\"true\" class=\"wp-block-spacer\"><\/div>\n\n\n\n<hr class=\"wp-block-separator has-css-opacity\"\/>\n\n\n\n<div style=\"height:50px\" aria-hidden=\"true\" class=\"wp-block-spacer\"><\/div>\n\n\n\n<div class=\"wp-block-columns is-layout-flex wp-container-core-columns-is-layout-2 wp-block-columns-is-layout-flex\">\n<div class=\"wp-block-column is-layout-flow wp-block-column-is-layout-flow\">\n<h3 class=\"wp-block-heading has-gray-color has-text-color\" id=\"h-scopri-la-tabella-dei-prezzi\">Scopri la tabella dei prezzi<\/h3>\n\n\n<a href=\"https:\/\/gotoclient.com\/en\/pricing\/\" class=\"block-button\" target=\"_self\">\n    Vedere i prezzi<\/a>\n<style type=\"text\/css\">\n    #button-block_0735bd3f8e3d811b9307146e5a70ae8c {\n        background: ;\n        color: ;\n    }\n<\/style>\n<\/div>\n<\/div>\n\n\n\n<p><\/p>\n","protected":false},"excerpt":{"rendered":"<p>Inbound Marketing B2B Come agenzia di Inbound Marketing B2B generiamo lead di qualit\u00e0 con l&#8217;obiettivo di acquisire nuovi potenziali clienti. Siamo esperti in inbound marketing B2B o strategie di marketing di attrazione e utilizziamo i migliori strumenti (o tool) di automazione del marketing. Azienda di inbound marketing B2B Siamo un&#8217;agenzia che vanta oltre 10 anni [&hellip;]<\/p>\n","protected":false},"author":14,"featured_media":0,"parent":5477,"menu_order":0,"comment_status":"closed","ping_status":"closed","template":"","meta":{"_acf_changed":false,"footnotes":""},"class_list":["post-5513","page","type-page","status-publish","hentry"],"acf":[],"yoast_head":"<!-- This site is optimized with the Yoast SEO plugin v24.8.1 - https:\/\/yoast.com\/wordpress\/plugins\/seo\/ -->\n<title>Inbound Marketing B2B - Gotoclient<\/title>\n<meta name=\"description\" content=\"In qualit\u00e0 di agenzia di inbound marketing B2B generiamo lead di qualit\u00e0 con l&#039;obiettivo di acquisire nuovi clienti. Pi\u00f9 di 10 anni di esperienza.\" \/>\n<meta name=\"robots\" content=\"index, follow, max-snippet:-1, max-image-preview:large, max-video-preview:-1\" \/>\n<link rel=\"canonical\" href=\"https:\/\/gotoclient.com\/it\/servizi\/inbound-marketing-b2b\/\" \/>\n<meta property=\"og:locale\" content=\"it_IT\" \/>\n<meta property=\"og:type\" content=\"article\" \/>\n<meta property=\"og:title\" content=\"Inbound Marketing B2B - Gotoclient\" \/>\n<meta property=\"og:description\" content=\"In qualit\u00e0 di agenzia di inbound marketing B2B generiamo lead di qualit\u00e0 con l&#039;obiettivo di acquisire nuovi clienti. Pi\u00f9 di 10 anni di esperienza.\" \/>\n<meta property=\"og:url\" content=\"https:\/\/gotoclient.com\/it\/servizi\/inbound-marketing-b2b\/\" \/>\n<meta property=\"og:site_name\" content=\"Gotoclient\" \/>\n<meta property=\"article:modified_time\" content=\"2025-06-30T09:29:21+00:00\" \/>\n<meta property=\"og:image\" content=\"https:\/\/gotoclient.com\/wp-content\/uploads\/2020\/07\/inbound-marketing.jpg?wsr\" \/>\n\t<meta property=\"og:image:width\" content=\"817\" \/>\n\t<meta property=\"og:image:height\" content=\"1100\" \/>\n\t<meta property=\"og:image:type\" content=\"image\/jpeg\" \/>\n<meta name=\"twitter:card\" content=\"summary_large_image\" \/>\n<meta name=\"twitter:label1\" content=\"Est. reading time\" \/>\n\t<meta name=\"twitter:data1\" content=\"3 minutes\" \/>\n<script type=\"application\/ld+json\" class=\"yoast-schema-graph\">{\"@context\":\"https:\/\/schema.org\",\"@graph\":[{\"@type\":\"TechArticle\",\"@id\":\"https:\/\/gotoclient.com\/it\/servizi\/inbound-marketing-b2b\/#article\",\"isPartOf\":{\"@id\":\"https:\/\/gotoclient.com\/it\/servizi\/inbound-marketing-b2b\/\"},\"author\":{\"name\":\"Guillem Galera\",\"@id\":\"https:\/\/gotoclient.com\/en\/#\/schema\/person\/37760905c24f93e481974fc0165dfb92\"},\"headline\":\"Inbound Marketing B2B\",\"datePublished\":\"2020-07-29T09:38:57+00:00\",\"dateModified\":\"2025-06-30T09:29:21+00:00\",\"mainEntityOfPage\":{\"@id\":\"https:\/\/gotoclient.com\/it\/servizi\/inbound-marketing-b2b\/\"},\"wordCount\":486,\"publisher\":{\"@id\":\"https:\/\/gotoclient.com\/en\/#organization\"},\"image\":{\"@id\":\"https:\/\/gotoclient.com\/it\/servizi\/inbound-marketing-b2b\/#primaryimage\"},\"thumbnailUrl\":\"https:\/\/gotoclient.com\/wp-content\/uploads\/2020\/07\/inbound-marketing-700x942.jpg\",\"inLanguage\":\"it-IT\"},{\"@type\":\"WebPage\",\"@id\":\"https:\/\/gotoclient.com\/it\/servizi\/inbound-marketing-b2b\/\",\"url\":\"https:\/\/gotoclient.com\/it\/servizi\/inbound-marketing-b2b\/\",\"name\":\"Inbound Marketing B2B - Gotoclient\",\"isPartOf\":{\"@id\":\"https:\/\/gotoclient.com\/en\/#website\"},\"primaryImageOfPage\":{\"@id\":\"https:\/\/gotoclient.com\/it\/servizi\/inbound-marketing-b2b\/#primaryimage\"},\"image\":{\"@id\":\"https:\/\/gotoclient.com\/it\/servizi\/inbound-marketing-b2b\/#primaryimage\"},\"thumbnailUrl\":\"https:\/\/gotoclient.com\/wp-content\/uploads\/2020\/07\/inbound-marketing-700x942.jpg\",\"datePublished\":\"2020-07-29T09:38:57+00:00\",\"dateModified\":\"2025-06-30T09:29:21+00:00\",\"description\":\"In qualit\u00e0 di agenzia di inbound marketing B2B generiamo lead di qualit\u00e0 con l'obiettivo di acquisire nuovi clienti. Pi\u00f9 di 10 anni di esperienza.\",\"breadcrumb\":{\"@id\":\"https:\/\/gotoclient.com\/it\/servizi\/inbound-marketing-b2b\/#breadcrumb\"},\"inLanguage\":\"it-IT\",\"potentialAction\":[{\"@type\":\"ReadAction\",\"target\":[\"https:\/\/gotoclient.com\/it\/servizi\/inbound-marketing-b2b\/\"]}]},{\"@type\":\"ImageObject\",\"inLanguage\":\"it-IT\",\"@id\":\"https:\/\/gotoclient.com\/it\/servizi\/inbound-marketing-b2b\/#primaryimage\",\"url\":\"https:\/\/gotoclient.com\/wp-content\/uploads\/2020\/07\/inbound-marketing-700x942.jpg\",\"contentUrl\":\"https:\/\/gotoclient.com\/wp-content\/uploads\/2020\/07\/inbound-marketing-700x942.jpg\"},{\"@type\":\"BreadcrumbList\",\"@id\":\"https:\/\/gotoclient.com\/it\/servizi\/inbound-marketing-b2b\/#breadcrumb\",\"itemListElement\":[{\"@type\":\"ListItem\",\"position\":1,\"name\":\"Home\",\"item\":\"https:\/\/gotoclient.com\/it\/\"},{\"@type\":\"ListItem\",\"position\":2,\"name\":\"Servizi\",\"item\":\"https:\/\/gotoclient.com\/it\/servizi\/\"},{\"@type\":\"ListItem\",\"position\":3,\"name\":\"Inbound Marketing B2B\"}]},{\"@type\":\"WebSite\",\"@id\":\"https:\/\/gotoclient.com\/en\/#website\",\"url\":\"https:\/\/gotoclient.com\/en\/\",\"name\":\"Gotoclient\",\"description\":\"Marketing Agency\",\"publisher\":{\"@id\":\"https:\/\/gotoclient.com\/en\/#organization\"},\"alternateName\":\"GTC\",\"potentialAction\":[{\"@type\":\"SearchAction\",\"target\":{\"@type\":\"EntryPoint\",\"urlTemplate\":\"https:\/\/gotoclient.com\/en\/?s={search_term_string}\"},\"query-input\":{\"@type\":\"PropertyValueSpecification\",\"valueRequired\":true,\"valueName\":\"search_term_string\"}}],\"inLanguage\":\"it-IT\"},{\"@type\":\"Organization\",\"@id\":\"https:\/\/gotoclient.com\/en\/#organization\",\"name\":\"Gotoclient\",\"alternateName\":\"GTC\",\"url\":\"https:\/\/gotoclient.com\/en\/\",\"logo\":{\"@type\":\"ImageObject\",\"inLanguage\":\"it-IT\",\"@id\":\"https:\/\/gotoclient.com\/en\/#\/schema\/logo\/image\/\",\"url\":\"https:\/\/gotoclient.com\/wp-content\/uploads\/2025\/07\/gotoclient_logo_icon.png\",\"contentUrl\":\"https:\/\/gotoclient.com\/wp-content\/uploads\/2025\/07\/gotoclient_logo_icon.png\",\"width\":240,\"height\":266,\"caption\":\"Gotoclient\"},\"image\":{\"@id\":\"https:\/\/gotoclient.com\/en\/#\/schema\/logo\/image\/\"},\"sameAs\":[\"https:\/\/www.instagram.com\/gotoclient\/\",\"https:\/\/www.linkedin.com\/company\/gotoclient\"]},{\"@type\":\"Person\",\"@id\":\"https:\/\/gotoclient.com\/en\/#\/schema\/person\/37760905c24f93e481974fc0165dfb92\",\"name\":\"Guillem Galera\",\"image\":{\"@type\":\"ImageObject\",\"inLanguage\":\"it-IT\",\"@id\":\"https:\/\/gotoclient.com\/en\/#\/schema\/person\/image\/\",\"url\":\"https:\/\/secure.gravatar.com\/avatar\/bd5077db31c4aaf23eb05566e768319a?s=96&d=mm&r=g\",\"contentUrl\":\"https:\/\/secure.gravatar.com\/avatar\/bd5077db31c4aaf23eb05566e768319a?s=96&d=mm&r=g\",\"caption\":\"Guillem Galera\"}}]}<\/script>\n<!-- \/ Yoast SEO plugin. -->","yoast_head_json":{"title":"Inbound Marketing B2B - Gotoclient","description":"In qualit\u00e0 di agenzia di inbound marketing B2B generiamo lead di qualit\u00e0 con l'obiettivo di acquisire nuovi clienti. Pi\u00f9 di 10 anni di esperienza.","robots":{"index":"index","follow":"follow","max-snippet":"max-snippet:-1","max-image-preview":"max-image-preview:large","max-video-preview":"max-video-preview:-1"},"canonical":"https:\/\/gotoclient.com\/it\/servizi\/inbound-marketing-b2b\/","og_locale":"it_IT","og_type":"article","og_title":"Inbound Marketing B2B - Gotoclient","og_description":"In qualit\u00e0 di agenzia di inbound marketing B2B generiamo lead di qualit\u00e0 con l'obiettivo di acquisire nuovi clienti. Pi\u00f9 di 10 anni di esperienza.","og_url":"https:\/\/gotoclient.com\/it\/servizi\/inbound-marketing-b2b\/","og_site_name":"Gotoclient","article_modified_time":"2025-06-30T09:29:21+00:00","og_image":[{"width":817,"height":1100,"url":"https:\/\/gotoclient.com\/wp-content\/uploads\/2020\/07\/inbound-marketing.jpg?wsr","type":"image\/jpeg"}],"twitter_card":"summary_large_image","twitter_misc":{"Est. reading time":"3 minutes"},"schema":{"@context":"https:\/\/schema.org","@graph":[{"@type":"TechArticle","@id":"https:\/\/gotoclient.com\/it\/servizi\/inbound-marketing-b2b\/#article","isPartOf":{"@id":"https:\/\/gotoclient.com\/it\/servizi\/inbound-marketing-b2b\/"},"author":{"name":"Guillem Galera","@id":"https:\/\/gotoclient.com\/en\/#\/schema\/person\/37760905c24f93e481974fc0165dfb92"},"headline":"Inbound Marketing B2B","datePublished":"2020-07-29T09:38:57+00:00","dateModified":"2025-06-30T09:29:21+00:00","mainEntityOfPage":{"@id":"https:\/\/gotoclient.com\/it\/servizi\/inbound-marketing-b2b\/"},"wordCount":486,"publisher":{"@id":"https:\/\/gotoclient.com\/en\/#organization"},"image":{"@id":"https:\/\/gotoclient.com\/it\/servizi\/inbound-marketing-b2b\/#primaryimage"},"thumbnailUrl":"https:\/\/gotoclient.com\/wp-content\/uploads\/2020\/07\/inbound-marketing-700x942.jpg","inLanguage":"it-IT"},{"@type":"WebPage","@id":"https:\/\/gotoclient.com\/it\/servizi\/inbound-marketing-b2b\/","url":"https:\/\/gotoclient.com\/it\/servizi\/inbound-marketing-b2b\/","name":"Inbound Marketing B2B - Gotoclient","isPartOf":{"@id":"https:\/\/gotoclient.com\/en\/#website"},"primaryImageOfPage":{"@id":"https:\/\/gotoclient.com\/it\/servizi\/inbound-marketing-b2b\/#primaryimage"},"image":{"@id":"https:\/\/gotoclient.com\/it\/servizi\/inbound-marketing-b2b\/#primaryimage"},"thumbnailUrl":"https:\/\/gotoclient.com\/wp-content\/uploads\/2020\/07\/inbound-marketing-700x942.jpg","datePublished":"2020-07-29T09:38:57+00:00","dateModified":"2025-06-30T09:29:21+00:00","description":"In qualit\u00e0 di agenzia di inbound marketing B2B generiamo lead di qualit\u00e0 con l'obiettivo di acquisire nuovi clienti. Pi\u00f9 di 10 anni di esperienza.","breadcrumb":{"@id":"https:\/\/gotoclient.com\/it\/servizi\/inbound-marketing-b2b\/#breadcrumb"},"inLanguage":"it-IT","potentialAction":[{"@type":"ReadAction","target":["https:\/\/gotoclient.com\/it\/servizi\/inbound-marketing-b2b\/"]}]},{"@type":"ImageObject","inLanguage":"it-IT","@id":"https:\/\/gotoclient.com\/it\/servizi\/inbound-marketing-b2b\/#primaryimage","url":"https:\/\/gotoclient.com\/wp-content\/uploads\/2020\/07\/inbound-marketing-700x942.jpg","contentUrl":"https:\/\/gotoclient.com\/wp-content\/uploads\/2020\/07\/inbound-marketing-700x942.jpg"},{"@type":"BreadcrumbList","@id":"https:\/\/gotoclient.com\/it\/servizi\/inbound-marketing-b2b\/#breadcrumb","itemListElement":[{"@type":"ListItem","position":1,"name":"Home","item":"https:\/\/gotoclient.com\/it\/"},{"@type":"ListItem","position":2,"name":"Servizi","item":"https:\/\/gotoclient.com\/it\/servizi\/"},{"@type":"ListItem","position":3,"name":"Inbound Marketing B2B"}]},{"@type":"WebSite","@id":"https:\/\/gotoclient.com\/en\/#website","url":"https:\/\/gotoclient.com\/en\/","name":"Gotoclient","description":"Marketing Agency","publisher":{"@id":"https:\/\/gotoclient.com\/en\/#organization"},"alternateName":"GTC","potentialAction":[{"@type":"SearchAction","target":{"@type":"EntryPoint","urlTemplate":"https:\/\/gotoclient.com\/en\/?s={search_term_string}"},"query-input":{"@type":"PropertyValueSpecification","valueRequired":true,"valueName":"search_term_string"}}],"inLanguage":"it-IT"},{"@type":"Organization","@id":"https:\/\/gotoclient.com\/en\/#organization","name":"Gotoclient","alternateName":"GTC","url":"https:\/\/gotoclient.com\/en\/","logo":{"@type":"ImageObject","inLanguage":"it-IT","@id":"https:\/\/gotoclient.com\/en\/#\/schema\/logo\/image\/","url":"https:\/\/gotoclient.com\/wp-content\/uploads\/2025\/07\/gotoclient_logo_icon.png","contentUrl":"https:\/\/gotoclient.com\/wp-content\/uploads\/2025\/07\/gotoclient_logo_icon.png","width":240,"height":266,"caption":"Gotoclient"},"image":{"@id":"https:\/\/gotoclient.com\/en\/#\/schema\/logo\/image\/"},"sameAs":["https:\/\/www.instagram.com\/gotoclient\/","https:\/\/www.linkedin.com\/company\/gotoclient"]},{"@type":"Person","@id":"https:\/\/gotoclient.com\/en\/#\/schema\/person\/37760905c24f93e481974fc0165dfb92","name":"Guillem Galera","image":{"@type":"ImageObject","inLanguage":"it-IT","@id":"https:\/\/gotoclient.com\/en\/#\/schema\/person\/image\/","url":"https:\/\/secure.gravatar.com\/avatar\/bd5077db31c4aaf23eb05566e768319a?s=96&d=mm&r=g","contentUrl":"https:\/\/secure.gravatar.com\/avatar\/bd5077db31c4aaf23eb05566e768319a?s=96&d=mm&r=g","caption":"Guillem Galera"}}]}},"_links":{"self":[{"href":"https:\/\/gotoclient.com\/it\/wp-json\/wp\/v2\/pages\/5513","targetHints":{"allow":["GET"]}}],"collection":[{"href":"https:\/\/gotoclient.com\/it\/wp-json\/wp\/v2\/pages"}],"about":[{"href":"https:\/\/gotoclient.com\/it\/wp-json\/wp\/v2\/types\/page"}],"author":[{"embeddable":true,"href":"https:\/\/gotoclient.com\/it\/wp-json\/wp\/v2\/users\/14"}],"replies":[{"embeddable":true,"href":"https:\/\/gotoclient.com\/it\/wp-json\/wp\/v2\/comments?post=5513"}],"version-history":[{"count":14,"href":"https:\/\/gotoclient.com\/it\/wp-json\/wp\/v2\/pages\/5513\/revisions"}],"predecessor-version":[{"id":19403,"href":"https:\/\/gotoclient.com\/it\/wp-json\/wp\/v2\/pages\/5513\/revisions\/19403"}],"up":[{"embeddable":true,"href":"https:\/\/gotoclient.com\/it\/wp-json\/wp\/v2\/pages\/5477"}],"wp:attachment":[{"href":"https:\/\/gotoclient.com\/it\/wp-json\/wp\/v2\/media?parent=5513"}],"curies":[{"name":"wp","href":"https:\/\/api.w.org\/{rel}","templated":true}]}}